{"id":40686,"date":"2024-11-02T12:59:04","date_gmt":"2024-11-02T12:59:04","guid":{"rendered":"https:\/\/everx.com\/product\/toshiba-viamo-portable-4463\/"},"modified":"2025-01-22T10:27:50","modified_gmt":"2025-01-22T10:27:50","slug":"toshiba-viamo-portable-4463","status":"publish","type":"product","link":"https:\/\/everx.com\/fr\/product\/toshiba-viamo-portable-4463\/","title":{"rendered":"Toshiba Viamo portable 4463"},"content":{"rendered":"<p><span style=\"color: #cb2026;\"><strong>Ce syst\u00e8me est actuellement vendu. Faites-nous savoir si vous recherchez une machine similaire. <\/strong><\/span><\/p>\n<p>\u00c9chographe portable Toshiba Viamo. Fabriqu\u00e9 en 2011. Emplacement actuel : Australie (EX684) 4 sondes. 1.PVT 375 BT Convexe 2.PVT 661VT TVS 3.PLT 1204BT Lin\u00e9aire haute fr\u00e9quence 4.PLT 704ST Lin\u00e9aire basse fr\u00e9quence<\/p>\n","protected":false},"excerpt":{"rendered":"<p>Ce syst\u00e8me est actuellement vendu. Faites-nous savoir si vous recherchez une machine similaire. \u00c9chographe portable Toshiba Viamo. Fabriqu\u00e9 en 2011. Emplacement actuel : Australie (EX684) 4 sondes. 1.PVT 375 BT Convexe 2.PVT 661VT TVS 3.PLT 1204BT Lin\u00e9aire haute fr\u00e9quence 4.PLT 704ST Lin\u00e9aire basse fr\u00e9quence<\/p>\n","protected":false},"featured_media":40687,"comment_status":"open","ping_status":"closed","template":"","meta":{"_acf_changed":false},"product_brand":[],"product_cat":[591],"product_tag":[605,592,589],"class_list":{"0":"post-40686","1":"product","2":"type-product","3":"status-publish","4":"has-post-thumbnail","6":"product_cat-ultrasound-fr","7":"product_tag-toshiba-fr","8":"product_tag-sold-fr","9":"product_tag-australia-fr","10":"product_tag-sold","12":"first","13":"outofstock","14":"shipping-taxable","15":"purchasable","16":"product-type-simple"},"acf":[],"jetpack_sharing_enabled":true,"_links":{"self":[{"href":"https:\/\/everx.com\/fr\/wp-json\/wp\/v2\/product\/40686","targetHints":{"allow":["GET"]}}],"collection":[{"href":"https:\/\/everx.com\/fr\/wp-json\/wp\/v2\/product"}],"about":[{"href":"https:\/\/everx.com\/fr\/wp-json\/wp\/v2\/types\/product"}],"replies":[{"embeddable":true,"href":"https:\/\/everx.com\/fr\/wp-json\/wp\/v2\/comments?post=40686"}],"wp:featuredmedia":[{"embeddable":true,"href":"https:\/\/everx.com\/fr\/wp-json\/wp\/v2\/media\/40687"}],"wp:attachment":[{"href":"https:\/\/everx.com\/fr\/wp-json\/wp\/v2\/media?parent=40686"}],"wp:term":[{"taxonomy":"product_brand","embeddable":true,"href":"https:\/\/everx.com\/fr\/wp-json\/wp\/v2\/product_brand?post=40686"},{"taxonomy":"product_cat","embeddable":true,"href":"https:\/\/everx.com\/fr\/wp-json\/wp\/v2\/product_cat?post=40686"},{"taxonomy":"product_tag","embeddable":true,"href":"https:\/\/everx.com\/fr\/wp-json\/wp\/v2\/product_tag?post=40686"}],"curies":[{"name":"wp","href":"https:\/\/api.w.org\/{rel}","templated":true}]}}