{"id":40583,"date":"2024-11-02T12:59:02","date_gmt":"2024-11-02T12:59:02","guid":{"rendered":"https:\/\/everx.com\/product\/ge-innova-3100-cardio-vascular-4314\/"},"modified":"2025-08-11T06:21:37","modified_gmt":"2025-08-11T06:21:37","slug":"ge-innova-3100-cardio-vascular-4314","status":"publish","type":"product","link":"https:\/\/everx.com\/fr\/product\/ge-innova-3100-cardio-vascular-4314\/","title":{"rendered":"GE Innova 3100 cardio-vasculaire &#8211; 4314"},"content":{"rendered":"<p><strong><span style=\"color: #cb2026;\">Ce produit est maintenant vendu. Faites-nous savoir si vous recherchez un produit similaire. <\/span><\/strong><\/p>\n<p>GE Innova 3100 cardio-vasculaire Cathlab d&rsquo;occasion<\/p>\n<p>Install\u00e9-2004 octobre<\/p>\n<p>Tube \u00e0 rayons X 2004 &#8211; pas de changement.<\/p>\n<p>Changement de d\u00e9tecteur &#8211; avril 2017<\/p>\n<p>EverX Num\u00e9ro de r\u00e9f\u00e9rence : A908<\/p>\n","protected":false},"excerpt":{"rendered":"<p>Ce produit est maintenant vendu. Faites-nous savoir si vous recherchez un produit similaire. GE Innova 3100 cardio-vasculaire Cathlab d&rsquo;occasion Install\u00e9-2004 octobre Tube \u00e0 rayons X 2004 &#8211; pas de changement. Changement de d\u00e9tecteur &#8211; avril 2017 EverX Num\u00e9ro de r\u00e9f\u00e9rence : A908<\/p>\n","protected":false},"featured_media":40584,"comment_status":"open","ping_status":"closed","template":"","meta":{"_acf_changed":false},"product_brand":[],"product_cat":[602],"product_tag":[592,593],"class_list":{"0":"post-40583","1":"product","2":"type-product","3":"status-publish","4":"has-post-thumbnail","6":"product_cat-cath-angio-lab-fr","7":"product_tag-sold-fr","8":"product_tag-ge-fr","9":"pa_sku-4314-fr","10":"product_tag-sold","12":"first","13":"outofstock","14":"shipping-taxable","15":"purchasable","16":"product-type-simple"},"acf":[],"jetpack_sharing_enabled":true,"_links":{"self":[{"href":"https:\/\/everx.com\/fr\/wp-json\/wp\/v2\/product\/40583","targetHints":{"allow":["GET"]}}],"collection":[{"href":"https:\/\/everx.com\/fr\/wp-json\/wp\/v2\/product"}],"about":[{"href":"https:\/\/everx.com\/fr\/wp-json\/wp\/v2\/types\/product"}],"replies":[{"embeddable":true,"href":"https:\/\/everx.com\/fr\/wp-json\/wp\/v2\/comments?post=40583"}],"wp:featuredmedia":[{"embeddable":true,"href":"https:\/\/everx.com\/fr\/wp-json\/wp\/v2\/media\/40584"}],"wp:attachment":[{"href":"https:\/\/everx.com\/fr\/wp-json\/wp\/v2\/media?parent=40583"}],"wp:term":[{"taxonomy":"product_brand","embeddable":true,"href":"https:\/\/everx.com\/fr\/wp-json\/wp\/v2\/product_brand?post=40583"},{"taxonomy":"product_cat","embeddable":true,"href":"https:\/\/everx.com\/fr\/wp-json\/wp\/v2\/product_cat?post=40583"},{"taxonomy":"product_tag","embeddable":true,"href":"https:\/\/everx.com\/fr\/wp-json\/wp\/v2\/product_tag?post=40583"}],"curies":[{"name":"wp","href":"https:\/\/api.w.org\/{rel}","templated":true}]}}