{"id":40079,"date":"2024-11-02T12:58:51","date_gmt":"2024-11-02T12:58:51","guid":{"rendered":"https:\/\/everx.com\/product\/toshiba-infinix-8000d-cathlab-sku4521\/"},"modified":"2025-08-11T05:35:59","modified_gmt":"2025-08-11T05:35:59","slug":"toshiba-infinix-8000d-cathlab-sku4521","status":"publish","type":"product","link":"https:\/\/everx.com\/fr\/product\/toshiba-infinix-8000d-cathlab-sku4521\/","title":{"rendered":"Toshiba Infinix 8000V Cath Lab SKU 4521"},"content":{"rendered":"<p><span style=\"color: #cb2026;\"><strong>Ce syst\u00e8me est actuellement vendu. Faites-nous savoir si vous recherchez un produit similaire. <\/strong><\/span><\/p>\n<p>Toshiba Infinix 8000D<\/p>\n<p>Fabriqu\u00e9: 2009<\/p>\n<p>Comprend le syst\u00e8me h\u00e9modynamique Siemens Senesis<\/p>\n<p>EverX R\u00e9f. EX395 <\/p>\n","protected":false},"excerpt":{"rendered":"<p>Ce syst\u00e8me est actuellement vendu. Faites-nous savoir si vous recherchez un produit similaire. Toshiba Infinix 8000D Fabriqu\u00e9: 2009 Comprend le syst\u00e8me h\u00e9modynamique Siemens Senesis EverX R\u00e9f. EX395<\/p>\n","protected":false},"featured_media":40080,"comment_status":"open","ping_status":"closed","template":"","meta":{"_acf_changed":false},"product_brand":[],"product_cat":[602],"product_tag":[605,592],"class_list":{"0":"post-40079","1":"product","2":"type-product","3":"status-publish","4":"has-post-thumbnail","6":"product_cat-cath-angio-lab-fr","7":"product_tag-toshiba-fr","8":"product_tag-sold-fr","9":"pa_sku-4521-fr","10":"product_tag-sold","12":"first","13":"outofstock","14":"shipping-taxable","15":"purchasable","16":"product-type-simple"},"acf":[],"jetpack_sharing_enabled":true,"_links":{"self":[{"href":"https:\/\/everx.com\/fr\/wp-json\/wp\/v2\/product\/40079","targetHints":{"allow":["GET"]}}],"collection":[{"href":"https:\/\/everx.com\/fr\/wp-json\/wp\/v2\/product"}],"about":[{"href":"https:\/\/everx.com\/fr\/wp-json\/wp\/v2\/types\/product"}],"replies":[{"embeddable":true,"href":"https:\/\/everx.com\/fr\/wp-json\/wp\/v2\/comments?post=40079"}],"wp:featuredmedia":[{"embeddable":true,"href":"https:\/\/everx.com\/fr\/wp-json\/wp\/v2\/media\/40080"}],"wp:attachment":[{"href":"https:\/\/everx.com\/fr\/wp-json\/wp\/v2\/media?parent=40079"}],"wp:term":[{"taxonomy":"product_brand","embeddable":true,"href":"https:\/\/everx.com\/fr\/wp-json\/wp\/v2\/product_brand?post=40079"},{"taxonomy":"product_cat","embeddable":true,"href":"https:\/\/everx.com\/fr\/wp-json\/wp\/v2\/product_cat?post=40079"},{"taxonomy":"product_tag","embeddable":true,"href":"https:\/\/everx.com\/fr\/wp-json\/wp\/v2\/product_tag?post=40079"}],"curies":[{"name":"wp","href":"https:\/\/api.w.org\/{rel}","templated":true}]}}