{"id":39471,"date":"2024-11-02T12:58:44","date_gmt":"2024-11-02T12:58:44","guid":{"rendered":"https:\/\/everx.com\/product\/ge-infinia-hawkeye-iv-4544\/"},"modified":"2025-08-11T12:57:41","modified_gmt":"2025-08-11T12:57:41","slug":"ge-infinia-hawkeye-iv-4544","status":"publish","type":"product","link":"https:\/\/everx.com\/fr\/product\/ge-infinia-hawkeye-iv-4544\/","title":{"rendered":"GE Infinia Hawkeye IV &#8211; 4544"},"content":{"rendered":"<p><span style=\"color: #cb2026;\">Ce syst\u00e8me a \u00e9t\u00e9 vendu. Veuillez nous contacter si vous recherchez quelque chose de similaire. <\/span><\/p>\n<p>Cam\u00e9ra gamma GE Infinia Hawkeye IV<\/p>\n<p>Fabriqu\u00e9 : Ao\u00fbt 2007<\/p>\n<p>Lieu actuel : Australie (EXA1221)<\/p>\n<p>Collimateurs : LEHR, MEGP<\/p>\n<p>Poste de travail : Xeleris 3.1<\/p>\n","protected":false},"excerpt":{"rendered":"<p>Ce syst\u00e8me a \u00e9t\u00e9 vendu. Veuillez nous contacter si vous recherchez quelque chose de similaire. Cam\u00e9ra gamma GE Infinia Hawkeye IV Fabriqu\u00e9 : Ao\u00fbt 2007 Lieu actuel : Australie (EXA1221) Collimateurs : LEHR, MEGP Poste de travail : Xeleris 3.1<\/p>\n","protected":false},"featured_media":39472,"comment_status":"open","ping_status":"closed","template":"","meta":{"_acf_changed":false},"product_brand":[],"product_cat":[588],"product_tag":[595,593,589],"class_list":{"0":"post-39471","1":"product","2":"type-product","3":"status-publish","4":"has-post-thumbnail","6":"product_cat-molecular-imaging-fr","7":"product_tag-available-fr","8":"product_tag-ge-fr","9":"product_tag-australia-fr","11":"first","12":"instock","13":"shipping-taxable","14":"purchasable","15":"product-type-simple"},"acf":[],"jetpack_sharing_enabled":true,"_links":{"self":[{"href":"https:\/\/everx.com\/fr\/wp-json\/wp\/v2\/product\/39471","targetHints":{"allow":["GET"]}}],"collection":[{"href":"https:\/\/everx.com\/fr\/wp-json\/wp\/v2\/product"}],"about":[{"href":"https:\/\/everx.com\/fr\/wp-json\/wp\/v2\/types\/product"}],"replies":[{"embeddable":true,"href":"https:\/\/everx.com\/fr\/wp-json\/wp\/v2\/comments?post=39471"}],"wp:featuredmedia":[{"embeddable":true,"href":"https:\/\/everx.com\/fr\/wp-json\/wp\/v2\/media\/39472"}],"wp:attachment":[{"href":"https:\/\/everx.com\/fr\/wp-json\/wp\/v2\/media?parent=39471"}],"wp:term":[{"taxonomy":"product_brand","embeddable":true,"href":"https:\/\/everx.com\/fr\/wp-json\/wp\/v2\/product_brand?post=39471"},{"taxonomy":"product_cat","embeddable":true,"href":"https:\/\/everx.com\/fr\/wp-json\/wp\/v2\/product_cat?post=39471"},{"taxonomy":"product_tag","embeddable":true,"href":"https:\/\/everx.com\/fr\/wp-json\/wp\/v2\/product_tag?post=39471"}],"curies":[{"name":"wp","href":"https:\/\/api.w.org\/{rel}","templated":true}]}}