{"id":39209,"date":"2024-11-02T12:58:39","date_gmt":"2024-11-02T12:58:39","guid":{"rendered":"https:\/\/everx.com\/product\/toshiba-infinix-biplane-4556\/"},"modified":"2025-08-11T05:24:45","modified_gmt":"2025-08-11T05:24:45","slug":"toshiba-infinix-biplane-4556","status":"publish","type":"product","link":"https:\/\/everx.com\/fr\/product\/toshiba-infinix-biplane-4556\/","title":{"rendered":"Toshiba Infinix Biplane &#8211; 4556"},"content":{"rendered":"<p><span style=\"color: #cb2026;\"><strong>Ce syst\u00e8me est actuellement vendu. Faites-nous savoir si vous recherchez un produit similaire. <\/strong><\/span><\/p>\n<p>Toshiba Infinix Biplan<\/p>\n<p>Fabriqu\u00e9: 2008<\/p>\n<p>Localisation actuelle : Australie (EX947)<\/p>\n<p>Taille du d\u00e9tecteur : 20CM\/\/20CM<\/p>\n<p>1er tube fabriqu\u00e9 : 2012<\/p>\n<p>2er tube fabriqu\u00e9 : 2012<\/p>\n<p>C&rsquo;est un excellent syst\u00e8me<\/p>\n<p>Vient d&rsquo;un h\u00f4pital tr\u00e8s prestigieux de Sydney<\/p>\n","protected":false},"excerpt":{"rendered":"<p>Ce syst\u00e8me est actuellement vendu. Faites-nous savoir si vous recherchez un produit similaire. Toshiba Infinix Biplan Fabriqu\u00e9: 2008 Localisation actuelle : Australie (EX947) Taille du d\u00e9tecteur : 20CM\/\/20CM 1er tube fabriqu\u00e9 : 2012 2er tube fabriqu\u00e9 : 2012 C&rsquo;est un excellent syst\u00e8me Vient d&rsquo;un h\u00f4pital tr\u00e8s prestigieux de Sydney<\/p>\n","protected":false},"featured_media":39210,"comment_status":"open","ping_status":"closed","template":"","meta":{"_acf_changed":false},"product_brand":[],"product_cat":[602],"product_tag":[605,592,589],"class_list":{"0":"post-39209","1":"product","2":"type-product","3":"status-publish","4":"has-post-thumbnail","6":"product_cat-cath-angio-lab-fr","7":"product_tag-toshiba-fr","8":"product_tag-sold-fr","9":"product_tag-australia-fr","10":"pa_sku-4556-fr","11":"product_tag-sold","13":"first","14":"outofstock","15":"shipping-taxable","16":"purchasable","17":"product-type-simple"},"acf":[],"jetpack_sharing_enabled":true,"_links":{"self":[{"href":"https:\/\/everx.com\/fr\/wp-json\/wp\/v2\/product\/39209","targetHints":{"allow":["GET"]}}],"collection":[{"href":"https:\/\/everx.com\/fr\/wp-json\/wp\/v2\/product"}],"about":[{"href":"https:\/\/everx.com\/fr\/wp-json\/wp\/v2\/types\/product"}],"replies":[{"embeddable":true,"href":"https:\/\/everx.com\/fr\/wp-json\/wp\/v2\/comments?post=39209"}],"wp:featuredmedia":[{"embeddable":true,"href":"https:\/\/everx.com\/fr\/wp-json\/wp\/v2\/media\/39210"}],"wp:attachment":[{"href":"https:\/\/everx.com\/fr\/wp-json\/wp\/v2\/media?parent=39209"}],"wp:term":[{"taxonomy":"product_brand","embeddable":true,"href":"https:\/\/everx.com\/fr\/wp-json\/wp\/v2\/product_brand?post=39209"},{"taxonomy":"product_cat","embeddable":true,"href":"https:\/\/everx.com\/fr\/wp-json\/wp\/v2\/product_cat?post=39209"},{"taxonomy":"product_tag","embeddable":true,"href":"https:\/\/everx.com\/fr\/wp-json\/wp\/v2\/product_tag?post=39209"}],"curies":[{"name":"wp","href":"https:\/\/api.w.org\/{rel}","templated":true}]}}