{"id":39160,"date":"2024-11-02T12:58:38","date_gmt":"2024-11-02T12:58:38","guid":{"rendered":"https:\/\/everx.com\/product\/ge-innova-2100iq-4561\/"},"modified":"2025-08-11T05:06:27","modified_gmt":"2025-08-11T05:06:27","slug":"ge-innova-2100iq-4561","status":"publish","type":"product","link":"https:\/\/everx.com\/fr\/product\/ge-innova-2100iq-4561\/","title":{"rendered":"GE Innova 2100IQ &#8211; 4561"},"content":{"rendered":"<p><strong><span style=\"color: #cb2026;\">Ce syst\u00e8me est maintenant vendu. Faites-nous savoir si vous recherchez un produit similaire. <\/span><\/strong><\/p>\n<p>Laboratoire de cath\u00e9t\u00e9risme cardiaque GE Innova 2100IQ d&rsquo;occasion<\/p>\n<p>Fabriqu\u00e9 : 2006<\/p>\n<p>Emplacement actuel &#8211; Australie (EX1267)<\/p>\n<p>Tube fabriqu\u00e9 : 2018<\/p>\n<p>D\u00e9tecteur fabriqu\u00e9 : 2010<\/p>\n<p>Options:<\/p>\n<p>Navigateur InRoom, \u00e9cran tactile InnovaCentral, Fluoro Store, contour du patient, table motoris\u00e9e, analyse de st\u00e9nose, analyse du ventricule gauche, DSA, Spin, Innova Chase, Innova 3D, Sub 3D, Innova CT, Stent Viz, InRoom SA, ECG, Fast Link, \u00e9talonnage augment\u00e9<\/p>\n","protected":false},"excerpt":{"rendered":"<p>Ce syst\u00e8me est maintenant vendu. Faites-nous savoir si vous recherchez un produit similaire. Laboratoire de cath\u00e9t\u00e9risme cardiaque GE Innova 2100IQ d&rsquo;occasion Fabriqu\u00e9 : 2006 Emplacement actuel &#8211; Australie (EX1267) Tube fabriqu\u00e9 : 2018 D\u00e9tecteur fabriqu\u00e9 : 2010 Options: Navigateur InRoom, \u00e9cran tactile InnovaCentral, Fluoro Store, contour du patient, table motoris\u00e9e, analyse de st\u00e9nose, analyse du [&hellip;]<\/p>\n","protected":false},"featured_media":39161,"comment_status":"open","ping_status":"closed","template":"","meta":{"_acf_changed":false},"product_brand":[],"product_cat":[602],"product_tag":[592,593,589],"class_list":{"0":"post-39160","1":"product","2":"type-product","3":"status-publish","4":"has-post-thumbnail","6":"product_cat-cath-angio-lab-fr","7":"product_tag-sold-fr","8":"product_tag-ge-fr","9":"product_tag-australia-fr","10":"pa_sku-4561-fr","11":"product_tag-sold","13":"first","14":"outofstock","15":"shipping-taxable","16":"purchasable","17":"product-type-simple"},"acf":[],"jetpack_sharing_enabled":true,"_links":{"self":[{"href":"https:\/\/everx.com\/fr\/wp-json\/wp\/v2\/product\/39160","targetHints":{"allow":["GET"]}}],"collection":[{"href":"https:\/\/everx.com\/fr\/wp-json\/wp\/v2\/product"}],"about":[{"href":"https:\/\/everx.com\/fr\/wp-json\/wp\/v2\/types\/product"}],"replies":[{"embeddable":true,"href":"https:\/\/everx.com\/fr\/wp-json\/wp\/v2\/comments?post=39160"}],"wp:featuredmedia":[{"embeddable":true,"href":"https:\/\/everx.com\/fr\/wp-json\/wp\/v2\/media\/39161"}],"wp:attachment":[{"href":"https:\/\/everx.com\/fr\/wp-json\/wp\/v2\/media?parent=39160"}],"wp:term":[{"taxonomy":"product_brand","embeddable":true,"href":"https:\/\/everx.com\/fr\/wp-json\/wp\/v2\/product_brand?post=39160"},{"taxonomy":"product_cat","embeddable":true,"href":"https:\/\/everx.com\/fr\/wp-json\/wp\/v2\/product_cat?post=39160"},{"taxonomy":"product_tag","embeddable":true,"href":"https:\/\/everx.com\/fr\/wp-json\/wp\/v2\/product_tag?post=39160"}],"curies":[{"name":"wp","href":"https:\/\/api.w.org\/{rel}","templated":true}]}}