{"id":38804,"date":"2024-11-02T12:58:25","date_gmt":"2024-11-02T12:58:25","guid":{"rendered":"https:\/\/everx.com\/product\/siemens-artis-zee-biplane-ex1697\/"},"modified":"2025-08-08T12:08:04","modified_gmt":"2025-08-08T12:08:04","slug":"siemens-artis-zee-biplane-ex1697","status":"publish","type":"product","link":"https:\/\/everx.com\/fr\/product\/siemens-artis-zee-biplane-ex1697\/","title":{"rendered":"Biplan Siemens Artis ZEE &#8211; EX1697"},"content":{"rendered":"<p><span style=\"color: #cb2026;\">This is system is now sold. Please let us know if you are looking for similar product. <\/span><\/p>\n<p>Laboratoire de cath\u00e9t\u00e9risme cardiaque biplan Siemens Artis ZEE<\/p>\n<p>Fabriqu\u00e9 : 2010<\/p>\n<p>Tube 1 Fabriqu\u00e9 : 2018<\/p>\n<p>Tube 2 Fabriqu\u00e9 : 2018<\/p>\n<p>Options : ARCHIVE_CDR, ZOOM_NUM\u00c9RIQUE, BOUCLE_FLUORO, DR, OBTENIR_LISTE_TRAVAIL, ACQ_HAUTE_VITESSE, SOINS_DFP, STOCKAGE_EXT_3, ENREGISTREMENT_ECG, ECG_GATED_FLUORO, LVA, CARTE_AUTO, PROFIL_SOINS, POSITION_SOINS, STOCKAGE_DICOM, STOCKAGE_DICOM, RETRAIT_REQUETE_DICOM, DYNAVISION, ACQ_CARTE, ACQ_DSA, QUANT_QVA, IMPRIMANTE_PAPIER_FIL, FILM_VFS, DR_DYNA, ACqu_3D_Artis, Acqu_Carte_3D_Artis, LICENCE_G\u00c9N\u00c9RALE_SYNGO, STENT_IC, MR_Support_i, MONITEUR_SOINS<\/p>\n","protected":false},"excerpt":{"rendered":"<p>This is system is now sold. Please let us know if you are looking for similar product. Laboratoire de cath\u00e9t\u00e9risme cardiaque biplan Siemens Artis ZEE Fabriqu\u00e9 : 2010 Tube 1 Fabriqu\u00e9 : 2018 Tube 2 Fabriqu\u00e9 : 2018 Options : ARCHIVE_CDR, ZOOM_NUM\u00c9RIQUE, BOUCLE_FLUORO, DR, OBTENIR_LISTE_TRAVAIL, ACQ_HAUTE_VITESSE, SOINS_DFP, STOCKAGE_EXT_3, ENREGISTREMENT_ECG, ECG_GATED_FLUORO, LVA, CARTE_AUTO, PROFIL_SOINS, POSITION_SOINS, STOCKAGE_DICOM, [&hellip;]<\/p>\n","protected":false},"featured_media":38805,"comment_status":"open","ping_status":"closed","template":"","meta":{"_acf_changed":false},"product_brand":[],"product_cat":[602],"product_tag":[592,586],"class_list":{"0":"post-38804","1":"product","2":"type-product","3":"status-publish","4":"has-post-thumbnail","6":"product_cat-cath-angio-lab-fr","7":"product_tag-sold-fr","8":"product_tag-siemens-fr","9":"pa_sku-1697-fr","10":"product_tag-sold","12":"first","13":"outofstock","14":"shipping-taxable","15":"purchasable","16":"product-type-simple"},"acf":[],"jetpack_sharing_enabled":true,"_links":{"self":[{"href":"https:\/\/everx.com\/fr\/wp-json\/wp\/v2\/product\/38804","targetHints":{"allow":["GET"]}}],"collection":[{"href":"https:\/\/everx.com\/fr\/wp-json\/wp\/v2\/product"}],"about":[{"href":"https:\/\/everx.com\/fr\/wp-json\/wp\/v2\/types\/product"}],"replies":[{"embeddable":true,"href":"https:\/\/everx.com\/fr\/wp-json\/wp\/v2\/comments?post=38804"}],"wp:featuredmedia":[{"embeddable":true,"href":"https:\/\/everx.com\/fr\/wp-json\/wp\/v2\/media\/38805"}],"wp:attachment":[{"href":"https:\/\/everx.com\/fr\/wp-json\/wp\/v2\/media?parent=38804"}],"wp:term":[{"taxonomy":"product_brand","embeddable":true,"href":"https:\/\/everx.com\/fr\/wp-json\/wp\/v2\/product_brand?post=38804"},{"taxonomy":"product_cat","embeddable":true,"href":"https:\/\/everx.com\/fr\/wp-json\/wp\/v2\/product_cat?post=38804"},{"taxonomy":"product_tag","embeddable":true,"href":"https:\/\/everx.com\/fr\/wp-json\/wp\/v2\/product_tag?post=38804"}],"curies":[{"name":"wp","href":"https:\/\/api.w.org\/{rel}","templated":true}]}}