{"id":53787,"date":"2024-11-02T12:57:14","date_gmt":"2024-11-02T12:57:14","guid":{"rendered":"https:\/\/everx.com\/shop-2\/sin%20categor\u00eda\/hitachi-airis-vento-lt-nexj700\/"},"modified":"2025-08-18T11:47:06","modified_gmt":"2025-08-18T11:47:06","slug":"hitachi-airis-vento-lt-nexj700","status":"publish","type":"product","link":"https:\/\/everx.com\/es\/product\/hitachi-airis-vento-lt-nexj700\/","title":{"rendered":"Hitachi Airis Vento LT NEXJ700"},"content":{"rendered":"<p>IRM Hitachi Airis Vento LT<\/p>\n<p>A\u00d1O : 2012<\/p>\n<p>Bobinas: Bobina cuerpo L, Bobina cuerpo M, Bobina articulaci\u00f3n L, Bobina articulaci\u00f3n M, Bobina cabeza, Bobina rodilla<\/p>\n<p><span style=\"color: #cb2026;\"><strong>El sistema sigue instalado y estar\u00e1 disponible en abril. <\/strong><\/span><\/p>\n\n<p><\/p>\n","protected":false},"excerpt":{"rendered":"<p>IRM Hitachi Airis Vento LT A\u00d1O : 2012 Bobinas: Bobina cuerpo L, Bobina cuerpo M, Bobina articulaci\u00f3n L, Bobina articulaci\u00f3n M, Bobina cabeza, Bobina rodilla El sistema sigue instalado y estar\u00e1 disponible en abril.<\/p>\n","protected":false},"featured_media":24144,"comment_status":"open","ping_status":"closed","template":"","meta":{"_acf_changed":false},"product_brand":[],"product_cat":[156],"product_tag":[],"class_list":{"0":"post-53787","1":"product","2":"type-product","3":"status-publish","4":"has-post-thumbnail","6":"product_cat-ct-es","8":"first","9":"onbackorder","10":"shipping-taxable","11":"purchasable","12":"product-type-simple"},"acf":[],"jetpack_sharing_enabled":true,"_links":{"self":[{"href":"https:\/\/everx.com\/es\/wp-json\/wp\/v2\/product\/53787","targetHints":{"allow":["GET"]}}],"collection":[{"href":"https:\/\/everx.com\/es\/wp-json\/wp\/v2\/product"}],"about":[{"href":"https:\/\/everx.com\/es\/wp-json\/wp\/v2\/types\/product"}],"replies":[{"embeddable":true,"href":"https:\/\/everx.com\/es\/wp-json\/wp\/v2\/comments?post=53787"}],"wp:featuredmedia":[{"embeddable":true,"href":"https:\/\/everx.com\/es\/wp-json\/wp\/v2\/media\/24144"}],"wp:attachment":[{"href":"https:\/\/everx.com\/es\/wp-json\/wp\/v2\/media?parent=53787"}],"wp:term":[{"taxonomy":"product_brand","embeddable":true,"href":"https:\/\/everx.com\/es\/wp-json\/wp\/v2\/product_brand?post=53787"},{"taxonomy":"product_cat","embeddable":true,"href":"https:\/\/everx.com\/es\/wp-json\/wp\/v2\/product_cat?post=53787"},{"taxonomy":"product_tag","embeddable":true,"href":"https:\/\/everx.com\/es\/wp-json\/wp\/v2\/product_tag?post=53787"}],"curies":[{"name":"wp","href":"https:\/\/api.w.org\/{rel}","templated":true}]}}