{"id":53762,"date":"2024-11-02T12:57:39","date_gmt":"2024-11-02T12:57:39","guid":{"rendered":"https:\/\/everx.com\/shop-2\/sin categor\u00eda\/ge-discovery-750hd-actualizado-a-gsi-nex106\/"},"modified":"2024-11-02T12:57:39","modified_gmt":"2024-11-02T12:57:39","slug":"ge-discovery-750hd-actualizado-a-gsi-nex106","status":"publish","type":"product","link":"https:\/\/everx.com\/es\/product\/ge-discovery-750hd-actualizado-a-gsi-nex106\/","title":{"rendered":"GE Discovery 750HD Actualizado a GSI &#8211; NEX106"},"content":{"rendered":"<p><span style=\"color: #cb2026;\">Este sistema ya se vendi\u00f3. Si busca algo similar, cont\u00e1ctenos.  <\/span><\/p>\n<p>GE Discovery 750HD Actualizado a GSI<\/p>\n<p>Fabricado: Dic 2010<\/p>\n<p>Ubicaci\u00f3n actual : Jap\u00f3n (NEX106)<\/p>\n<p>Tipo de tubo:Performix_HD_Plus<\/p>\n<p><span style=\"color: #cb2026;\"><strong>Tubo Sustituido: Agosto 2021<\/strong><\/span><\/p>\n<p>Corriente Tubo mAs:48600395<\/p>\n<p>Opciones: mA Porfile, ASiR-V, Reconocimiento iterativo Vero, VolumeViewer, HD_Smart MAR, Alta resoluci\u00f3n, Reconocimiento solapado &#8211; Axial, HelicalShuttle, NoiseReductionFilter, GemStone Spectral Imaging, GSI mejorado, Sub-0.4 segundos, Inyector Xtream mejorado, SmartScore Pro, CardIQ SnapShot, CardIQSnapShot-Cine, Visor de electrocardiogramas, SnapShor Assist, SnapShotAssist Temporal Enhance, AutoBone_Xpress, GSI SnapShot Pulse<\/p>\n<p>Sistema disponible inmediatamente<\/p>\n","protected":false},"excerpt":{"rendered":"<p>Este sistema ya se vendi\u00f3. Si busca algo similar, cont\u00e1ctenos. GE Discovery 750HD Actualizado a GSI Fabricado: Dic 2010 Ubicaci\u00f3n actual : Jap\u00f3n (NEX106) Tipo de tubo:Performix_HD_Plus Tubo Sustituido: Agosto 2021 Corriente Tubo mAs:48600395 Opciones: mA Porfile, ASiR-V, Reconocimiento iterativo Vero, VolumeViewer, HD_Smart MAR, Alta resoluci\u00f3n, Reconocimiento solapado &#8211; Axial, HelicalShuttle, NoiseReductionFilter, GemStone Spectral Imaging, [&hellip;]<\/p>\n","protected":false},"featured_media":37354,"comment_status":"open","ping_status":"closed","template":"","meta":{"_acf_changed":false},"product_brand":[],"product_cat":[156],"product_tag":[239,508,486],"class_list":{"0":"post-53762","1":"product","2":"type-product","3":"status-publish","4":"has-post-thumbnail","6":"product_cat-ct-es","7":"product_tag-ge-es","8":"product_tag-japon","9":"product_tag-vendido","10":"pa_sku-nex106-es","12":"first","13":"outofstock","14":"shipping-taxable","15":"purchasable","16":"product-type-simple"},"acf":[],"jetpack_sharing_enabled":true,"_links":{"self":[{"href":"https:\/\/everx.com\/es\/wp-json\/wp\/v2\/product\/53762","targetHints":{"allow":["GET"]}}],"collection":[{"href":"https:\/\/everx.com\/es\/wp-json\/wp\/v2\/product"}],"about":[{"href":"https:\/\/everx.com\/es\/wp-json\/wp\/v2\/types\/product"}],"replies":[{"embeddable":true,"href":"https:\/\/everx.com\/es\/wp-json\/wp\/v2\/comments?post=53762"}],"wp:featuredmedia":[{"embeddable":true,"href":"https:\/\/everx.com\/es\/wp-json\/wp\/v2\/media\/37354"}],"wp:attachment":[{"href":"https:\/\/everx.com\/es\/wp-json\/wp\/v2\/media?parent=53762"}],"wp:term":[{"taxonomy":"product_brand","embeddable":true,"href":"https:\/\/everx.com\/es\/wp-json\/wp\/v2\/product_brand?post=53762"},{"taxonomy":"product_cat","embeddable":true,"href":"https:\/\/everx.com\/es\/wp-json\/wp\/v2\/product_cat?post=53762"},{"taxonomy":"product_tag","embeddable":true,"href":"https:\/\/everx.com\/es\/wp-json\/wp\/v2\/product_tag?post=53762"}],"curies":[{"name":"wp","href":"https:\/\/api.w.org\/{rel}","templated":true}]}}