{"id":53760,"date":"2024-11-02T12:57:39","date_gmt":"2024-11-02T12:57:39","guid":{"rendered":"https:\/\/everx.com\/shop-2\/sin categor\u00eda\/ge-brightspeed-16-nex99\/"},"modified":"2024-11-02T12:57:39","modified_gmt":"2024-11-02T12:57:39","slug":"ge-brightspeed-16-nex99","status":"publish","type":"product","link":"https:\/\/everx.com\/es\/product\/ge-brightspeed-16-nex99\/","title":{"rendered":"GE Brightspeed 16 &#8211; NEX99"},"content":{"rendered":"<p><span style=\"color: #cb2026;\"><strong>Este sistema ya se ha vendido. Av\u00edsanos si buscas un producto similar. <\/strong><\/span><\/p>\n<p>Esc\u00e1ner TC GE Brightspeed 16<\/p>\n<p>Fabricada: 2009<\/p>\n<p>Ubicaci\u00f3n actual : Jap\u00f3n (NEX99)<\/p>\n<p>Tipo de tubo: Solarix<\/p>\n<p>Tubo Sustituido: Ago 2021<\/p>\n<p>mAs del tubo de corriente 13 millones de mAs<\/p>\n<p>Opciones: Smart Prep, Paciente-16-cortes, AutomA, Direct-3D, Direct-MPR, Inclinaci\u00f3n helicoidal, Serie de im\u00e1genes 3000, Exportaci\u00f3n de datos, CopyComposer, NeuroFilter, VolumeViewer, Helical-120-Sec, Lite-Power350, AutoBone, EnhancedRecon, Connect Pro<\/p>\n","protected":false},"excerpt":{"rendered":"<p>Este sistema ya se ha vendido. Av\u00edsanos si buscas un producto similar. Esc\u00e1ner TC GE Brightspeed 16 Fabricada: 2009 Ubicaci\u00f3n actual : Jap\u00f3n (NEX99) Tipo de tubo: Solarix Tubo Sustituido: Ago 2021 mAs del tubo de corriente 13 millones de mAs Opciones: Smart Prep, Paciente-16-cortes, AutomA, Direct-3D, Direct-MPR, Inclinaci\u00f3n helicoidal, Serie de im\u00e1genes 3000, Exportaci\u00f3n [&hellip;]<\/p>\n","protected":false},"featured_media":37295,"comment_status":"open","ping_status":"closed","template":"","meta":{"_acf_changed":false},"product_brand":[],"product_cat":[156],"product_tag":[239,508,486],"class_list":{"0":"post-53760","1":"product","2":"type-product","3":"status-publish","4":"has-post-thumbnail","6":"product_cat-ct-es","7":"product_tag-ge-es","8":"product_tag-japon","9":"product_tag-vendido","10":"pa_sku-nex99-es","12":"first","13":"outofstock","14":"shipping-taxable","15":"purchasable","16":"product-type-simple"},"acf":[],"jetpack_sharing_enabled":true,"_links":{"self":[{"href":"https:\/\/everx.com\/es\/wp-json\/wp\/v2\/product\/53760","targetHints":{"allow":["GET"]}}],"collection":[{"href":"https:\/\/everx.com\/es\/wp-json\/wp\/v2\/product"}],"about":[{"href":"https:\/\/everx.com\/es\/wp-json\/wp\/v2\/types\/product"}],"replies":[{"embeddable":true,"href":"https:\/\/everx.com\/es\/wp-json\/wp\/v2\/comments?post=53760"}],"wp:featuredmedia":[{"embeddable":true,"href":"https:\/\/everx.com\/es\/wp-json\/wp\/v2\/media\/37295"}],"wp:attachment":[{"href":"https:\/\/everx.com\/es\/wp-json\/wp\/v2\/media?parent=53760"}],"wp:term":[{"taxonomy":"product_brand","embeddable":true,"href":"https:\/\/everx.com\/es\/wp-json\/wp\/v2\/product_brand?post=53760"},{"taxonomy":"product_cat","embeddable":true,"href":"https:\/\/everx.com\/es\/wp-json\/wp\/v2\/product_cat?post=53760"},{"taxonomy":"product_tag","embeddable":true,"href":"https:\/\/everx.com\/es\/wp-json\/wp\/v2\/product_tag?post=53760"}],"curies":[{"name":"wp","href":"https:\/\/api.w.org\/{rel}","templated":true}]}}