{"id":53755,"date":"2024-11-02T12:57:49","date_gmt":"2024-11-02T12:57:49","guid":{"rendered":"https:\/\/everx.com\/shop-2\/sin categor\u00eda\/siemens-somatom-tc-abierto-nex89\/"},"modified":"2024-11-02T12:57:49","modified_gmt":"2024-11-02T12:57:49","slug":"siemens-somatom-tc-abierto-nex89","status":"publish","type":"product","link":"https:\/\/everx.com\/es\/product\/siemens-somatom-tc-abierto-nex89\/","title":{"rendered":"Siemens Somatom TC abierto &#8211; NEX89"},"content":{"rendered":"<p><strong><span style=\"color: #cb2026;\">Este sistema ya se ha vendido. Av\u00edsanos si buscas un producto similar. <\/span><\/strong><\/p>\n<p>Tom\u00f3grafo Siemens Somatom Open 40 &#8211; con tubo casi nuevo<\/p>\n<p>S. N\u00ba 49606<\/p>\n<p>Fabricado: Octubre 2009<\/p>\n<p>Ubicaci\u00f3n actual : EEUU (NEX89)<\/p>\n<p>Tipo de tubo: Straton O (Marca de junio de 2020)<\/p>\n<p>Segundos de exploraci\u00f3n del tubo 12,200<\/p>\n<p>\u00daltimo cambio de tubo: 10 de abril de 2021<\/p>\n<p>Torre IRSmx2,<\/p>\n<p>ICS Torre 10B<\/p>\n<p>Software Ver: VB42B<\/p>\n<p>Opciones instaladas: GET_WORKLIST, CAP3D_FILTER_SSD, CAP3D_FILTER_MIP, CAP3D_MAIN, CAP3D_VOIMODE, BOLUS_TRACK, CARE_DOSE, SYNGO_GENERAL_LICENSE, CAP3D_FILTER_ VRT, CAP3D_EDITOR, HIGH_SPEED, POWER_TUBE, MPPS_SUPPORT, VOLUME_WORKFLOW, EXTENDED_FOV, RESPIRATORY_RETRO, RESPIRATORY_PRO HI_RES, SENSATION OPEN, CAP3D_BONEREMOVAL, DICOM_SR_VIEWER, MR_Support_i<\/p>\n","protected":false},"excerpt":{"rendered":"<p>Este sistema ya se ha vendido. Av\u00edsanos si buscas un producto similar. Tom\u00f3grafo Siemens Somatom Open 40 &#8211; con tubo casi nuevo S. N\u00ba 49606 Fabricado: Octubre 2009 Ubicaci\u00f3n actual : EEUU (NEX89) Tipo de tubo: Straton O (Marca de junio de 2020) Segundos de exploraci\u00f3n del tubo 12,200 \u00daltimo cambio de tubo: 10 de [&hellip;]<\/p>\n","protected":false},"featured_media":36382,"comment_status":"open","ping_status":"closed","template":"","meta":{"_acf_changed":false},"product_brand":[],"product_cat":[156],"product_tag":[496,523,486],"class_list":{"0":"post-53755","1":"product","2":"type-product","3":"status-publish","4":"has-post-thumbnail","6":"product_cat-ct-es","7":"product_tag-ee-uu","8":"product_tag-siemens-es","9":"product_tag-vendido","10":"pa_sku-nex89-es","12":"first","13":"outofstock","14":"shipping-taxable","15":"purchasable","16":"product-type-simple"},"acf":[],"jetpack_sharing_enabled":true,"_links":{"self":[{"href":"https:\/\/everx.com\/es\/wp-json\/wp\/v2\/product\/53755","targetHints":{"allow":["GET"]}}],"collection":[{"href":"https:\/\/everx.com\/es\/wp-json\/wp\/v2\/product"}],"about":[{"href":"https:\/\/everx.com\/es\/wp-json\/wp\/v2\/types\/product"}],"replies":[{"embeddable":true,"href":"https:\/\/everx.com\/es\/wp-json\/wp\/v2\/comments?post=53755"}],"wp:featuredmedia":[{"embeddable":true,"href":"https:\/\/everx.com\/es\/wp-json\/wp\/v2\/media\/36382"}],"wp:attachment":[{"href":"https:\/\/everx.com\/es\/wp-json\/wp\/v2\/media?parent=53755"}],"wp:term":[{"taxonomy":"product_brand","embeddable":true,"href":"https:\/\/everx.com\/es\/wp-json\/wp\/v2\/product_brand?post=53755"},{"taxonomy":"product_cat","embeddable":true,"href":"https:\/\/everx.com\/es\/wp-json\/wp\/v2\/product_cat?post=53755"},{"taxonomy":"product_tag","embeddable":true,"href":"https:\/\/everx.com\/es\/wp-json\/wp\/v2\/product_tag?post=53755"}],"curies":[{"name":"wp","href":"https:\/\/api.w.org\/{rel}","templated":true}]}}