{"id":53707,"date":"2024-11-02T12:57:13","date_gmt":"2024-11-02T12:57:13","guid":{"rendered":"https:\/\/everx.com\/shop-2\/sin categor\u00eda\/ge-brightspeed-16-rebanadas-nexj701\/"},"modified":"2024-11-02T12:57:13","modified_gmt":"2024-11-02T12:57:13","slug":"ge-brightspeed-16-rebanadas-nexj701","status":"publish","type":"product","link":"https:\/\/everx.com\/es\/product\/ge-brightspeed-16-rebanadas-nexj701\/","title":{"rendered":"GE Brightspeed 16 rebanadas NEXJ701"},"content":{"rendered":"<p>TC GE Brightspeed de 16 cortes<\/p>\n<p>Fabricado: marzo de 2013<\/p>\n<p>Ubicaci\u00f3n: Jap\u00f3n (NEXJ701)<\/p>\n<p>Tipo de tubo: Solarix<\/p>\n<p>Tubo reemplazado: diciembre de 2021<\/p>\n<p>mAs del tubo: 32 millones de mAs<\/p>\n<p>Opciones: Helicoidal de 120 segundos, Lite-Power350, Smart Prep, Paciente de 16 cortes, AutomA, Direct-3D, Direct-MPR, Inclinaci\u00f3n helicoidal, Serie de 3000 im\u00e1genes, Exportaci\u00f3n de datos, CopyComposer, EnhancedRecon, VolumeViewer, AutoBone, ASIR, Connect Pro<\/p>\n","protected":false},"excerpt":{"rendered":"<p>TC GE Brightspeed de 16 cortes Fabricado: marzo de 2013 Ubicaci\u00f3n: Jap\u00f3n (NEXJ701) Tipo de tubo: Solarix Tubo reemplazado: diciembre de 2021 mAs del tubo: 32 millones de mAs Opciones: Helicoidal de 120 segundos, Lite-Power350, Smart Prep, Paciente de 16 cortes, AutomA, Direct-3D, Direct-MPR, Inclinaci\u00f3n helicoidal, Serie de 3000 im\u00e1genes, Exportaci\u00f3n de datos, CopyComposer, EnhancedRecon, [&hellip;]<\/p>\n","protected":false},"featured_media":24358,"comment_status":"open","ping_status":"closed","template":"","meta":{"_acf_changed":false},"product_brand":[],"product_cat":[156],"product_tag":[239,508,486],"class_list":{"0":"post-53707","1":"product","2":"type-product","3":"status-publish","4":"has-post-thumbnail","6":"product_cat-ct-es","7":"product_tag-ge-es","8":"product_tag-japon","9":"product_tag-vendido","10":"pa_sku-nexj701-es","12":"first","13":"outofstock","14":"shipping-taxable","15":"purchasable","16":"product-type-simple"},"acf":[],"jetpack_sharing_enabled":true,"_links":{"self":[{"href":"https:\/\/everx.com\/es\/wp-json\/wp\/v2\/product\/53707","targetHints":{"allow":["GET"]}}],"collection":[{"href":"https:\/\/everx.com\/es\/wp-json\/wp\/v2\/product"}],"about":[{"href":"https:\/\/everx.com\/es\/wp-json\/wp\/v2\/types\/product"}],"replies":[{"embeddable":true,"href":"https:\/\/everx.com\/es\/wp-json\/wp\/v2\/comments?post=53707"}],"wp:featuredmedia":[{"embeddable":true,"href":"https:\/\/everx.com\/es\/wp-json\/wp\/v2\/media\/24358"}],"wp:attachment":[{"href":"https:\/\/everx.com\/es\/wp-json\/wp\/v2\/media?parent=53707"}],"wp:term":[{"taxonomy":"product_brand","embeddable":true,"href":"https:\/\/everx.com\/es\/wp-json\/wp\/v2\/product_brand?post=53707"},{"taxonomy":"product_cat","embeddable":true,"href":"https:\/\/everx.com\/es\/wp-json\/wp\/v2\/product_cat?post=53707"},{"taxonomy":"product_tag","embeddable":true,"href":"https:\/\/everx.com\/es\/wp-json\/wp\/v2\/product_tag?post=53707"}],"curies":[{"name":"wp","href":"https:\/\/api.w.org\/{rel}","templated":true}]}}