{"id":53674,"date":"2024-11-02T12:57:16","date_gmt":"2024-11-02T12:57:16","guid":{"rendered":"https:\/\/everx.com\/shop-2\/sin categor\u00eda\/ge-logiq-p5-ex3075\/"},"modified":"2024-11-02T12:57:16","modified_gmt":"2024-11-02T12:57:16","slug":"ge-logiq-p5-ex3075","status":"publish","type":"product","link":"https:\/\/everx.com\/es\/product\/ge-logiq-p5-ex3075\/","title":{"rendered":"GE Logiq P5 EX3075"},"content":{"rendered":"<p><span style=\"color: #cb2026;\">Este producto se ha vendido. Ponte en contacto con nosotros si buscas algo similar.   <\/span><\/p>\n<p>GE Logia P5<\/p>\n<p>Fabricado: octubre de 2012<\/p>\n<p>Ubicaci\u00f3n: Australia (EX3075)<\/p>\n<p>N\u00famero de serie: 196523SU5<\/p>\n<p>Versi\u00f3n del software: R4.0.5<\/p>\n<p>Opciones instaladas: B\u00e1sica, Dicom, CrossBeam, SRI<\/p>\n<p>Elecci\u00f3n de sondas: 4C, 9L, 3Sp<\/p>\n","protected":false},"excerpt":{"rendered":"<p>Este producto se ha vendido. Ponte en contacto con nosotros si buscas algo similar. GE Logia P5 Fabricado: octubre de 2012 Ubicaci\u00f3n: Australia (EX3075) N\u00famero de serie: 196523SU5 Versi\u00f3n del software: R4.0.5 Opciones instaladas: B\u00e1sica, Dicom, CrossBeam, SRI Elecci\u00f3n de sondas: 4C, 9L, 3Sp<\/p>\n","protected":false},"featured_media":23876,"comment_status":"open","ping_status":"closed","template":"","meta":{"_acf_changed":false},"product_brand":[],"product_cat":[158],"product_tag":[237,239,486],"class_list":{"0":"post-53674","1":"product","2":"type-product","3":"status-publish","4":"has-post-thumbnail","6":"product_cat-ecografia","7":"product_tag-australia-es","8":"product_tag-ge-es","9":"product_tag-vendido","10":"pa_sku-ex3075-es","12":"first","13":"outofstock","14":"shipping-taxable","15":"purchasable","16":"product-type-simple"},"acf":[],"jetpack_sharing_enabled":true,"_links":{"self":[{"href":"https:\/\/everx.com\/es\/wp-json\/wp\/v2\/product\/53674","targetHints":{"allow":["GET"]}}],"collection":[{"href":"https:\/\/everx.com\/es\/wp-json\/wp\/v2\/product"}],"about":[{"href":"https:\/\/everx.com\/es\/wp-json\/wp\/v2\/types\/product"}],"replies":[{"embeddable":true,"href":"https:\/\/everx.com\/es\/wp-json\/wp\/v2\/comments?post=53674"}],"wp:featuredmedia":[{"embeddable":true,"href":"https:\/\/everx.com\/es\/wp-json\/wp\/v2\/media\/23876"}],"wp:attachment":[{"href":"https:\/\/everx.com\/es\/wp-json\/wp\/v2\/media?parent=53674"}],"wp:term":[{"taxonomy":"product_brand","embeddable":true,"href":"https:\/\/everx.com\/es\/wp-json\/wp\/v2\/product_brand?post=53674"},{"taxonomy":"product_cat","embeddable":true,"href":"https:\/\/everx.com\/es\/wp-json\/wp\/v2\/product_cat?post=53674"},{"taxonomy":"product_tag","embeddable":true,"href":"https:\/\/everx.com\/es\/wp-json\/wp\/v2\/product_tag?post=53674"}],"curies":[{"name":"wp","href":"https:\/\/api.w.org\/{rel}","templated":true}]}}