{"id":53665,"date":"2024-11-02T12:57:16","date_gmt":"2024-11-02T12:57:16","guid":{"rendered":"https:\/\/everx.com\/shop-2\/sin categor\u00eda\/ge-optima-660-128-rebanadas-nex156\/"},"modified":"2024-11-02T12:57:16","modified_gmt":"2024-11-02T12:57:16","slug":"ge-optima-660-128-rebanadas-nex156","status":"publish","type":"product","link":"https:\/\/everx.com\/es\/product\/ge-optima-660-128-rebanadas-nex156\/","title":{"rendered":"GE Optima 660 &#8211; 128 Rebanadas NEX156"},"content":{"rendered":"<p><span style=\"color: #cb2026;\">Esta m\u00e1quina se vende. Av\u00edsanos si buscas un producto similar. <\/span><\/p>\n<p>Esc\u00e1ner de TC GE Optima 660 &#8211; 128 cortes<\/p>\n<p>Fabricado: 2015<\/p>\n<p>Ubicaci\u00f3n actual : Jap\u00f3n (NEX156)<\/p>\n<p>Tipo de tubo: Performix_40_Plus<\/p>\n<p>Tubo actual instalado: Junio 2022<\/p>\n<p>Tubo actual total de pacientes realizados s\u00f3lo 1427 ( tubo excelente )<\/p>\n<p>Opciones: Transici\u00f3n din\u00e1mica , Paciente-64-cortes, Superposici\u00f3n Recon -axial Direct-MPR, Exportaci\u00f3n de datos, Smart Prep, AutomA, 3000 Image Series, CopyComposer, Smart Speed, Neurofiltro , seguimiento din\u00e1mico del eje Z , 100KVA, 0_4Speed, Sub-0.4 segundos, Connect Pro, SmartScore Pro, Autofiltro y transferencia, inyector Xtream mejorado, CardIQ SnapShot, Visor de electrocardiogramas, VolumeViewer, Exam Split, High pitch Helical, Comprobaci\u00f3n de im\u00e1genes, Filtro de reducci\u00f3n de ruido, AxialShuttle, CardIQSnapShot-Cine, XtDisplay-ECGWave, Ultra Kernel, Modulaci\u00f3n de la dosis de \u00f3rganos.<\/p>\n<p>Excelente sistema y disponibilidad inmediata<\/p>\n","protected":false},"excerpt":{"rendered":"<p>Esta m\u00e1quina se vende. Av\u00edsanos si buscas un producto similar. Esc\u00e1ner de TC GE Optima 660 &#8211; 128 cortes Fabricado: 2015 Ubicaci\u00f3n actual : Jap\u00f3n (NEX156) Tipo de tubo: Performix_40_Plus Tubo actual instalado: Junio 2022 Tubo actual total de pacientes realizados s\u00f3lo 1427 ( tubo excelente ) Opciones: Transici\u00f3n din\u00e1mica , Paciente-64-cortes, Superposici\u00f3n Recon -axial [&hellip;]<\/p>\n","protected":false},"featured_media":23780,"comment_status":"open","ping_status":"closed","template":"","meta":{"_acf_changed":false},"product_brand":[],"product_cat":[156],"product_tag":[239,508,486],"class_list":{"0":"post-53665","1":"product","2":"type-product","3":"status-publish","4":"has-post-thumbnail","6":"product_cat-ct-es","7":"product_tag-ge-es","8":"product_tag-japon","9":"product_tag-vendido","10":"pa_sku-nex156-es","12":"first","13":"outofstock","14":"shipping-taxable","15":"purchasable","16":"product-type-simple"},"acf":[],"jetpack_sharing_enabled":true,"_links":{"self":[{"href":"https:\/\/everx.com\/es\/wp-json\/wp\/v2\/product\/53665","targetHints":{"allow":["GET"]}}],"collection":[{"href":"https:\/\/everx.com\/es\/wp-json\/wp\/v2\/product"}],"about":[{"href":"https:\/\/everx.com\/es\/wp-json\/wp\/v2\/types\/product"}],"replies":[{"embeddable":true,"href":"https:\/\/everx.com\/es\/wp-json\/wp\/v2\/comments?post=53665"}],"wp:featuredmedia":[{"embeddable":true,"href":"https:\/\/everx.com\/es\/wp-json\/wp\/v2\/media\/23780"}],"wp:attachment":[{"href":"https:\/\/everx.com\/es\/wp-json\/wp\/v2\/media?parent=53665"}],"wp:term":[{"taxonomy":"product_brand","embeddable":true,"href":"https:\/\/everx.com\/es\/wp-json\/wp\/v2\/product_brand?post=53665"},{"taxonomy":"product_cat","embeddable":true,"href":"https:\/\/everx.com\/es\/wp-json\/wp\/v2\/product_cat?post=53665"},{"taxonomy":"product_tag","embeddable":true,"href":"https:\/\/everx.com\/es\/wp-json\/wp\/v2\/product_tag?post=53665"}],"curies":[{"name":"wp","href":"https:\/\/api.w.org\/{rel}","templated":true}]}}