{"id":53659,"date":"2024-11-02T12:57:23","date_gmt":"2024-11-02T12:57:23","guid":{"rendered":"https:\/\/everx.com\/shop-2\/sin categor\u00eda\/ge-prospeed-fii-doble-rebanada-nex115\/"},"modified":"2024-11-02T12:57:23","modified_gmt":"2024-11-02T12:57:23","slug":"ge-prospeed-fii-doble-rebanada-nex115","status":"publish","type":"product","link":"https:\/\/everx.com\/es\/product\/ge-prospeed-fii-doble-rebanada-nex115\/","title":{"rendered":"GE Prospeed FII Doble Rebanada NEX115"},"content":{"rendered":"<p><span style=\"color: #cb2026;\">Este producto ya se ha vendido. Ponte en contacto con nosotros si buscas algo similar.   <\/span><\/p>\n<p>Esc\u00e1ner CT de doble corte GE Prospeed FII<\/p>\n<p>Fabricada: 2011<\/p>\n<p>Localizaci\u00f3n: Jap\u00f3n (NEX115)<\/p>\n<p>Tipo de tubo: MX135<\/p>\n<p>Tubo Sustituido: Mayo 2019<\/p>\n<p>Opciones: Escaneado r\u00e1pido 1.0, Escaneado r\u00e1pido 1.5, Helicoidal 60 M\u00e1x, Datos brutos 5000 M\u00e1x, Grosor 1mm, ImageDisk 100000, VolumeAnalysis2, VolumeRendering2, Navigator2<\/p>\n","protected":false},"excerpt":{"rendered":"<p>Este producto ya se ha vendido. Ponte en contacto con nosotros si buscas algo similar. Esc\u00e1ner CT de doble corte GE Prospeed FII Fabricada: 2011 Localizaci\u00f3n: Jap\u00f3n (NEX115) Tipo de tubo: MX135 Tubo Sustituido: Mayo 2019 Opciones: Escaneado r\u00e1pido 1.0, Escaneado r\u00e1pido 1.5, Helicoidal 60 M\u00e1x, Datos brutos 5000 M\u00e1x, Grosor 1mm, ImageDisk 100000, VolumeAnalysis2, [&hellip;]<\/p>\n","protected":false},"featured_media":22934,"comment_status":"open","ping_status":"closed","template":"","meta":{"_acf_changed":false},"product_brand":[],"product_cat":[156],"product_tag":[239,508,486],"class_list":{"0":"post-53659","1":"product","2":"type-product","3":"status-publish","4":"has-post-thumbnail","6":"product_cat-ct-es","7":"product_tag-ge-es","8":"product_tag-japon","9":"product_tag-vendido","10":"pa_sku-nex115-es","12":"first","13":"outofstock","14":"shipping-taxable","15":"purchasable","16":"product-type-simple"},"acf":[],"jetpack_sharing_enabled":true,"_links":{"self":[{"href":"https:\/\/everx.com\/es\/wp-json\/wp\/v2\/product\/53659","targetHints":{"allow":["GET"]}}],"collection":[{"href":"https:\/\/everx.com\/es\/wp-json\/wp\/v2\/product"}],"about":[{"href":"https:\/\/everx.com\/es\/wp-json\/wp\/v2\/types\/product"}],"replies":[{"embeddable":true,"href":"https:\/\/everx.com\/es\/wp-json\/wp\/v2\/comments?post=53659"}],"wp:featuredmedia":[{"embeddable":true,"href":"https:\/\/everx.com\/es\/wp-json\/wp\/v2\/media\/22934"}],"wp:attachment":[{"href":"https:\/\/everx.com\/es\/wp-json\/wp\/v2\/media?parent=53659"}],"wp:term":[{"taxonomy":"product_brand","embeddable":true,"href":"https:\/\/everx.com\/es\/wp-json\/wp\/v2\/product_brand?post=53659"},{"taxonomy":"product_cat","embeddable":true,"href":"https:\/\/everx.com\/es\/wp-json\/wp\/v2\/product_cat?post=53659"},{"taxonomy":"product_tag","embeddable":true,"href":"https:\/\/everx.com\/es\/wp-json\/wp\/v2\/product_tag?post=53659"}],"curies":[{"name":"wp","href":"https:\/\/api.w.org\/{rel}","templated":true}]}}