{"id":53649,"date":"2024-11-02T12:57:25","date_gmt":"2024-11-02T12:57:25","guid":{"rendered":"https:\/\/everx.com\/shop-2\/sin categor\u00eda\/siemens-somatom-go-now-nex142\/"},"modified":"2024-11-02T12:57:25","modified_gmt":"2024-11-02T12:57:25","slug":"siemens-somatom-go-now-nex142","status":"publish","type":"product","link":"https:\/\/everx.com\/es\/product\/siemens-somatom-go-now-nex142\/","title":{"rendered":"Siemens Somatom go.Now NEX142"},"content":{"rendered":"<p><span style=\"color: #cb2026;\">Este sistema ya se vendi\u00f3. Si busca algo similar, cont\u00e1ctenos.  <\/span><\/p>\n<p>Siemens Somatom go.Now<\/p>\n<p>A\u00d1O: 2017<\/p>\n<p>Localizaci\u00f3n: Jap\u00f3n (NEX142)<\/p>\n<p>N\u00famero de serie: 106200<\/p>\n<p>Tubo instalado: Septiembre de 2018<\/p>\n<p>N\u00famero de exploraciones: 83.586<\/p>\n<p>Segundos de exploraci\u00f3n del tubo: 268.313<\/p>\n<p>Segundos de escaneado del sistema: 179,571<\/p>\n","protected":false},"excerpt":{"rendered":"<p>Este sistema ya se vendi\u00f3. Si busca algo similar, cont\u00e1ctenos. Siemens Somatom go.Now A\u00d1O: 2017 Localizaci\u00f3n: Jap\u00f3n (NEX142) N\u00famero de serie: 106200 Tubo instalado: Septiembre de 2018 N\u00famero de exploraciones: 83.586 Segundos de exploraci\u00f3n del tubo: 268.313 Segundos de escaneado del sistema: 179,571<\/p>\n","protected":false},"featured_media":22835,"comment_status":"open","ping_status":"closed","template":"","meta":{"_acf_changed":false},"product_brand":[],"product_cat":[156],"product_tag":[508,523,486],"class_list":{"0":"post-53649","1":"product","2":"type-product","3":"status-publish","4":"has-post-thumbnail","6":"product_cat-ct-es","7":"product_tag-japon","8":"product_tag-siemens-es","9":"product_tag-vendido","10":"pa_sku-nex142-es","12":"first","13":"outofstock","14":"shipping-taxable","15":"purchasable","16":"product-type-simple"},"acf":[],"jetpack_sharing_enabled":true,"_links":{"self":[{"href":"https:\/\/everx.com\/es\/wp-json\/wp\/v2\/product\/53649","targetHints":{"allow":["GET"]}}],"collection":[{"href":"https:\/\/everx.com\/es\/wp-json\/wp\/v2\/product"}],"about":[{"href":"https:\/\/everx.com\/es\/wp-json\/wp\/v2\/types\/product"}],"replies":[{"embeddable":true,"href":"https:\/\/everx.com\/es\/wp-json\/wp\/v2\/comments?post=53649"}],"wp:featuredmedia":[{"embeddable":true,"href":"https:\/\/everx.com\/es\/wp-json\/wp\/v2\/media\/22835"}],"wp:attachment":[{"href":"https:\/\/everx.com\/es\/wp-json\/wp\/v2\/media?parent=53649"}],"wp:term":[{"taxonomy":"product_brand","embeddable":true,"href":"https:\/\/everx.com\/es\/wp-json\/wp\/v2\/product_brand?post=53649"},{"taxonomy":"product_cat","embeddable":true,"href":"https:\/\/everx.com\/es\/wp-json\/wp\/v2\/product_cat?post=53649"},{"taxonomy":"product_tag","embeddable":true,"href":"https:\/\/everx.com\/es\/wp-json\/wp\/v2\/product_tag?post=53649"}],"curies":[{"name":"wp","href":"https:\/\/api.w.org\/{rel}","templated":true}]}}