{"id":53647,"date":"2024-11-02T12:57:26","date_gmt":"2024-11-02T12:57:26","guid":{"rendered":"https:\/\/everx.com\/shop-2\/sin%20categor\u00eda\/philips-mx16-ex2946\/"},"modified":"2025-08-18T09:51:25","modified_gmt":"2025-08-18T09:51:25","slug":"philips-mx16-ex2946","status":"publish","type":"product","link":"https:\/\/everx.com\/es\/product\/philips-mx16-ex2946\/","title":{"rendered":"Philips MX16 EX2946"},"content":{"rendered":"<p><span style=\"color: #cb2026;\">Este sistema ya se vendi\u00f3. Si busca algo similar, cont\u00e1ctenos. <\/span><\/p>\n<p>Esc\u00e1ner TC Philips MX16 usado<\/p>\n<p>Fabricado: 2016<\/p>\n<p>Localizaci\u00f3n: Australia (EX2946)<\/p>\n<p>Tipo de tubo: DU5008C<\/p>\n<p>Tubo fabricado: Ene 2022<\/p>\n<p>Tubo Sustituido: Junio 2022<\/p>\n\n<p><\/p>\n","protected":false},"excerpt":{"rendered":"<p>Este sistema ya se vendi\u00f3. Si busca algo similar, cont\u00e1ctenos. Esc\u00e1ner TC Philips MX16 usado Fabricado: 2016 Localizaci\u00f3n: Australia (EX2946) Tipo de tubo: DU5008C Tubo fabricado: Ene 2022 Tubo Sustituido: Junio 2022<\/p>\n","protected":false},"featured_media":22684,"comment_status":"open","ping_status":"closed","template":"","meta":{"_acf_changed":false},"product_brand":[],"product_cat":[156],"product_tag":[237,521,486],"class_list":{"0":"post-53647","1":"product","2":"type-product","3":"status-publish","4":"has-post-thumbnail","6":"product_cat-ct-es","7":"product_tag-australia-es","8":"product_tag-philips-es","9":"product_tag-vendido","10":"pa_sku-ex2946-es","12":"first","13":"outofstock","14":"shipping-taxable","15":"purchasable","16":"product-type-simple"},"acf":[],"jetpack_sharing_enabled":true,"_links":{"self":[{"href":"https:\/\/everx.com\/es\/wp-json\/wp\/v2\/product\/53647","targetHints":{"allow":["GET"]}}],"collection":[{"href":"https:\/\/everx.com\/es\/wp-json\/wp\/v2\/product"}],"about":[{"href":"https:\/\/everx.com\/es\/wp-json\/wp\/v2\/types\/product"}],"replies":[{"embeddable":true,"href":"https:\/\/everx.com\/es\/wp-json\/wp\/v2\/comments?post=53647"}],"wp:featuredmedia":[{"embeddable":true,"href":"https:\/\/everx.com\/es\/wp-json\/wp\/v2\/media\/22684"}],"wp:attachment":[{"href":"https:\/\/everx.com\/es\/wp-json\/wp\/v2\/media?parent=53647"}],"wp:term":[{"taxonomy":"product_brand","embeddable":true,"href":"https:\/\/everx.com\/es\/wp-json\/wp\/v2\/product_brand?post=53647"},{"taxonomy":"product_cat","embeddable":true,"href":"https:\/\/everx.com\/es\/wp-json\/wp\/v2\/product_cat?post=53647"},{"taxonomy":"product_tag","embeddable":true,"href":"https:\/\/everx.com\/es\/wp-json\/wp\/v2\/product_tag?post=53647"}],"curies":[{"name":"wp","href":"https:\/\/api.w.org\/{rel}","templated":true}]}}