{"id":53644,"date":"2024-11-02T12:57:09","date_gmt":"2024-11-02T12:57:09","guid":{"rendered":"https:\/\/everx.com\/shop-2\/sin categor\u00eda\/hitachi-vento-nex170\/"},"modified":"2024-11-02T12:57:09","modified_gmt":"2024-11-02T12:57:09","slug":"hitachi-vento-nex170","status":"publish","type":"product","link":"https:\/\/everx.com\/es\/product\/hitachi-vento-nex170\/","title":{"rendered":"Hitachi Vento NEX170"},"content":{"rendered":"<p><span style=\"color: #cb2026;\">Este sistema ya se vendi\u00f3. Si busca algo similar, cont\u00e1ctenos. <\/span><\/p>\n<p>Esc\u00e1ner de resonancia magn\u00e9tica Hitachi Vento<\/p>\n<p>Fabricado: 2010<\/p>\n<p>Ubicaci\u00f3n: Osaka (NEX170)<\/p>\n<p>N\u00famero de serie: KR13792901<\/p>\n<p>N\u00famero de serie de la consola: K027<\/p>\n<p>Versi\u00f3n del software: V2.1B (actualizada en 2014)<\/p>\n<p>N\u00famero de serie del software: 20027<\/p>\n<p>Bobinas:<\/p>\n<ul>\n<li>Bobina de uni\u00f3n (M) MR-JCR-102 (N\u00famero de serie de la bobina: KR13455901)<\/li>\n<li>Bobina de rodilla QD MR-QKC-101 (N\u00famero de serie de la bobina: KR13446904)<\/li>\n<li>Bobina de cabezal QD MR-QHC\u2014101 (N\u00famero de serie de la bobina: G2X0001314)<\/li>\n<\/ul>\n<p>Estado actual: embalado y almacenado en un almac\u00e9n de embalaje externo cerca de Osaka<\/p>\n","protected":false},"excerpt":{"rendered":"<p>Este sistema ya se vendi\u00f3. Si busca algo similar, cont\u00e1ctenos. Esc\u00e1ner de resonancia magn\u00e9tica Hitachi Vento Fabricado: 2010 Ubicaci\u00f3n: Osaka (NEX170) N\u00famero de serie: KR13792901 N\u00famero de serie de la consola: K027 Versi\u00f3n del software: V2.1B (actualizada en 2014) N\u00famero de serie del software: 20027 Bobinas: Bobina de uni\u00f3n (M) MR-JCR-102 (N\u00famero de serie de [&hellip;]<\/p>\n","protected":false},"featured_media":24882,"comment_status":"open","ping_status":"closed","template":"","meta":{"_acf_changed":false},"product_brand":[],"product_cat":[155],"product_tag":[525,508,486],"class_list":{"0":"post-53644","1":"product","2":"type-product","3":"status-publish","4":"has-post-thumbnail","6":"product_cat-mri-es","7":"product_tag-hitachi-es","8":"product_tag-japon","9":"product_tag-vendido","11":"first","12":"outofstock","13":"shipping-taxable","14":"purchasable","15":"product-type-simple"},"acf":[],"jetpack_sharing_enabled":true,"_links":{"self":[{"href":"https:\/\/everx.com\/es\/wp-json\/wp\/v2\/product\/53644","targetHints":{"allow":["GET"]}}],"collection":[{"href":"https:\/\/everx.com\/es\/wp-json\/wp\/v2\/product"}],"about":[{"href":"https:\/\/everx.com\/es\/wp-json\/wp\/v2\/types\/product"}],"replies":[{"embeddable":true,"href":"https:\/\/everx.com\/es\/wp-json\/wp\/v2\/comments?post=53644"}],"wp:featuredmedia":[{"embeddable":true,"href":"https:\/\/everx.com\/es\/wp-json\/wp\/v2\/media\/24882"}],"wp:attachment":[{"href":"https:\/\/everx.com\/es\/wp-json\/wp\/v2\/media?parent=53644"}],"wp:term":[{"taxonomy":"product_brand","embeddable":true,"href":"https:\/\/everx.com\/es\/wp-json\/wp\/v2\/product_brand?post=53644"},{"taxonomy":"product_cat","embeddable":true,"href":"https:\/\/everx.com\/es\/wp-json\/wp\/v2\/product_cat?post=53644"},{"taxonomy":"product_tag","embeddable":true,"href":"https:\/\/everx.com\/es\/wp-json\/wp\/v2\/product_tag?post=53644"}],"curies":[{"name":"wp","href":"https:\/\/api.w.org\/{rel}","templated":true}]}}