{"id":53641,"date":"2024-11-02T12:57:07","date_gmt":"2024-11-02T12:57:07","guid":{"rendered":"https:\/\/everx.com\/shop-2\/sin categor\u00eda\/siemens-verio-3-0t-ex3459\/"},"modified":"2024-11-02T12:57:07","modified_gmt":"2024-11-02T12:57:07","slug":"siemens-verio-3-0t-ex3459","status":"publish","type":"product","link":"https:\/\/everx.com\/es\/product\/siemens-verio-3-0t-ex3459\/","title":{"rendered":"Siemens Verio 3.0T EX3459"},"content":{"rendered":"<p><span style=\"color: #cb2026;\">Este sistema se ha vendido. Ponte en contacto con nosotros si buscas algo similar.  <\/span><\/p>\n<p>Resonancia magn\u00e9tica Siemens Verio 3.0T<\/p>\n<p>Fabricado: 2008<\/p>\n<p>Ubicaci\u00f3n: Australia (EX3459)<\/p>\n<p>N\u00famero de canales Rx: 32 <\/p>\n<p>Gradientes: gradientes VQ<\/p>\n<p>Software: NUMARIS 4<\/p>\n<p>Versi\u00f3n: Syngo MR B19<\/p>\n<p>Bobinas: 16Ch_Cuerpo_A, 32Ch_Cabeza, 4Ch_Hombro_Grande, 7Ch_Pecho_H, 8Ch_Pie_Tobillo, 8Ch_Rodilla, Loop_4, Matriz_Cuello, Matriz_Columna, TxRx_15Ch_Rodilla<\/p>\n<p>Opciones: Suite de aplicaciones Tim, Suite Neuro, Suite Corporal, Suite Angio, Suite Card\u00edaca, Suite Orto, Suite Onco, Suite Pedi\u00e1trica, Suite Mama, Licencia general de Syngo, Modo matriz, Licencia de uso 3D, 3D MPR, 3D MIP, 3D SSD, Visor Argus, Lista de trabajo, MDDW, PhoenixZIP, syngo Asistencia remota, Correcci\u00f3n de distorsi\u00f3n 3D en l\u00ednea, Software de filtro de imagen, MPPS, Im\u00e1genes en negrita en l\u00ednea, Espectroscop\u00eda SVS, Cuantificaci\u00f3n de flujo, Espectroscop\u00eda 2D CSI, Protocolos de evaluaci\u00f3n de neuroperfusi\u00f3n por RM, 3D PACE, Evaluaci\u00f3n de neuroperfusi\u00f3n por RM, Argus Flow Evaluaci\u00f3n de espectroscopia RM, Evaluaci\u00f3n de RM BOLD, RMf en l\u00ednea 3D, Fusi\u00f3n de im\u00e1genes autom\u00e1tica, Composici\u00f3n, Difusi\u00f3n en l\u00ednea, Perfusi\u00f3n en l\u00ednea, RMf fuera de l\u00ednea 3D, CISS y DESS, Fusi\u00f3n de im\u00e1genes b\u00e1sica, Fusi\u00f3n de im\u00e1genes LM, Composici\u00f3n en l\u00ednea, C\u00e1lculo del tensor de difusi\u00f3n, Im\u00e1genes del tensor de difusi\u00f3n, Evaluaci\u00f3n de DTI, Suite de planificaci\u00f3n Tim, SWI, BLADE, TWIST, Clase I, Tractograf\u00eda DTI, MapIt, Protocolos optimizados para EC, Espectroscop\u00eda 3D CSI<\/p>\n","protected":false},"excerpt":{"rendered":"<p>Este sistema se ha vendido. Ponte en contacto con nosotros si buscas algo similar. Resonancia magn\u00e9tica Siemens Verio 3.0T Fabricado: 2008 Ubicaci\u00f3n: Australia (EX3459) N\u00famero de canales Rx: 32 Gradientes: gradientes VQ Software: NUMARIS 4 Versi\u00f3n: Syngo MR B19 Bobinas: 16Ch_Cuerpo_A, 32Ch_Cabeza, 4Ch_Hombro_Grande, 7Ch_Pecho_H, 8Ch_Pie_Tobillo, 8Ch_Rodilla, Loop_4, Matriz_Cuello, Matriz_Columna, TxRx_15Ch_Rodilla Opciones: Suite de aplicaciones Tim, [&hellip;]<\/p>\n","protected":false},"featured_media":25229,"comment_status":"open","ping_status":"closed","template":"","meta":{"_acf_changed":false},"product_brand":[],"product_cat":[155],"product_tag":[237,523,486],"class_list":{"0":"post-53641","1":"product","2":"type-product","3":"status-publish","4":"has-post-thumbnail","6":"product_cat-mri-es","7":"product_tag-australia-es","8":"product_tag-siemens-es","9":"product_tag-vendido","11":"first","12":"outofstock","13":"shipping-taxable","14":"purchasable","15":"product-type-simple"},"acf":[],"jetpack_sharing_enabled":true,"_links":{"self":[{"href":"https:\/\/everx.com\/es\/wp-json\/wp\/v2\/product\/53641","targetHints":{"allow":["GET"]}}],"collection":[{"href":"https:\/\/everx.com\/es\/wp-json\/wp\/v2\/product"}],"about":[{"href":"https:\/\/everx.com\/es\/wp-json\/wp\/v2\/types\/product"}],"replies":[{"embeddable":true,"href":"https:\/\/everx.com\/es\/wp-json\/wp\/v2\/comments?post=53641"}],"wp:featuredmedia":[{"embeddable":true,"href":"https:\/\/everx.com\/es\/wp-json\/wp\/v2\/media\/25229"}],"wp:attachment":[{"href":"https:\/\/everx.com\/es\/wp-json\/wp\/v2\/media?parent=53641"}],"wp:term":[{"taxonomy":"product_brand","embeddable":true,"href":"https:\/\/everx.com\/es\/wp-json\/wp\/v2\/product_brand?post=53641"},{"taxonomy":"product_cat","embeddable":true,"href":"https:\/\/everx.com\/es\/wp-json\/wp\/v2\/product_cat?post=53641"},{"taxonomy":"product_tag","embeddable":true,"href":"https:\/\/everx.com\/es\/wp-json\/wp\/v2\/product_tag?post=53641"}],"curies":[{"name":"wp","href":"https:\/\/api.w.org\/{rel}","templated":true}]}}