{"id":53638,"date":"2024-11-02T12:57:26","date_gmt":"2024-11-02T12:57:26","guid":{"rendered":"https:\/\/everx.com\/shop-2\/sin categor\u00eda\/toshiba-asteion-super-4-nex141\/"},"modified":"2024-11-02T12:57:26","modified_gmt":"2024-11-02T12:57:26","slug":"toshiba-asteion-super-4-nex141","status":"publish","type":"product","link":"https:\/\/everx.com\/es\/product\/toshiba-asteion-super-4-nex141\/","title":{"rendered":"Toshiba Asteion Super 4 NEX141"},"content":{"rendered":"<p><span style=\"color: #cb2026;\">Este producto ya se ha vendido. Ponte en contacto con nosotros si buscas algo similar. <\/span><\/p>\n<p>Esc\u00e1ner TC Toshiba Asteion Super 4<\/p>\n<p>A\u00d1O: 2008<\/p>\n<p>Localizaci\u00f3n: Jap\u00f3n (NEX141)<\/p>\n<p>N\u00famero de serie: 1EC0894105<\/p>\n<p>Tubo instalado: Septiembre de 2008<\/p>\n<p>Tiempo de corte: 518.487<\/p>\n<p>Recuento de exposiciones: 444,376<\/p>\n","protected":false},"excerpt":{"rendered":"<p>Este producto ya se ha vendido. Ponte en contacto con nosotros si buscas algo similar. Esc\u00e1ner TC Toshiba Asteion Super 4 A\u00d1O: 2008 Localizaci\u00f3n: Jap\u00f3n (NEX141) N\u00famero de serie: 1EC0894105 Tubo instalado: Septiembre de 2008 Tiempo de corte: 518.487 Recuento de exposiciones: 444,376<\/p>\n","protected":false},"featured_media":22520,"comment_status":"open","ping_status":"closed","template":"","meta":{"_acf_changed":false},"product_brand":[],"product_cat":[156],"product_tag":[508,519,486],"class_list":{"0":"post-53638","1":"product","2":"type-product","3":"status-publish","4":"has-post-thumbnail","6":"product_cat-ct-es","7":"product_tag-japon","8":"product_tag-toshiba-es","9":"product_tag-vendido","10":"pa_sku-nex141-es","12":"first","13":"outofstock","14":"shipping-taxable","15":"purchasable","16":"product-type-simple"},"acf":[],"jetpack_sharing_enabled":true,"_links":{"self":[{"href":"https:\/\/everx.com\/es\/wp-json\/wp\/v2\/product\/53638","targetHints":{"allow":["GET"]}}],"collection":[{"href":"https:\/\/everx.com\/es\/wp-json\/wp\/v2\/product"}],"about":[{"href":"https:\/\/everx.com\/es\/wp-json\/wp\/v2\/types\/product"}],"replies":[{"embeddable":true,"href":"https:\/\/everx.com\/es\/wp-json\/wp\/v2\/comments?post=53638"}],"wp:featuredmedia":[{"embeddable":true,"href":"https:\/\/everx.com\/es\/wp-json\/wp\/v2\/media\/22520"}],"wp:attachment":[{"href":"https:\/\/everx.com\/es\/wp-json\/wp\/v2\/media?parent=53638"}],"wp:term":[{"taxonomy":"product_brand","embeddable":true,"href":"https:\/\/everx.com\/es\/wp-json\/wp\/v2\/product_brand?post=53638"},{"taxonomy":"product_cat","embeddable":true,"href":"https:\/\/everx.com\/es\/wp-json\/wp\/v2\/product_cat?post=53638"},{"taxonomy":"product_tag","embeddable":true,"href":"https:\/\/everx.com\/es\/wp-json\/wp\/v2\/product_tag?post=53638"}],"curies":[{"name":"wp","href":"https:\/\/api.w.org\/{rel}","templated":true}]}}