{"id":53630,"date":"2024-11-02T12:57:28","date_gmt":"2024-11-02T12:57:28","guid":{"rendered":"https:\/\/everx.com\/shop-2\/sin categor\u00eda\/super-chistes-4-nex137\/"},"modified":"2024-11-02T12:57:28","modified_gmt":"2024-11-02T12:57:28","slug":"super-chistes-4-nex137","status":"publish","type":"product","link":"https:\/\/everx.com\/es\/product\/super-chistes-4-nex137\/","title":{"rendered":"S\u00faper chistes 4 &#8211; NEX137"},"content":{"rendered":"<p><span style=\"color: #cb2026;\">Este producto ya se ha vendido. Ponte en contacto con nosotros si buscas algo similar. <\/span><\/p>\n<p>Tomograf\u00eda computarizada Toshiba Asteion S4 con tubo en buen estado<\/p>\n<p>Fabricado: septiembre de 2009<\/p>\n<p>Ubicaci\u00f3n: Jap\u00f3n (NEX137)<\/p>\n<p>N\u00famero de exposiciones actuales: 192.457]<\/p>\n<p>Tiempo de corte: 263.540,4 segundos<\/p>\n<p>\u00daltimo cambio de tubo: 25\/01\/2017<\/p>\n<p>Opciones instaladas: ALATO_3DVIEWER, ALATO_MULTISLICECT, ALATO_STANDARD, CBP, DCM_CDR, DIM_EXP, D_PRT_BW, D_PRT_COLOR, FAT_MEASURE, MULTIVIEW, PRINT_SCU, REALEC, REAL_PREP, REAL_VIEW, STRG_SCU, TIFF, TSB_DVD, WINPRT<\/p>\n","protected":false},"excerpt":{"rendered":"<p>Este producto ya se ha vendido. Ponte en contacto con nosotros si buscas algo similar. Tomograf\u00eda computarizada Toshiba Asteion S4 con tubo en buen estado Fabricado: septiembre de 2009 Ubicaci\u00f3n: Jap\u00f3n (NEX137) N\u00famero de exposiciones actuales: 192.457] Tiempo de corte: 263.540,4 segundos \u00daltimo cambio de tubo: 25\/01\/2017 Opciones instaladas: ALATO_3DVIEWER, ALATO_MULTISLICECT, ALATO_STANDARD, CBP, DCM_CDR, DIM_EXP, [&hellip;]<\/p>\n","protected":false},"featured_media":35896,"comment_status":"open","ping_status":"closed","template":"","meta":{"_acf_changed":false},"product_brand":[],"product_cat":[156],"product_tag":[508,519,486],"class_list":{"0":"post-53630","1":"product","2":"type-product","3":"status-publish","4":"has-post-thumbnail","6":"product_cat-ct-es","7":"product_tag-japon","8":"product_tag-toshiba-es","9":"product_tag-vendido","10":"pa_sku-nex137-es","12":"first","13":"outofstock","14":"shipping-taxable","15":"purchasable","16":"product-type-simple"},"acf":[],"jetpack_sharing_enabled":true,"_links":{"self":[{"href":"https:\/\/everx.com\/es\/wp-json\/wp\/v2\/product\/53630","targetHints":{"allow":["GET"]}}],"collection":[{"href":"https:\/\/everx.com\/es\/wp-json\/wp\/v2\/product"}],"about":[{"href":"https:\/\/everx.com\/es\/wp-json\/wp\/v2\/types\/product"}],"replies":[{"embeddable":true,"href":"https:\/\/everx.com\/es\/wp-json\/wp\/v2\/comments?post=53630"}],"wp:featuredmedia":[{"embeddable":true,"href":"https:\/\/everx.com\/es\/wp-json\/wp\/v2\/media\/35896"}],"wp:attachment":[{"href":"https:\/\/everx.com\/es\/wp-json\/wp\/v2\/media?parent=53630"}],"wp:term":[{"taxonomy":"product_brand","embeddable":true,"href":"https:\/\/everx.com\/es\/wp-json\/wp\/v2\/product_brand?post=53630"},{"taxonomy":"product_cat","embeddable":true,"href":"https:\/\/everx.com\/es\/wp-json\/wp\/v2\/product_cat?post=53630"},{"taxonomy":"product_tag","embeddable":true,"href":"https:\/\/everx.com\/es\/wp-json\/wp\/v2\/product_tag?post=53630"}],"curies":[{"name":"wp","href":"https:\/\/api.w.org\/{rel}","templated":true}]}}