{"id":53627,"date":"2024-11-02T12:57:10","date_gmt":"2024-11-02T12:57:10","guid":{"rendered":"https:\/\/everx.com\/shop-2\/sin categor\u00eda\/hitachi-aperto-eterna-nex181\/"},"modified":"2024-11-02T12:57:10","modified_gmt":"2024-11-02T12:57:10","slug":"hitachi-aperto-eterna-nex181","status":"publish","type":"product","link":"https:\/\/everx.com\/es\/product\/hitachi-aperto-eterna-nex181\/","title":{"rendered":"Hitachi Aperto Eterna NEX181"},"content":{"rendered":"<p><span style=\"color: #cb2026;\">Este sistema se ha vendido. Ponte en contacto con nosotros si buscas algo similar.  <\/span><\/p>\n<p>Resonancia Magn\u00e9tica Hitachi Aperto Eterna<\/p>\n<p>Instalado: 2010<\/p>\n<p>Localizaci\u00f3n: Jap\u00f3n (NEX181)<\/p>\n<p>N\u00famero de serie: KR16348001<\/p>\n<p>N\u00famero de serie de la consola: N086<\/p>\n<p>Software: V2.1A (Actualizado en octubre de 2019)<\/p>\n<p>N\u00famero de serie del software: 23086<\/p>\n<p>Bobinas:<\/p>\n<ul>\n<li>Bobina conjunta (L) MR-JCR-83 (N\u00famero de serie de la bobina: KR16245002)<\/li>\n<li>Bobina conjunta (M) MR-JCR-82 (N\u00famero de serie de la bobina: G2P0114815)<\/li>\n<li>Bobina de rodilla QD MR-QKC-83 (N\u00famero de serie de la bobina: KR16230004)<\/li>\n<li>Bobina de ebullici\u00f3n flexible QD (M) MR-QKC-82AN (N\u00famero de serie de la bobina: KR16228001)<\/li>\n<li>Bobina de cabeza QD MR-QHC-81 (N\u00famero de serie de la bobina: G2X0004815)<\/li>\n<\/ul>\n<p>Estado actual: Embalado y almacenado en un almac\u00e9n de embalaje externo cerca de Osaka.<\/p>\n","protected":false},"excerpt":{"rendered":"<p>Este sistema se ha vendido. Ponte en contacto con nosotros si buscas algo similar. Resonancia Magn\u00e9tica Hitachi Aperto Eterna Instalado: 2010 Localizaci\u00f3n: Jap\u00f3n (NEX181) N\u00famero de serie: KR16348001 N\u00famero de serie de la consola: N086 Software: V2.1A (Actualizado en octubre de 2019) N\u00famero de serie del software: 23086 Bobinas: Bobina conjunta (L) MR-JCR-83 (N\u00famero de [&hellip;]<\/p>\n","protected":false},"featured_media":24748,"comment_status":"open","ping_status":"closed","template":"","meta":{"_acf_changed":false},"product_brand":[],"product_cat":[155],"product_tag":[525,508,486],"class_list":{"0":"post-53627","1":"product","2":"type-product","3":"status-publish","4":"has-post-thumbnail","6":"product_cat-mri-es","7":"product_tag-hitachi-es","8":"product_tag-japon","9":"product_tag-vendido","11":"first","12":"outofstock","13":"shipping-taxable","14":"purchasable","15":"product-type-simple"},"acf":[],"jetpack_sharing_enabled":true,"_links":{"self":[{"href":"https:\/\/everx.com\/es\/wp-json\/wp\/v2\/product\/53627","targetHints":{"allow":["GET"]}}],"collection":[{"href":"https:\/\/everx.com\/es\/wp-json\/wp\/v2\/product"}],"about":[{"href":"https:\/\/everx.com\/es\/wp-json\/wp\/v2\/types\/product"}],"replies":[{"embeddable":true,"href":"https:\/\/everx.com\/es\/wp-json\/wp\/v2\/comments?post=53627"}],"wp:featuredmedia":[{"embeddable":true,"href":"https:\/\/everx.com\/es\/wp-json\/wp\/v2\/media\/24748"}],"wp:attachment":[{"href":"https:\/\/everx.com\/es\/wp-json\/wp\/v2\/media?parent=53627"}],"wp:term":[{"taxonomy":"product_brand","embeddable":true,"href":"https:\/\/everx.com\/es\/wp-json\/wp\/v2\/product_brand?post=53627"},{"taxonomy":"product_cat","embeddable":true,"href":"https:\/\/everx.com\/es\/wp-json\/wp\/v2\/product_cat?post=53627"},{"taxonomy":"product_tag","embeddable":true,"href":"https:\/\/everx.com\/es\/wp-json\/wp\/v2\/product_tag?post=53627"}],"curies":[{"name":"wp","href":"https:\/\/api.w.org\/{rel}","templated":true}]}}