{"id":53626,"date":"2024-11-02T12:57:25","date_gmt":"2024-11-02T12:57:25","guid":{"rendered":"https:\/\/everx.com\/shop-2\/sin categor\u00eda\/siemens-avanto-1-5t-ex2953\/"},"modified":"2024-11-02T12:57:25","modified_gmt":"2024-11-02T12:57:25","slug":"siemens-avanto-1-5t-ex2953","status":"publish","type":"product","link":"https:\/\/everx.com\/es\/product\/siemens-avanto-1-5t-ex2953\/","title":{"rendered":"Siemens Avanto 1.5T EX2953"},"content":{"rendered":"<p><span style=\"color: #cb2026;\">Este sistema ya se vendi\u00f3. Si busca algo similar, cont\u00e1ctenos.  <\/span><\/p>\n<p>Resonancia magn\u00e9tica Siemens Avanto 1.5T<\/p>\n<p>Fabricado: 2006<\/p>\n<p>Ubicaci\u00f3n: Australia (EX2953)<\/p>\n<p>No Rx Ch: 32<\/p>\n<p>Versi\u00f3n del software: syngo MR B19<\/p>\n<p>Tipo de gradiente: Motor SQ<\/p>\n<p>Bobinas: 16Ch AI Breast Feet Rap, 16Ch AI Breast Head, Rap 8Ch Mu\u00f1eca, ArrayShim, Cuerpo, Matriz de cuerpo, TxRx CP Extremidad, CP Flex Large, CP Flex Small Head Matrix, 8Ch Rodilla, Matriz de cuello, 4Ch Hombro Columna Matrix, 4Ch Mu\u00f1eca Invivo<\/p>\n<p>Opciones: Suite de aplicaciones Tim, Suite Neuro, Suite Corporal, Suite Angio, Suite Card\u00edaca, Suite Orto, Suite Onco, Suite Pedi\u00e1trica, Suite Mama, Suite Cient\u00edfica, Licencia general de syngo, Modo Matriz, Licencia de uso 3D, 3D MPR, 3D MIP, 3D SSD, Visor Argus, Lista de trabajo, MDDW, PhoenixZIP, Asistencia remota de syngo, Correcci\u00f3n de distorsi\u00f3n 3D en l\u00ednea, Software de filtro de imagen, MPPS, Correcci\u00f3n de distorsi\u00f3n 3D, Espectroscop\u00eda: SVS, Cuantificaci\u00f3n de flujo, Espectroscop\u00eda: CSI 2D, Vista de vasos, Argus Flow, Evaluaci\u00f3n de espectroscopia de RM, Extensiones iPAT, Composici\u00f3n, Cuerpo entero Tim, Difusi\u00f3n en l\u00ednea, Perfusi\u00f3n en l\u00ednea, CISS y DESS, Composici\u00f3n en l\u00ednea, Separaci\u00f3n arteriovenosa, SWI, BLADE, Renderizado avanzado de IVT, I-class, Protocolos optimizados para EC, Espectroscop\u00eda: CSI 3D<\/p>\n","protected":false},"excerpt":{"rendered":"<p>Este sistema ya se vendi\u00f3. Si busca algo similar, cont\u00e1ctenos. Resonancia magn\u00e9tica Siemens Avanto 1.5T Fabricado: 2006 Ubicaci\u00f3n: Australia (EX2953) No Rx Ch: 32 Versi\u00f3n del software: syngo MR B19 Tipo de gradiente: Motor SQ Bobinas: 16Ch AI Breast Feet Rap, 16Ch AI Breast Head, Rap 8Ch Mu\u00f1eca, ArrayShim, Cuerpo, Matriz de cuerpo, TxRx CP [&hellip;]<\/p>\n","protected":false},"featured_media":22710,"comment_status":"open","ping_status":"closed","template":"","meta":{"_acf_changed":false},"product_brand":[],"product_cat":[155],"product_tag":[237,523,486],"class_list":{"0":"post-53626","1":"product","2":"type-product","3":"status-publish","4":"has-post-thumbnail","6":"product_cat-mri-es","7":"product_tag-australia-es","8":"product_tag-siemens-es","9":"product_tag-vendido","11":"first","12":"outofstock","13":"shipping-taxable","14":"purchasable","15":"product-type-simple"},"acf":[],"jetpack_sharing_enabled":true,"_links":{"self":[{"href":"https:\/\/everx.com\/es\/wp-json\/wp\/v2\/product\/53626","targetHints":{"allow":["GET"]}}],"collection":[{"href":"https:\/\/everx.com\/es\/wp-json\/wp\/v2\/product"}],"about":[{"href":"https:\/\/everx.com\/es\/wp-json\/wp\/v2\/types\/product"}],"replies":[{"embeddable":true,"href":"https:\/\/everx.com\/es\/wp-json\/wp\/v2\/comments?post=53626"}],"wp:featuredmedia":[{"embeddable":true,"href":"https:\/\/everx.com\/es\/wp-json\/wp\/v2\/media\/22710"}],"wp:attachment":[{"href":"https:\/\/everx.com\/es\/wp-json\/wp\/v2\/media?parent=53626"}],"wp:term":[{"taxonomy":"product_brand","embeddable":true,"href":"https:\/\/everx.com\/es\/wp-json\/wp\/v2\/product_brand?post=53626"},{"taxonomy":"product_cat","embeddable":true,"href":"https:\/\/everx.com\/es\/wp-json\/wp\/v2\/product_cat?post=53626"},{"taxonomy":"product_tag","embeddable":true,"href":"https:\/\/everx.com\/es\/wp-json\/wp\/v2\/product_tag?post=53626"}],"curies":[{"name":"wp","href":"https:\/\/api.w.org\/{rel}","templated":true}]}}