{"id":53594,"date":"2024-11-02T12:57:02","date_gmt":"2024-11-02T12:57:02","guid":{"rendered":"https:\/\/everx.com\/shop-2\/sin categor\u00eda\/siemens-somatom-definition-as-64-slice-ex3503\/"},"modified":"2024-11-02T12:57:02","modified_gmt":"2024-11-02T12:57:02","slug":"siemens-somatom-definition-as-64-slice-ex3503","status":"publish","type":"product","link":"https:\/\/everx.com\/es\/product\/siemens-somatom-definition-as-64-slice-ex3503\/","title":{"rendered":"Siemens Somatom Definition AS 64 Slice EX3503"},"content":{"rendered":"<p><span style=\"color: #cb2026;\">Este sistema se ha vendido. Ponte en contacto con nosotros si buscas algo similar.  <\/span><\/p>\n<p>Esc\u00e1ner TC Siemens Somatom Definition AS de 64 cortes con excelente rendimiento de tubo<\/p>\n<p><strong>Sistema refrigerado por agua <\/strong><\/p>\n<p>Sr. No: 64394 <\/p>\n<p>Fabricada: 2009<\/p>\n<p>Ubicaci\u00f3n: EE. UU. (EX3503)<\/p>\n<p>Versi\u00f3n del software: Syngo VA48A<\/p>\n<p>Tipo de tubo: Straton MX P<\/p>\n<p>\u00daltimo cambio de metro: 24 de mayo de 2023<\/p>\n<p>Segundos de escaneo del tubo: 50 000<\/p>\n<p>Opciones instaladas: OBTENER_LISTA_TRABAJO, CAP3D_FILTRO_SSD, CAP3D_FILTRO_MIP, CAP3D_PRINCIPAL, CAP3D_MODO_VOZ, CARDIO_PRO, CARDIO_RETRO, SEGUIMIENTO_DE_BOLO, DOSIS_DE_CUIDADO, LICENCIA_GENERAL_DE_SYNGO, CAP3D_FILTRO_VRT, CAP3D_EDITOR, SOPORTE_MPPS, FLUJO_DE_TRABAJO_DE_VOLUMEN, CTAPP_PRINCIPAL, DUAL_MON, CAP3D_ELIMINACI\u00d3N_DE_HUESO, CAP3D_MULTIMONITOR, ESCRITORIO REMOTO, DICOM_SR_VIEWER, CTAPP_FILTER_VRT, CTAPP_FILTER_MIP, B\u00daSQUEDA_DE_MEJOR FASE_CARDIO, CTAPP_CVF_VISOR_DE_FASE, DEFINICI\u00d3N_COMO, REBANADA_64, MEJORA_INTERVENCIONAL, INTERVENCIONISTA_3D, ARTEFACTO_INTERVENCIONAL, SEGUIMIENTO DE AGUJAS INTERVENCIONISTA, INVESTIGACI\u00d3N DE FUENTE \u00daNICA, AJUSTE DE DOSIS DE CUIDADO, PERFIL DE DOSIS DE CUIDADO, TABLERO DE DOSIS DE CUIDADO, VOLTAJE 70 kV, DOSIS DE CUIDADO AUTOM\u00c1TICA, RECONSTRUCCI\u00d3N ITERATIVA PASO 1, SOPORTE DE RM<\/p>\n","protected":false},"excerpt":{"rendered":"<p>Este sistema se ha vendido. Ponte en contacto con nosotros si buscas algo similar. Esc\u00e1ner TC Siemens Somatom Definition AS de 64 cortes con excelente rendimiento de tubo Sistema refrigerado por agua Sr. No: 64394 Fabricada: 2009 Ubicaci\u00f3n: EE. UU. (EX3503) Versi\u00f3n del software: Syngo VA48A Tipo de tubo: Straton MX P \u00daltimo cambio de [&hellip;]<\/p>\n","protected":false},"featured_media":25995,"comment_status":"open","ping_status":"closed","template":"","meta":{"_acf_changed":false},"product_brand":[],"product_cat":[156],"product_tag":[508,523,486],"class_list":{"0":"post-53594","1":"product","2":"type-product","3":"status-publish","4":"has-post-thumbnail","6":"product_cat-ct-es","7":"product_tag-japon","8":"product_tag-siemens-es","9":"product_tag-vendido","10":"pa_sku-ex3503-es","12":"first","13":"outofstock","14":"shipping-taxable","15":"purchasable","16":"product-type-simple"},"acf":[],"jetpack_sharing_enabled":true,"_links":{"self":[{"href":"https:\/\/everx.com\/es\/wp-json\/wp\/v2\/product\/53594","targetHints":{"allow":["GET"]}}],"collection":[{"href":"https:\/\/everx.com\/es\/wp-json\/wp\/v2\/product"}],"about":[{"href":"https:\/\/everx.com\/es\/wp-json\/wp\/v2\/types\/product"}],"replies":[{"embeddable":true,"href":"https:\/\/everx.com\/es\/wp-json\/wp\/v2\/comments?post=53594"}],"wp:featuredmedia":[{"embeddable":true,"href":"https:\/\/everx.com\/es\/wp-json\/wp\/v2\/media\/25995"}],"wp:attachment":[{"href":"https:\/\/everx.com\/es\/wp-json\/wp\/v2\/media?parent=53594"}],"wp:term":[{"taxonomy":"product_brand","embeddable":true,"href":"https:\/\/everx.com\/es\/wp-json\/wp\/v2\/product_brand?post=53594"},{"taxonomy":"product_cat","embeddable":true,"href":"https:\/\/everx.com\/es\/wp-json\/wp\/v2\/product_cat?post=53594"},{"taxonomy":"product_tag","embeddable":true,"href":"https:\/\/everx.com\/es\/wp-json\/wp\/v2\/product_tag?post=53594"}],"curies":[{"name":"wp","href":"https:\/\/api.w.org\/{rel}","templated":true}]}}