{"id":53586,"date":"2024-11-02T12:56:56","date_gmt":"2024-11-02T12:56:56","guid":{"rendered":"https:\/\/everx.com\/shop-2\/sin%20categor\u00eda\/toshiba-aquilion-prime-80-slice-ex3690\/"},"modified":"2025-08-18T07:15:35","modified_gmt":"2025-08-18T07:15:35","slug":"toshiba-aquilion-prime-80-slice-ex3690","status":"publish","type":"product","link":"https:\/\/everx.com\/es\/product\/toshiba-aquilion-prime-80-slice-ex3690\/","title":{"rendered":"Toshiba Aquilion Prime 80 Slice EX3690"},"content":{"rendered":"<p><span style=\"color: #cb2026;\">Este sistema se ha vendido. Ponte en contacto con nosotros si buscas algo similar.  <\/span><\/p>\n<p>Tom\u00f3grafo electr\u00f3nico Toshiba Aquilion Prime de 80 cortes usado con excelente tubo<\/p>\n<p>Fabricado: Febrero 2014<\/p>\n<p>Ubicaci\u00f3n: Australia (EX3690)<\/p>\n<p>N.\u00ba de serie: 1KA1422032<\/p>\n<p>N\u00famero de exposiciones actuales: 199.447<\/p>\n<p>\u00daltimo cambio de tubo: 27\/05\/2023<\/p>\n<p>Tipo de tubo: CXB-750G\/MCS-7178A (febrero de 2023)<\/p>\n<p>Versi\u00f3n del software: V8.2\/BaseV12.4<\/p>\n<p>Opciones instaladas: ALATO_3DVIEWER, ALATO_MULTISLICECT, ALATO_STANDARD, CARDIAC, CARDIACPACTCH, CARDIACRECON, CB_HISPEC, COMPROBACI\u00d3N DIARIA, CONSOLA DE PANTALLA, D_PRT_BW, D_PRT_COLOR, EHCT_SCP, EHCT_SCU, FLUROSCOPIO, SINCRONIZACI\u00d3N DE INYECTOR, MULTIVIEW, MWM_SCU, ORBITSYNC, OVER64HEL,PRINT_SCU, REALEC, REAL_PREP, REAL_VIEW, REGISTTOOL, SCAN80ROW, SP_H72, STRG_SCU, TIFF, TOS_SERVICE, VHP, WINPRT<\/p>\n\n<p><\/p>\n","protected":false},"excerpt":{"rendered":"<p>Este sistema se ha vendido. Ponte en contacto con nosotros si buscas algo similar. Tom\u00f3grafo electr\u00f3nico Toshiba Aquilion Prime de 80 cortes usado con excelente tubo Fabricado: Febrero 2014 Ubicaci\u00f3n: Australia (EX3690) N.\u00ba de serie: 1KA1422032 N\u00famero de exposiciones actuales: 199.447 \u00daltimo cambio de tubo: 27\/05\/2023 Tipo de tubo: CXB-750G\/MCS-7178A (febrero de 2023) Versi\u00f3n del [&hellip;]<\/p>\n","protected":false},"featured_media":27002,"comment_status":"open","ping_status":"closed","template":"","meta":{"_acf_changed":false},"product_brand":[],"product_cat":[156],"product_tag":[237,519,486],"class_list":{"0":"post-53586","1":"product","2":"type-product","3":"status-publish","4":"has-post-thumbnail","6":"product_cat-ct-es","7":"product_tag-australia-es","8":"product_tag-toshiba-es","9":"product_tag-vendido","10":"pa_sku-ex3690-es","12":"first","13":"outofstock","14":"shipping-taxable","15":"purchasable","16":"product-type-simple"},"acf":[],"jetpack_sharing_enabled":true,"_links":{"self":[{"href":"https:\/\/everx.com\/es\/wp-json\/wp\/v2\/product\/53586","targetHints":{"allow":["GET"]}}],"collection":[{"href":"https:\/\/everx.com\/es\/wp-json\/wp\/v2\/product"}],"about":[{"href":"https:\/\/everx.com\/es\/wp-json\/wp\/v2\/types\/product"}],"replies":[{"embeddable":true,"href":"https:\/\/everx.com\/es\/wp-json\/wp\/v2\/comments?post=53586"}],"wp:featuredmedia":[{"embeddable":true,"href":"https:\/\/everx.com\/es\/wp-json\/wp\/v2\/media\/27002"}],"wp:attachment":[{"href":"https:\/\/everx.com\/es\/wp-json\/wp\/v2\/media?parent=53586"}],"wp:term":[{"taxonomy":"product_brand","embeddable":true,"href":"https:\/\/everx.com\/es\/wp-json\/wp\/v2\/product_brand?post=53586"},{"taxonomy":"product_cat","embeddable":true,"href":"https:\/\/everx.com\/es\/wp-json\/wp\/v2\/product_cat?post=53586"},{"taxonomy":"product_tag","embeddable":true,"href":"https:\/\/everx.com\/es\/wp-json\/wp\/v2\/product_tag?post=53586"}],"curies":[{"name":"wp","href":"https:\/\/api.w.org\/{rel}","templated":true}]}}