{"id":53578,"date":"2024-11-02T12:57:00","date_gmt":"2024-11-02T02:57:00","guid":{"rendered":"https:\/\/everx.com\/shop-2\/sin%20categor\u00eda\/ge-logiq-s8-con-xd-transparente-ex3576\/"},"modified":"2025-08-18T07:11:10","modified_gmt":"2025-08-18T07:11:10","slug":"ge-logiq-s8-con-xd-transparente-ex3576","status":"publish","type":"product","link":"https:\/\/everx.com\/es\/product\/ge-logiq-s8-con-xd-transparente-ex3576\/","title":{"rendered":"GE Logiq S8 con XD Transparente EX3576"},"content":{"rendered":"<p>GE Logiq S8 usada con XD Clear<\/p>\n<p>Fabricado: 2015<\/p>\n<p>Ubicaci\u00f3n: Australia (EX3576)<\/p>\n<p>Versi\u00f3n de Software: R3 1.9<\/p>\n<p>Opciones: Dicom, Asistente de exploraci\u00f3n, LOGIQView, OnBoardReporting, 4D, BSteer+, BFlow, CW_Doppler, Asistente de medici\u00f3n OB, Asistente de comparaci\u00f3n, Sondas avanzadas, DVR<\/p>\n<p>Contacta con nosotros para las sondas.<\/p>\n","protected":false},"excerpt":{"rendered":"<p>GE Logiq S8 usada con XD Clear Fabricado: 2015 Ubicaci\u00f3n: Australia (EX3576) Versi\u00f3n de Software: R3 1.9 Opciones: Dicom, Asistente de exploraci\u00f3n, LOGIQView, OnBoardReporting, 4D, BSteer+, BFlow, CW_Doppler, Asistente de medici\u00f3n OB, Asistente de comparaci\u00f3n, Sondas avanzadas, DVR Contacta con nosotros para las sondas.<\/p>\n","protected":false},"featured_media":26341,"comment_status":"open","ping_status":"closed","template":"","meta":{"_acf_changed":false},"product_brand":[],"product_cat":[158],"product_tag":[237,238,239],"class_list":{"0":"post-53578","1":"product","2":"type-product","3":"status-publish","4":"has-post-thumbnail","6":"product_cat-ecografia","7":"product_tag-australia-es","8":"product_tag-available-es","9":"product_tag-ge-es","10":"pa_sku-ex3576-es","12":"first","13":"instock","14":"shipping-taxable","15":"purchasable","16":"product-type-simple"},"acf":[],"jetpack_sharing_enabled":true,"_links":{"self":[{"href":"https:\/\/everx.com\/es\/wp-json\/wp\/v2\/product\/53578","targetHints":{"allow":["GET"]}}],"collection":[{"href":"https:\/\/everx.com\/es\/wp-json\/wp\/v2\/product"}],"about":[{"href":"https:\/\/everx.com\/es\/wp-json\/wp\/v2\/types\/product"}],"replies":[{"embeddable":true,"href":"https:\/\/everx.com\/es\/wp-json\/wp\/v2\/comments?post=53578"}],"wp:featuredmedia":[{"embeddable":true,"href":"https:\/\/everx.com\/es\/wp-json\/wp\/v2\/media\/26341"}],"wp:attachment":[{"href":"https:\/\/everx.com\/es\/wp-json\/wp\/v2\/media?parent=53578"}],"wp:term":[{"taxonomy":"product_brand","embeddable":true,"href":"https:\/\/everx.com\/es\/wp-json\/wp\/v2\/product_brand?post=53578"},{"taxonomy":"product_cat","embeddable":true,"href":"https:\/\/everx.com\/es\/wp-json\/wp\/v2\/product_cat?post=53578"},{"taxonomy":"product_tag","embeddable":true,"href":"https:\/\/everx.com\/es\/wp-json\/wp\/v2\/product_tag?post=53578"}],"curies":[{"name":"wp","href":"https:\/\/api.w.org\/{rel}","templated":true}]}}