{"id":53537,"date":"2024-11-02T12:57:38","date_gmt":"2024-11-02T12:57:38","guid":{"rendered":"https:\/\/everx.com\/shop-2\/sin categor\u00eda\/ge-logiq-s8-ex2691\/"},"modified":"2024-11-02T12:57:38","modified_gmt":"2024-11-02T12:57:38","slug":"ge-logiq-s8-ex2691","status":"publish","type":"product","link":"https:\/\/everx.com\/es\/product\/ge-logiq-s8-ex2691\/","title":{"rendered":"GE Logiq S8 &#8211; EX2691"},"content":{"rendered":"<p>Ec\u00f3grafo GE Logiq S8 usado<\/p>\n<p>Fabricado:Jul 2013<\/p>\n<p>Ubicaci\u00f3n: Australia (EX2691)<\/p>\n<p>Software Ver: R2 Rev 1.0<\/p>\n<p>Opciones instaladas: DICOM, 4D, Elastograf\u00eda, TVI, AutoIMT, ElastoQA, BFlow, CW_Doppler, Sondas avanzadas<\/p>\n<p>Elecci\u00f3n de sondas: M5S-D, 9L-D, ML6-15, C1-5<\/p>\n","protected":false},"excerpt":{"rendered":"<p>Ec\u00f3grafo GE Logiq S8 usado Fabricado:Jul 2013 Ubicaci\u00f3n: Australia (EX2691) Software Ver: R2 Rev 1.0 Opciones instaladas: DICOM, 4D, Elastograf\u00eda, TVI, AutoIMT, ElastoQA, BFlow, CW_Doppler, Sondas avanzadas Elecci\u00f3n de sondas: M5S-D, 9L-D, ML6-15, C1-5<\/p>\n","protected":false},"featured_media":37492,"comment_status":"open","ping_status":"closed","template":"","meta":{"_acf_changed":false},"product_brand":[],"product_cat":[158],"product_tag":[237,239,486],"class_list":{"0":"post-53537","1":"product","2":"type-product","3":"status-publish","4":"has-post-thumbnail","6":"product_cat-ecografia","7":"product_tag-australia-es","8":"product_tag-ge-es","9":"product_tag-vendido","11":"first","12":"outofstock","13":"shipping-taxable","14":"purchasable","15":"product-type-simple"},"acf":[],"jetpack_sharing_enabled":true,"_links":{"self":[{"href":"https:\/\/everx.com\/es\/wp-json\/wp\/v2\/product\/53537","targetHints":{"allow":["GET"]}}],"collection":[{"href":"https:\/\/everx.com\/es\/wp-json\/wp\/v2\/product"}],"about":[{"href":"https:\/\/everx.com\/es\/wp-json\/wp\/v2\/types\/product"}],"replies":[{"embeddable":true,"href":"https:\/\/everx.com\/es\/wp-json\/wp\/v2\/comments?post=53537"}],"wp:featuredmedia":[{"embeddable":true,"href":"https:\/\/everx.com\/es\/wp-json\/wp\/v2\/media\/37492"}],"wp:attachment":[{"href":"https:\/\/everx.com\/es\/wp-json\/wp\/v2\/media?parent=53537"}],"wp:term":[{"taxonomy":"product_brand","embeddable":true,"href":"https:\/\/everx.com\/es\/wp-json\/wp\/v2\/product_brand?post=53537"},{"taxonomy":"product_cat","embeddable":true,"href":"https:\/\/everx.com\/es\/wp-json\/wp\/v2\/product_cat?post=53537"},{"taxonomy":"product_tag","embeddable":true,"href":"https:\/\/everx.com\/es\/wp-json\/wp\/v2\/product_tag?post=53537"}],"curies":[{"name":"wp","href":"https:\/\/api.w.org\/{rel}","templated":true}]}}