{"id":53381,"date":"2024-11-02T12:57:14","date_gmt":"2024-11-02T12:57:14","guid":{"rendered":"https:\/\/everx.com\/shop-2\/sin categor\u00eda\/ge-optima-mr360-ex3118\/"},"modified":"2024-11-02T12:57:14","modified_gmt":"2024-11-02T12:57:14","slug":"ge-optima-mr360-ex3118","status":"publish","type":"product","link":"https:\/\/everx.com\/es\/product\/ge-optima-mr360-ex3118\/","title":{"rendered":"GE Optima MR360 EX3118"},"content":{"rendered":"<p>GE Optima MR 360<\/p>\n<p>Fabricado: 2013<\/p>\n<p>Localizaci\u00f3n: Australia (EX3118)<\/p>\n<p>Versi\u00f3n del software: SV23.0<\/p>\n<p>N\u00ba de canales Rx: 16<\/p>\n<p>Bobinas: HD Pecho, HD Rodilla, 16 Ch Cabeza Cuello Array, HD Quad Rodilla, 8Ch Envoltura Cuerpo<\/p>\n<p>Opciones: ARC, ASL 3D, Activo, Medici\u00f3n del flujo y el volumen sangu\u00edneos, Bloodsupp, BRAVO, BREAST2, Espectroscopia de v\u00f3xel \u00fanico mamario, Cine, COSMIC, Cubo T2, Eco doble 3D, DW EPI, E3DTOF, DWI mejorada, Imagen ecoplanar, Fastcine, Eco de gradiente r\u00e1pido, Fiesta 2D, Fiesta 2D Fat Sat, Fiesta 3D, Fiesta 3D FAT SAT, FIESTA-c, FLAIR3D, FLAIR EPI, An\u00e1lisis de flujo, 3DFRFSE, Fast Spin Echo y FLAIR, FSE_XL, ARM con activaci\u00f3n de fluoros, Tiempo de vuelo, Lista de modalidades de trabajo, IDEAL, iDrive, iDrive Pro, Inhance DeltaFlow, Inhance 2D Inflow, Inhance 3D Velocity, Inhance 3D Inflow IR, Lava, LAVA-DE, LAVA-XV, 2D MERGE, 3DMERGE, Multifase (retardos variables), Imagen vascular de contraste de fase, Paso de procedimiento realizado, PROBE 3d Brain, Probe 2000 Upgrade, ProbePRESS, PROPELLER, PROPELLER DW, PROPELLER T1 Flair, PROPELLER T2, PROPELLER T2 Flair, QuickSTEP, Smart Prep, SPECIAL, SSFSE, SSFSE MRCP, ANgiograf\u00eda ponderada T2Star, Localizador en tres planos, TRICKS, Protecci\u00f3n IP, Optima360 F16<\/p>\n","protected":false},"excerpt":{"rendered":"<p>GE Optima MR 360 Fabricado: 2013 Localizaci\u00f3n: Australia (EX3118) Versi\u00f3n del software: SV23.0 N\u00ba de canales Rx: 16 Bobinas: HD Pecho, HD Rodilla, 16 Ch Cabeza Cuello Array, HD Quad Rodilla, 8Ch Envoltura Cuerpo Opciones: ARC, ASL 3D, Activo, Medici\u00f3n del flujo y el volumen sangu\u00edneos, Bloodsupp, BRAVO, BREAST2, Espectroscopia de v\u00f3xel \u00fanico mamario, Cine, [&hellip;]<\/p>\n","protected":false},"featured_media":24254,"comment_status":"open","ping_status":"closed","template":"","meta":{"_acf_changed":false},"product_brand":[],"product_cat":[155],"product_tag":[237,239,486],"class_list":{"0":"post-53381","1":"product","2":"type-product","3":"status-publish","4":"has-post-thumbnail","6":"product_cat-mri-es","7":"product_tag-australia-es","8":"product_tag-ge-es","9":"product_tag-vendido","11":"first","12":"outofstock","13":"shipping-taxable","14":"purchasable","15":"product-type-simple"},"acf":[],"jetpack_sharing_enabled":true,"_links":{"self":[{"href":"https:\/\/everx.com\/es\/wp-json\/wp\/v2\/product\/53381","targetHints":{"allow":["GET"]}}],"collection":[{"href":"https:\/\/everx.com\/es\/wp-json\/wp\/v2\/product"}],"about":[{"href":"https:\/\/everx.com\/es\/wp-json\/wp\/v2\/types\/product"}],"replies":[{"embeddable":true,"href":"https:\/\/everx.com\/es\/wp-json\/wp\/v2\/comments?post=53381"}],"wp:featuredmedia":[{"embeddable":true,"href":"https:\/\/everx.com\/es\/wp-json\/wp\/v2\/media\/24254"}],"wp:attachment":[{"href":"https:\/\/everx.com\/es\/wp-json\/wp\/v2\/media?parent=53381"}],"wp:term":[{"taxonomy":"product_brand","embeddable":true,"href":"https:\/\/everx.com\/es\/wp-json\/wp\/v2\/product_brand?post=53381"},{"taxonomy":"product_cat","embeddable":true,"href":"https:\/\/everx.com\/es\/wp-json\/wp\/v2\/product_cat?post=53381"},{"taxonomy":"product_tag","embeddable":true,"href":"https:\/\/everx.com\/es\/wp-json\/wp\/v2\/product_tag?post=53381"}],"curies":[{"name":"wp","href":"https:\/\/api.w.org\/{rel}","templated":true}]}}