{"id":53379,"date":"2024-11-02T12:57:25","date_gmt":"2024-11-02T12:57:25","guid":{"rendered":"https:\/\/everx.com\/shop-2\/sin%20categor\u00eda\/siemens-espree-1-5t-ex2920\/"},"modified":"2025-08-18T06:17:19","modified_gmt":"2025-08-18T06:17:19","slug":"siemens-espree-1-5t-ex2920","status":"publish","type":"product","link":"https:\/\/everx.com\/es\/product\/siemens-espree-1-5t-ex2920\/","title":{"rendered":"Siemens Espree 1.5T EX2920"},"content":{"rendered":"<p>Resonancia magn\u00e9tica Siemens Espree 1.5T<\/p>\n<p>Fabricado: 2012<\/p>\n<p>Ubicaci\u00f3n: Australia (EX2920)<\/p>\n<p>Sin receta Ch: 8<\/p>\n<p>Software Version: Syngo MR B17<\/p>\n<p>Pendientes: Motor Espree Z 33\/100<\/p>\n<p>Bobinas: Mu\u00f1eca 8, Cuello 4, Hombro 4, Rodilla 8, Cabeza 12, Torso 6, Columna 24, Extremidad Pie\/Tobillo 8 canales N\u00famero de bobinas flexibles 2 (Canales de bobina 4)<\/p>\n<p>Opciones: CAP3D_FILTRO_MIP, CAP3D_FILTRO_SSD, CAP3D_VOIMODE, CAP3D_PRINCIPAL, OBTENER_LISTA_TRABAJO, MRI_ARGUS_PRINCIPAL, MRI_ARGUS_VF_AN\u00c1LISIS, N_RoW, N11FlowQuant, MRI_ARGUS_FLUJO_AN\u00c1LISIS, N_PAT_Avanzado, N_AdvFunctNeuro, MPPS_SOPORTE, MR_Composici\u00f3n_Brillo, N_Difusi\u00f3n, Tim_8, N_Aplicaci\u00f3nTim, N_ModoMatriz, N11Adv3D, SYNGO_LICENCIA_GENERAL, Z_Gradientes, MR_DIS3D, N_Composici\u00f3nEnL\u00ednea, N_DISEnL\u00ednea3D, N_SWI, N_BLADE, MRI_CV_PRINCIPAL, N_Din\u00e1mica3D, N_IClass, N_PhoenixZIP, MRI_ARGUS_4DVF, MR_STEREOTACTIC_TSE, MR_Support_i, N_Espree<\/p>\n\n<p><\/p>\n","protected":false},"excerpt":{"rendered":"<p>Resonancia magn\u00e9tica Siemens Espree 1.5T Fabricado: 2012 Ubicaci\u00f3n: Australia (EX2920) Sin receta Ch: 8 Software Version: Syngo MR B17 Pendientes: Motor Espree Z 33\/100 Bobinas: Mu\u00f1eca 8, Cuello 4, Hombro 4, Rodilla 8, Cabeza 12, Torso 6, Columna 24, Extremidad Pie\/Tobillo 8 canales N\u00famero de bobinas flexibles 2 (Canales de bobina 4) Opciones: CAP3D_FILTRO_MIP, CAP3D_FILTRO_SSD, [&hellip;]<\/p>\n","protected":false},"featured_media":22788,"comment_status":"open","ping_status":"closed","template":"","meta":{"_acf_changed":false},"product_brand":[],"product_cat":[155],"product_tag":[237,523,486],"class_list":{"0":"post-53379","1":"product","2":"type-product","3":"status-publish","4":"has-post-thumbnail","6":"product_cat-mri-es","7":"product_tag-australia-es","8":"product_tag-siemens-es","9":"product_tag-vendido","11":"first","12":"outofstock","13":"shipping-taxable","14":"purchasable","15":"product-type-simple"},"acf":[],"jetpack_sharing_enabled":true,"_links":{"self":[{"href":"https:\/\/everx.com\/es\/wp-json\/wp\/v2\/product\/53379","targetHints":{"allow":["GET"]}}],"collection":[{"href":"https:\/\/everx.com\/es\/wp-json\/wp\/v2\/product"}],"about":[{"href":"https:\/\/everx.com\/es\/wp-json\/wp\/v2\/types\/product"}],"replies":[{"embeddable":true,"href":"https:\/\/everx.com\/es\/wp-json\/wp\/v2\/comments?post=53379"}],"wp:featuredmedia":[{"embeddable":true,"href":"https:\/\/everx.com\/es\/wp-json\/wp\/v2\/media\/22788"}],"wp:attachment":[{"href":"https:\/\/everx.com\/es\/wp-json\/wp\/v2\/media?parent=53379"}],"wp:term":[{"taxonomy":"product_brand","embeddable":true,"href":"https:\/\/everx.com\/es\/wp-json\/wp\/v2\/product_brand?post=53379"},{"taxonomy":"product_cat","embeddable":true,"href":"https:\/\/everx.com\/es\/wp-json\/wp\/v2\/product_cat?post=53379"},{"taxonomy":"product_tag","embeddable":true,"href":"https:\/\/everx.com\/es\/wp-json\/wp\/v2\/product_tag?post=53379"}],"curies":[{"name":"wp","href":"https:\/\/api.w.org\/{rel}","templated":true}]}}