{"id":53304,"date":"2024-11-02T12:56:47","date_gmt":"2024-11-02T12:56:47","guid":{"rendered":"https:\/\/everx.com\/shop-2\/sin categor\u00eda\/ge-logiq-p9-ex3805\/"},"modified":"2024-11-02T12:56:47","modified_gmt":"2024-11-02T12:56:47","slug":"ge-logiq-p9-ex3805","status":"publish","type":"product","link":"https:\/\/everx.com\/es\/product\/ge-logiq-p9-ex3805\/","title":{"rendered":"GE Logiq P9 EX3805"},"content":{"rendered":"<p>Ultrasonido GE Logiq P9 usado<\/p>\n<p>Fabricado: abril de 2022<\/p>\n<p>Ubicaci\u00f3n: Australia (EX3805)<\/p>\n<p>Versi\u00f3n del software: R4<\/p>\n<p>Revisi\u00f3n del software: 0.7<\/p>\n<p>Opciones instaladas: Dicom, Scan Assistant, LOGIQView, BSteer+, Measure Assistant OB, LOGIQ Apps, BFlow, IOTA LR2<\/p>\n<p>Sondas: C1-6-D, 9L-RS, ML6-15-RS, IC9-RS<\/p>\n","protected":false},"excerpt":{"rendered":"<p>Ultrasonido GE Logiq P9 usado Fabricado: abril de 2022 Ubicaci\u00f3n: Australia (EX3805) Versi\u00f3n del software: R4 Revisi\u00f3n del software: 0.7 Opciones instaladas: Dicom, Scan Assistant, LOGIQView, BSteer+, Measure Assistant OB, LOGIQ Apps, BFlow, IOTA LR2 Sondas: C1-6-D, 9L-RS, ML6-15-RS, IC9-RS<\/p>\n","protected":false},"featured_media":28270,"comment_status":"open","ping_status":"closed","template":"","meta":{"_acf_changed":false},"product_brand":[],"product_cat":[158],"product_tag":[237,239,486],"class_list":{"0":"post-53304","1":"product","2":"type-product","3":"status-publish","4":"has-post-thumbnail","6":"product_cat-ecografia","7":"product_tag-australia-es","8":"product_tag-ge-es","9":"product_tag-vendido","10":"pa_sku-ex3805-es","12":"first","13":"outofstock","14":"shipping-taxable","15":"purchasable","16":"product-type-simple"},"acf":[],"jetpack_sharing_enabled":true,"_links":{"self":[{"href":"https:\/\/everx.com\/es\/wp-json\/wp\/v2\/product\/53304","targetHints":{"allow":["GET"]}}],"collection":[{"href":"https:\/\/everx.com\/es\/wp-json\/wp\/v2\/product"}],"about":[{"href":"https:\/\/everx.com\/es\/wp-json\/wp\/v2\/types\/product"}],"replies":[{"embeddable":true,"href":"https:\/\/everx.com\/es\/wp-json\/wp\/v2\/comments?post=53304"}],"wp:featuredmedia":[{"embeddable":true,"href":"https:\/\/everx.com\/es\/wp-json\/wp\/v2\/media\/28270"}],"wp:attachment":[{"href":"https:\/\/everx.com\/es\/wp-json\/wp\/v2\/media?parent=53304"}],"wp:term":[{"taxonomy":"product_brand","embeddable":true,"href":"https:\/\/everx.com\/es\/wp-json\/wp\/v2\/product_brand?post=53304"},{"taxonomy":"product_cat","embeddable":true,"href":"https:\/\/everx.com\/es\/wp-json\/wp\/v2\/product_cat?post=53304"},{"taxonomy":"product_tag","embeddable":true,"href":"https:\/\/everx.com\/es\/wp-json\/wp\/v2\/product_tag?post=53304"}],"curies":[{"name":"wp","href":"https:\/\/api.w.org\/{rel}","templated":true}]}}