{"id":53177,"date":"2024-11-02T12:57:01","date_gmt":"2024-11-02T12:57:01","guid":{"rendered":"https:\/\/everx.com\/shop-2\/sin categor\u00eda\/samsung-rs80a-ex3593\/"},"modified":"2024-11-02T12:57:01","modified_gmt":"2024-11-02T12:57:01","slug":"samsung-rs80a-ex3593","status":"publish","type":"product","link":"https:\/\/everx.com\/es\/product\/samsung-rs80a-ex3593\/","title":{"rendered":"Samsung RS80A EX3593"},"content":{"rendered":"<p>Ultrasonido Samsung RS80A usado<\/p>\n<p>Fabricado: mayo de 2015<\/p>\n<p>Ubicaci\u00f3n: Australia (EX3593)<\/p>\n<p>Versi\u00f3n del software: 3.03.01.3167<\/p>\n<p>Opciones instaladas: SMART4D, XI_STIC, Panor\u00e1mico, Realistic Vue, CEUS+, Prestige<\/p>\n<p>Sondas disponibles: CA1-7A, L3-12A, LA3-16AI, LA4-18B, CV1-8A<\/p>\n","protected":false},"excerpt":{"rendered":"<p>Ultrasonido Samsung RS80A usado Fabricado: mayo de 2015 Ubicaci\u00f3n: Australia (EX3593) Versi\u00f3n del software: 3.03.01.3167 Opciones instaladas: SMART4D, XI_STIC, Panor\u00e1mico, Realistic Vue, CEUS+, Prestige Sondas disponibles: CA1-7A, L3-12A, LA3-16AI, LA4-18B, CV1-8A<\/p>\n","protected":false},"featured_media":26151,"comment_status":"open","ping_status":"closed","template":"","meta":{"_acf_changed":false},"product_brand":[],"product_cat":[158],"product_tag":[237,238],"class_list":{"0":"post-53177","1":"product","2":"type-product","3":"status-publish","4":"has-post-thumbnail","6":"product_cat-ecografia","7":"product_tag-australia-es","8":"product_tag-available-es","9":"pa_sku-ex3593-es","11":"first","12":"instock","13":"shipping-taxable","14":"purchasable","15":"product-type-simple"},"acf":[],"jetpack_sharing_enabled":true,"_links":{"self":[{"href":"https:\/\/everx.com\/es\/wp-json\/wp\/v2\/product\/53177","targetHints":{"allow":["GET"]}}],"collection":[{"href":"https:\/\/everx.com\/es\/wp-json\/wp\/v2\/product"}],"about":[{"href":"https:\/\/everx.com\/es\/wp-json\/wp\/v2\/types\/product"}],"replies":[{"embeddable":true,"href":"https:\/\/everx.com\/es\/wp-json\/wp\/v2\/comments?post=53177"}],"wp:featuredmedia":[{"embeddable":true,"href":"https:\/\/everx.com\/es\/wp-json\/wp\/v2\/media\/26151"}],"wp:attachment":[{"href":"https:\/\/everx.com\/es\/wp-json\/wp\/v2\/media?parent=53177"}],"wp:term":[{"taxonomy":"product_brand","embeddable":true,"href":"https:\/\/everx.com\/es\/wp-json\/wp\/v2\/product_brand?post=53177"},{"taxonomy":"product_cat","embeddable":true,"href":"https:\/\/everx.com\/es\/wp-json\/wp\/v2\/product_cat?post=53177"},{"taxonomy":"product_tag","embeddable":true,"href":"https:\/\/everx.com\/es\/wp-json\/wp\/v2\/product_tag?post=53177"}],"curies":[{"name":"wp","href":"https:\/\/api.w.org\/{rel}","templated":true}]}}