{"id":53000,"date":"2024-11-02T12:56:53","date_gmt":"2024-11-02T12:56:53","guid":{"rendered":"https:\/\/everx.com\/shop-2\/sin categor\u00eda\/siemens-essenza-1-5t-nex216\/"},"modified":"2024-11-02T12:56:53","modified_gmt":"2024-11-02T12:56:53","slug":"siemens-essenza-1-5t-nex216","status":"publish","type":"product","link":"https:\/\/everx.com\/es\/product\/siemens-essenza-1-5t-nex216\/","title":{"rendered":"Siemens Essenza 1.5T NEX216"},"content":{"rendered":"<p><span style=\"color: #cb2026;\">Este sistema ya est\u00e1 reservado. Cont\u00e1ctanos si buscas algo similar.  <\/span><\/p>\n<p>Resonancia magn\u00e9tica Siemens Magnetom Essenza 1.5T<\/p>\n<p>Fabricada: 2011<\/p>\n<p>Ubicaci\u00f3n: Jap\u00f3n (NEX216)<\/p>\n<p>N\u00famero de canales Rx: 8<\/p>\n<p>Software: NUMARIS\/4<\/p>\n<p>Versi\u00f3n: syngo MR C15<\/p>\n<p>Bobinas: 4Ch_FlexLarge, 4Ch_FlexSmall, Cuerpo, Matriz de cuerpo, Matriz de columna fija, Matriz de cabeza, Matriz de cuello<\/p>\n<p><span style=\"color: #cb2026;\">Actualmente el sistema todav\u00eda est\u00e1 instalado en el hospital y atiende a pacientes.<\/span><\/p>\n<p><span style=\"color: #cb2026;\">System will be available from end-August. <\/span><\/p>\n","protected":false},"excerpt":{"rendered":"<p>Este sistema ya est\u00e1 reservado. Cont\u00e1ctanos si buscas algo similar. Resonancia magn\u00e9tica Siemens Magnetom Essenza 1.5T Fabricada: 2011 Ubicaci\u00f3n: Jap\u00f3n (NEX216) N\u00famero de canales Rx: 8 Software: NUMARIS\/4 Versi\u00f3n: syngo MR C15 Bobinas: 4Ch_FlexLarge, 4Ch_FlexSmall, Cuerpo, Matriz de cuerpo, Matriz de columna fija, Matriz de cabeza, Matriz de cuello Actualmente el sistema todav\u00eda est\u00e1 instalado [&hellip;]<\/p>\n","protected":false},"featured_media":27491,"comment_status":"open","ping_status":"closed","template":"","meta":{"_acf_changed":false},"product_brand":[],"product_cat":[155],"product_tag":[508,523,486],"class_list":{"0":"post-53000","1":"product","2":"type-product","3":"status-publish","4":"has-post-thumbnail","6":"product_cat-mri-es","7":"product_tag-japon","8":"product_tag-siemens-es","9":"product_tag-vendido","10":"pa_sku-nex216-es","12":"first","13":"outofstock","14":"shipping-taxable","15":"purchasable","16":"product-type-simple"},"acf":[],"jetpack_sharing_enabled":true,"_links":{"self":[{"href":"https:\/\/everx.com\/es\/wp-json\/wp\/v2\/product\/53000","targetHints":{"allow":["GET"]}}],"collection":[{"href":"https:\/\/everx.com\/es\/wp-json\/wp\/v2\/product"}],"about":[{"href":"https:\/\/everx.com\/es\/wp-json\/wp\/v2\/types\/product"}],"replies":[{"embeddable":true,"href":"https:\/\/everx.com\/es\/wp-json\/wp\/v2\/comments?post=53000"}],"wp:featuredmedia":[{"embeddable":true,"href":"https:\/\/everx.com\/es\/wp-json\/wp\/v2\/media\/27491"}],"wp:attachment":[{"href":"https:\/\/everx.com\/es\/wp-json\/wp\/v2\/media?parent=53000"}],"wp:term":[{"taxonomy":"product_brand","embeddable":true,"href":"https:\/\/everx.com\/es\/wp-json\/wp\/v2\/product_brand?post=53000"},{"taxonomy":"product_cat","embeddable":true,"href":"https:\/\/everx.com\/es\/wp-json\/wp\/v2\/product_cat?post=53000"},{"taxonomy":"product_tag","embeddable":true,"href":"https:\/\/everx.com\/es\/wp-json\/wp\/v2\/product_tag?post=53000"}],"curies":[{"name":"wp","href":"https:\/\/api.w.org\/{rel}","templated":true}]}}