{"id":52774,"date":"2024-11-02T12:56:56","date_gmt":"2024-11-02T02:56:56","guid":{"rendered":"https:\/\/everx.com\/shop-2\/sin categor\u00eda\/siemens-emotion-16-slice-nex205\/"},"modified":"2024-11-02T12:56:56","modified_gmt":"2024-11-02T12:56:56","slug":"siemens-emotion-16-slice-nex205","status":"publish","type":"product","link":"https:\/\/everx.com\/es\/product\/siemens-emotion-16-slice-nex205\/","title":{"rendered":"Siemens Emotion 16 Slice NEX205"},"content":{"rendered":"<p>Tom\u00f3grafo Siemens Emotion de 16 cortes usado<\/p>\n<p>Fabricado: diciembre de 2012<\/p>\n<p>Ubicaci\u00f3n: Jap\u00f3n (NEX205)<\/p>\n<p>Tipo de tubo: MCT_172<\/p>\n<p>Tubo reemplazado: enero de 2023<\/p>\n<p>Segundos de escaneo del tubo: 255.520<\/p>\n<p>Opciones instaladas: GET_WORKLIST, CAP3D_FILTER_SSD, CAP3D_FILTER_MIP, CAP3D_MAIN, CAP3D_VOIMODE, CARDIO_PRO, CARDIO_RETRO, BOLUS_TRACK, CARE_DOSE, SYNGO_GENERAL_LICENSE, CAP3D_FILTER_VRT, CAP3D_EDITOR, HIGH_SPEED, MPPS_SUPPORT, VOLUME_WORKFLOW, RTD, RECON_PLUS, E_LOG, CAP3D_BONEREMOVAL, REMOTE_DESKTOP, DICOM_SR_VIEWER EMOCI\u00d3N16, MR_Apoyo_i<\/p>\n","protected":false},"excerpt":{"rendered":"<p>Tom\u00f3grafo Siemens Emotion de 16 cortes usado Fabricado: diciembre de 2012 Ubicaci\u00f3n: Jap\u00f3n (NEX205) Tipo de tubo: MCT_172 Tubo reemplazado: enero de 2023 Segundos de escaneo del tubo: 255.520 Opciones instaladas: GET_WORKLIST, CAP3D_FILTER_SSD, CAP3D_FILTER_MIP, CAP3D_MAIN, CAP3D_VOIMODE, CARDIO_PRO, CARDIO_RETRO, BOLUS_TRACK, CARE_DOSE, SYNGO_GENERAL_LICENSE, CAP3D_FILTER_VRT, CAP3D_EDITOR, HIGH_SPEED, MPPS_SUPPORT, VOLUME_WORKFLOW, RTD, RECON_PLUS, E_LOG, CAP3D_BONEREMOVAL, REMOTE_DESKTOP, DICOM_SR_VIEWER EMOCI\u00d3N16, MR_Apoyo_i<\/p>\n","protected":false},"featured_media":26973,"comment_status":"open","ping_status":"closed","template":"","meta":{"_acf_changed":false},"product_brand":[],"product_cat":[156],"product_tag":[508,523,486],"class_list":{"0":"post-52774","1":"product","2":"type-product","3":"status-publish","4":"has-post-thumbnail","6":"product_cat-ct-es","7":"product_tag-japon","8":"product_tag-siemens-es","9":"product_tag-vendido","10":"pa_sku-nex205-es","12":"first","13":"outofstock","14":"shipping-taxable","15":"purchasable","16":"product-type-simple"},"acf":[],"jetpack_sharing_enabled":true,"_links":{"self":[{"href":"https:\/\/everx.com\/es\/wp-json\/wp\/v2\/product\/52774","targetHints":{"allow":["GET"]}}],"collection":[{"href":"https:\/\/everx.com\/es\/wp-json\/wp\/v2\/product"}],"about":[{"href":"https:\/\/everx.com\/es\/wp-json\/wp\/v2\/types\/product"}],"replies":[{"embeddable":true,"href":"https:\/\/everx.com\/es\/wp-json\/wp\/v2\/comments?post=52774"}],"wp:featuredmedia":[{"embeddable":true,"href":"https:\/\/everx.com\/es\/wp-json\/wp\/v2\/media\/26973"}],"wp:attachment":[{"href":"https:\/\/everx.com\/es\/wp-json\/wp\/v2\/media?parent=52774"}],"wp:term":[{"taxonomy":"product_brand","embeddable":true,"href":"https:\/\/everx.com\/es\/wp-json\/wp\/v2\/product_brand?post=52774"},{"taxonomy":"product_cat","embeddable":true,"href":"https:\/\/everx.com\/es\/wp-json\/wp\/v2\/product_cat?post=52774"},{"taxonomy":"product_tag","embeddable":true,"href":"https:\/\/everx.com\/es\/wp-json\/wp\/v2\/product_tag?post=52774"}],"curies":[{"name":"wp","href":"https:\/\/api.w.org\/{rel}","templated":true}]}}