{"id":52701,"date":"2024-11-02T12:57:42","date_gmt":"2024-11-02T12:57:42","guid":{"rendered":"https:\/\/everx.com\/shop-2\/sin categor\u00eda\/ge-3-0t-hdxt-nex100\/"},"modified":"2024-11-02T12:57:42","modified_gmt":"2024-11-02T12:57:42","slug":"ge-3-0t-hdxt-nex100","status":"publish","type":"product","link":"https:\/\/everx.com\/es\/product\/ge-3-0t-hdxt-nex100\/","title":{"rendered":"GE 3.0T HDxt -NEX100"},"content":{"rendered":"<p><span style=\"color: #cb2026;\"><strong>Este sistema ya se ha vendido. Av\u00edsanos si buscas un producto similar. <\/strong><\/span><\/p>\n<p>RM GE 3.0T HDxt<\/p>\n<p>Sistema desinstalado y en stock &#8211; disponible inmediatamente<\/p>\n<p>Im\u00e1n almacenado en fr\u00edo con la cabeza fr\u00eda encendida.<\/p>\n<p>Fabricado: 2010<\/p>\n<p>Ubicaci\u00f3n actual : Jap\u00f3n (NEX100)<\/p>\n<p>Bobinas: HNS, 8CH CTL, 8CH Pecho, 8CH Rodilla, 8CH Cabeza<\/p>\n","protected":false},"excerpt":{"rendered":"<p>Este sistema ya se ha vendido. Av\u00edsanos si buscas un producto similar. RM GE 3.0T HDxt Sistema desinstalado y en stock &#8211; disponible inmediatamente Im\u00e1n almacenado en fr\u00edo con la cabeza fr\u00eda encendida. Fabricado: 2010 Ubicaci\u00f3n actual : Jap\u00f3n (NEX100) Bobinas: HNS, 8CH CTL, 8CH Pecho, 8CH Rodilla, 8CH Cabeza<\/p>\n","protected":false},"featured_media":36893,"comment_status":"open","ping_status":"closed","template":"","meta":{"_acf_changed":false},"product_brand":[],"product_cat":[155],"product_tag":[239,508,486],"class_list":{"0":"post-52701","1":"product","2":"type-product","3":"status-publish","4":"has-post-thumbnail","6":"product_cat-mri-es","7":"product_tag-ge-es","8":"product_tag-japon","9":"product_tag-vendido","11":"first","12":"outofstock","13":"shipping-taxable","14":"purchasable","15":"product-type-simple"},"acf":[],"jetpack_sharing_enabled":true,"_links":{"self":[{"href":"https:\/\/everx.com\/es\/wp-json\/wp\/v2\/product\/52701","targetHints":{"allow":["GET"]}}],"collection":[{"href":"https:\/\/everx.com\/es\/wp-json\/wp\/v2\/product"}],"about":[{"href":"https:\/\/everx.com\/es\/wp-json\/wp\/v2\/types\/product"}],"replies":[{"embeddable":true,"href":"https:\/\/everx.com\/es\/wp-json\/wp\/v2\/comments?post=52701"}],"wp:featuredmedia":[{"embeddable":true,"href":"https:\/\/everx.com\/es\/wp-json\/wp\/v2\/media\/36893"}],"wp:attachment":[{"href":"https:\/\/everx.com\/es\/wp-json\/wp\/v2\/media?parent=52701"}],"wp:term":[{"taxonomy":"product_brand","embeddable":true,"href":"https:\/\/everx.com\/es\/wp-json\/wp\/v2\/product_brand?post=52701"},{"taxonomy":"product_cat","embeddable":true,"href":"https:\/\/everx.com\/es\/wp-json\/wp\/v2\/product_cat?post=52701"},{"taxonomy":"product_tag","embeddable":true,"href":"https:\/\/everx.com\/es\/wp-json\/wp\/v2\/product_tag?post=52701"}],"curies":[{"name":"wp","href":"https:\/\/api.w.org\/{rel}","templated":true}]}}