{"id":52700,"date":"2024-11-02T12:57:41","date_gmt":"2024-11-02T12:57:41","guid":{"rendered":"https:\/\/everx.com\/shop-2\/sin categor\u00eda\/hitachi-airis-ii-nex96\/"},"modified":"2024-11-02T12:57:41","modified_gmt":"2024-11-02T12:57:41","slug":"hitachi-airis-ii-nex96","status":"publish","type":"product","link":"https:\/\/everx.com\/es\/product\/hitachi-airis-ii-nex96\/","title":{"rendered":"Hitachi Airis II &#8211; NEX96"},"content":{"rendered":"<p><span style=\"color: #cb2026;\"><strong>Este sistema ya se ha vendido. Av\u00edsanos si buscas un producto similar. <\/strong><\/span><\/p>\n<p>Esc\u00e1ner de RM Hitachi Airis II usado<\/p>\n<p>Ubicaci\u00f3n actual : Jap\u00f3n (NEX96)<\/p>\n<p>Este sistema no se utiliz\u00f3 durante los dos \u00faltimos a\u00f1os, desde que se cerr\u00f3 el hospital.<\/p>\n<p>Se desconoce el estado actual de la m\u00e1quina, pero es un excelente sistema de piezas de repuesto.<\/p>\n<p>Este sistema est\u00e1 disponible inmediatamente.<\/p>\n<p>Ponte en contacto con nosotros para m\u00e1s detalles.<\/p>\n","protected":false},"excerpt":{"rendered":"<p>Este sistema ya se ha vendido. Av\u00edsanos si buscas un producto similar. Esc\u00e1ner de RM Hitachi Airis II usado Ubicaci\u00f3n actual : Jap\u00f3n (NEX96) Este sistema no se utiliz\u00f3 durante los dos \u00faltimos a\u00f1os, desde que se cerr\u00f3 el hospital. Se desconoce el estado actual de la m\u00e1quina, pero es un excelente sistema de piezas [&hellip;]<\/p>\n","protected":false},"featured_media":36914,"comment_status":"open","ping_status":"closed","template":"","meta":{"_acf_changed":false},"product_brand":[],"product_cat":[155],"product_tag":[525,508,486],"class_list":{"0":"post-52700","1":"product","2":"type-product","3":"status-publish","4":"has-post-thumbnail","6":"product_cat-mri-es","7":"product_tag-hitachi-es","8":"product_tag-japon","9":"product_tag-vendido","11":"first","12":"outofstock","13":"shipping-taxable","14":"purchasable","15":"product-type-simple"},"acf":[],"jetpack_sharing_enabled":true,"_links":{"self":[{"href":"https:\/\/everx.com\/es\/wp-json\/wp\/v2\/product\/52700","targetHints":{"allow":["GET"]}}],"collection":[{"href":"https:\/\/everx.com\/es\/wp-json\/wp\/v2\/product"}],"about":[{"href":"https:\/\/everx.com\/es\/wp-json\/wp\/v2\/types\/product"}],"replies":[{"embeddable":true,"href":"https:\/\/everx.com\/es\/wp-json\/wp\/v2\/comments?post=52700"}],"wp:featuredmedia":[{"embeddable":true,"href":"https:\/\/everx.com\/es\/wp-json\/wp\/v2\/media\/36914"}],"wp:attachment":[{"href":"https:\/\/everx.com\/es\/wp-json\/wp\/v2\/media?parent=52700"}],"wp:term":[{"taxonomy":"product_brand","embeddable":true,"href":"https:\/\/everx.com\/es\/wp-json\/wp\/v2\/product_brand?post=52700"},{"taxonomy":"product_cat","embeddable":true,"href":"https:\/\/everx.com\/es\/wp-json\/wp\/v2\/product_cat?post=52700"},{"taxonomy":"product_tag","embeddable":true,"href":"https:\/\/everx.com\/es\/wp-json\/wp\/v2\/product_tag?post=52700"}],"curies":[{"name":"wp","href":"https:\/\/api.w.org\/{rel}","templated":true}]}}