{"id":52691,"date":"2024-11-02T12:57:34","date_gmt":"2024-11-02T12:57:34","guid":{"rendered":"https:\/\/everx.com\/shop-2\/sin categor\u00eda\/toshiba-asteion-s4-nex111\/"},"modified":"2024-11-02T12:57:34","modified_gmt":"2024-11-02T12:57:34","slug":"toshiba-asteion-s4-nex111","status":"publish","type":"product","link":"https:\/\/everx.com\/es\/product\/toshiba-asteion-s4-nex111\/","title":{"rendered":"Toshiba Asteion S4 -NEX111"},"content":{"rendered":"<p><span style=\"color: #cb2026;\"><strong>Este sistema ya se ha vendido. Av\u00edsanos si buscas un producto similar. <\/strong><\/span><\/p>\n<p>TAC Toshiba Asteion S4 usado con tubo excelente<\/p>\n<p>Fabricado: 2010<\/p>\n<p>Localizaci\u00f3n: Jap\u00f3n (NEX111)<\/p>\n<p>Recuento actual de exposiciones : 21.194<\/p>\n<p>Tiempo de corte: 16.234,3 seg.<\/p>\n<p>\u00daltimo cambio de tubo: 21\/02\/2019<\/p>\n<p>Tipo de tubo: CXB-400C (diciembre de 2018)<\/p>\n<p>Opciones instaladas: ALATO_3DVIEWER, ALATO_MULTISLICECT, ALATO_STANDARD, DCM_CDR, DIM_EXP, D_PRT_BW, D_PRT_COLOR, MULTIVIEW, PRINT_SCU, REALEC, REAL_PREP, REAL_VIEW, STRG_SCU, TIFF, TSB_DVD, WINPRT<\/p>\n","protected":false},"excerpt":{"rendered":"<p>Este sistema ya se ha vendido. Av\u00edsanos si buscas un producto similar. TAC Toshiba Asteion S4 usado con tubo excelente Fabricado: 2010 Localizaci\u00f3n: Jap\u00f3n (NEX111) Recuento actual de exposiciones : 21.194 Tiempo de corte: 16.234,3 seg. \u00daltimo cambio de tubo: 21\/02\/2019 Tipo de tubo: CXB-400C (diciembre de 2018) Opciones instaladas: ALATO_3DVIEWER, ALATO_MULTISLICECT, ALATO_STANDARD, DCM_CDR, DIM_EXP, [&hellip;]<\/p>\n","protected":false},"featured_media":37423,"comment_status":"open","ping_status":"closed","template":"","meta":{"_acf_changed":false},"product_brand":[],"product_cat":[156],"product_tag":[508,519,486],"class_list":{"0":"post-52691","1":"product","2":"type-product","3":"status-publish","4":"has-post-thumbnail","6":"product_cat-ct-es","7":"product_tag-japon","8":"product_tag-toshiba-es","9":"product_tag-vendido","10":"pa_sku-nex111-es","12":"first","13":"outofstock","14":"shipping-taxable","15":"purchasable","16":"product-type-simple"},"acf":[],"jetpack_sharing_enabled":true,"_links":{"self":[{"href":"https:\/\/everx.com\/es\/wp-json\/wp\/v2\/product\/52691","targetHints":{"allow":["GET"]}}],"collection":[{"href":"https:\/\/everx.com\/es\/wp-json\/wp\/v2\/product"}],"about":[{"href":"https:\/\/everx.com\/es\/wp-json\/wp\/v2\/types\/product"}],"replies":[{"embeddable":true,"href":"https:\/\/everx.com\/es\/wp-json\/wp\/v2\/comments?post=52691"}],"wp:featuredmedia":[{"embeddable":true,"href":"https:\/\/everx.com\/es\/wp-json\/wp\/v2\/media\/37423"}],"wp:attachment":[{"href":"https:\/\/everx.com\/es\/wp-json\/wp\/v2\/media?parent=52691"}],"wp:term":[{"taxonomy":"product_brand","embeddable":true,"href":"https:\/\/everx.com\/es\/wp-json\/wp\/v2\/product_brand?post=52691"},{"taxonomy":"product_cat","embeddable":true,"href":"https:\/\/everx.com\/es\/wp-json\/wp\/v2\/product_cat?post=52691"},{"taxonomy":"product_tag","embeddable":true,"href":"https:\/\/everx.com\/es\/wp-json\/wp\/v2\/product_tag?post=52691"}],"curies":[{"name":"wp","href":"https:\/\/api.w.org\/{rel}","templated":true}]}}