{"id":52687,"date":"2024-11-02T12:57:31","date_gmt":"2024-11-02T12:57:31","guid":{"rendered":"https:\/\/everx.com\/shop-2\/sin categor\u00eda\/hitachi-eclos-16-rodajas-nex129\/"},"modified":"2024-11-02T12:57:31","modified_gmt":"2024-11-02T12:57:31","slug":"hitachi-eclos-16-rodajas-nex129","status":"publish","type":"product","link":"https:\/\/everx.com\/es\/product\/hitachi-eclos-16-rodajas-nex129\/","title":{"rendered":"Hitachi Eclos 16 rodajas &#8211; NEX129"},"content":{"rendered":"<p><span style=\"color: #cb2026;\">Este producto ya se ha vendido. Ponte en contacto con nosotros si buscas algo similar.   <\/span><\/p>\n<p>Tom\u00f3grafo Hitachi Eclos 16 cortes usado<\/p>\n<p>Instalado : 2010<\/p>\n<p>Ubicaci\u00f3n actual : Jap\u00f3n (NEX129)<\/p>\n<p>Tipo de tubo: 3,5MHU<\/p>\n<p>Tubo Fabricado: 2018<\/p>\n<p>Escaneado de tubos: 133.214 exploraciones<\/p>\n","protected":false},"excerpt":{"rendered":"<p>Este producto ya se ha vendido. Ponte en contacto con nosotros si buscas algo similar. Tom\u00f3grafo Hitachi Eclos 16 cortes usado Instalado : 2010 Ubicaci\u00f3n actual : Jap\u00f3n (NEX129) Tipo de tubo: 3,5MHU Tubo Fabricado: 2018 Escaneado de tubos: 133.214 exploraciones<\/p>\n","protected":false},"featured_media":35608,"comment_status":"open","ping_status":"closed","template":"","meta":{"_acf_changed":false},"product_brand":[],"product_cat":[156],"product_tag":[525,508,486],"class_list":{"0":"post-52687","1":"product","2":"type-product","3":"status-publish","4":"has-post-thumbnail","6":"product_cat-ct-es","7":"product_tag-hitachi-es","8":"product_tag-japon","9":"product_tag-vendido","10":"pa_sku-nex129-es","12":"first","13":"outofstock","14":"shipping-taxable","15":"purchasable","16":"product-type-simple"},"acf":[],"jetpack_sharing_enabled":true,"_links":{"self":[{"href":"https:\/\/everx.com\/es\/wp-json\/wp\/v2\/product\/52687","targetHints":{"allow":["GET"]}}],"collection":[{"href":"https:\/\/everx.com\/es\/wp-json\/wp\/v2\/product"}],"about":[{"href":"https:\/\/everx.com\/es\/wp-json\/wp\/v2\/types\/product"}],"replies":[{"embeddable":true,"href":"https:\/\/everx.com\/es\/wp-json\/wp\/v2\/comments?post=52687"}],"wp:featuredmedia":[{"embeddable":true,"href":"https:\/\/everx.com\/es\/wp-json\/wp\/v2\/media\/35608"}],"wp:attachment":[{"href":"https:\/\/everx.com\/es\/wp-json\/wp\/v2\/media?parent=52687"}],"wp:term":[{"taxonomy":"product_brand","embeddable":true,"href":"https:\/\/everx.com\/es\/wp-json\/wp\/v2\/product_brand?post=52687"},{"taxonomy":"product_cat","embeddable":true,"href":"https:\/\/everx.com\/es\/wp-json\/wp\/v2\/product_cat?post=52687"},{"taxonomy":"product_tag","embeddable":true,"href":"https:\/\/everx.com\/es\/wp-json\/wp\/v2\/product_tag?post=52687"}],"curies":[{"name":"wp","href":"https:\/\/api.w.org\/{rel}","templated":true}]}}