{"id":52685,"date":"2024-11-02T12:57:30","date_gmt":"2024-11-02T12:57:30","guid":{"rendered":"https:\/\/everx.com\/shop-2\/sin categor\u00eda\/rm-hdx-ge-15t-ex2875\/"},"modified":"2024-11-02T12:57:30","modified_gmt":"2024-11-02T12:57:30","slug":"rm-hdx-ge-15t-ex2875","status":"publish","type":"product","link":"https:\/\/everx.com\/es\/product\/rm-hdx-ge-15t-ex2875\/","title":{"rendered":"RM HDx GE 1,5T &#8211; EX2875"},"content":{"rendered":"<p><span style=\"color: #cb2026;\">Este producto ya se ha vendido. Ponte en contacto con nosotros si buscas algo similar. <\/span>.<\/p>\n<p>RM GE 1,5T HDx<\/p>\n<p>Localizaci\u00f3n: Australia (EX2875)<\/p>\n<p>Fabricado: 2003<\/p>\n<p>N\u00ba de canales de recepci\u00f3n: 16<\/p>\n<p>Versi\u00f3n de software: 16x<\/p>\n<p>Bobinas: HNS 16Ch, 8CH Conjunto Cad\u00edaco, 8Ch Rodilla, 8CH Mu\u00f1eca, 8Ch Tobillo Pie, 8Ch Hombro<\/p>\n<p>Opciones: cine, epli, fastgrass, fse2, pcvi, research, gtof, resrchpsd, sgd, dwepi, flairepi, special, smartprep, ssfse, threeplane, hisris, e3dtof, fsexl, bloodsupp, fastcine, sgdperf, idrivePro, idrive, sprep99, probe99, rtca, probe3d, ushorttr, t2bhold, ssfsemrcp, t1bhold, acgdplus, ftmra, ssfsexl, DynR1, fiesta2d, fiesta3d, asset, probep, tensor, FR3DFSE, asset91, fiestac, propdwi, fiesta3dfs, propt2, resappHDx, de3d, arc, fiesta2dfs, channel16, lava, MPhVar, blflwmaps, t2map, merge2d, lavaxv, bravo, cosmic3d<\/p>\n","protected":false},"excerpt":{"rendered":"<p>Este producto ya se ha vendido. Ponte en contacto con nosotros si buscas algo similar. . RM GE 1,5T HDx Localizaci\u00f3n: Australia (EX2875) Fabricado: 2003 N\u00ba de canales de recepci\u00f3n: 16 Versi\u00f3n de software: 16x Bobinas: HNS 16Ch, 8CH Conjunto Cad\u00edaco, 8Ch Rodilla, 8CH Mu\u00f1eca, 8Ch Tobillo Pie, 8Ch Hombro Opciones: cine, epli, fastgrass, fse2, [&hellip;]<\/p>\n","protected":false},"featured_media":35629,"comment_status":"open","ping_status":"closed","template":"","meta":{"_acf_changed":false},"product_brand":[],"product_cat":[155],"product_tag":[237,239,486],"class_list":{"0":"post-52685","1":"product","2":"type-product","3":"status-publish","4":"has-post-thumbnail","6":"product_cat-mri-es","7":"product_tag-australia-es","8":"product_tag-ge-es","9":"product_tag-vendido","11":"first","12":"outofstock","13":"shipping-taxable","14":"purchasable","15":"product-type-simple"},"acf":[],"jetpack_sharing_enabled":true,"_links":{"self":[{"href":"https:\/\/everx.com\/es\/wp-json\/wp\/v2\/product\/52685","targetHints":{"allow":["GET"]}}],"collection":[{"href":"https:\/\/everx.com\/es\/wp-json\/wp\/v2\/product"}],"about":[{"href":"https:\/\/everx.com\/es\/wp-json\/wp\/v2\/types\/product"}],"replies":[{"embeddable":true,"href":"https:\/\/everx.com\/es\/wp-json\/wp\/v2\/comments?post=52685"}],"wp:featuredmedia":[{"embeddable":true,"href":"https:\/\/everx.com\/es\/wp-json\/wp\/v2\/media\/35629"}],"wp:attachment":[{"href":"https:\/\/everx.com\/es\/wp-json\/wp\/v2\/media?parent=52685"}],"wp:term":[{"taxonomy":"product_brand","embeddable":true,"href":"https:\/\/everx.com\/es\/wp-json\/wp\/v2\/product_brand?post=52685"},{"taxonomy":"product_cat","embeddable":true,"href":"https:\/\/everx.com\/es\/wp-json\/wp\/v2\/product_cat?post=52685"},{"taxonomy":"product_tag","embeddable":true,"href":"https:\/\/everx.com\/es\/wp-json\/wp\/v2\/product_tag?post=52685"}],"curies":[{"name":"wp","href":"https:\/\/api.w.org\/{rel}","templated":true}]}}