{"id":52624,"date":"2024-11-02T12:57:47","date_gmt":"2024-11-02T12:57:47","guid":{"rendered":"https:\/\/everx.com\/shop-2\/sin categor\u00eda\/voluson-s6-3d-4d-ex2660\/"},"modified":"2024-11-02T12:57:47","modified_gmt":"2024-11-02T12:57:47","slug":"voluson-s6-3d-4d-ex2660","status":"publish","type":"product","link":"https:\/\/everx.com\/es\/product\/voluson-s6-3d-4d-ex2660\/","title":{"rendered":"Voluson S6 -3D\/4D -EX2660"},"content":{"rendered":"<p>Ec\u00f3grafo GE Voluson S6 -3D\/4D<\/p>\n<p>Fabricado: Julio de 2011<\/p>\n<p>Ubicaci\u00f3n: Australia (EX2660)<\/p>\n<p>Software Ver: A11.0.1.362<\/p>\n<p>Opciones instaladas: 3D\/4D Avanzado, VCI Avanzado, Elastograf\u00eda, Modo M Anat\u00f3mico, Asistente de exploraci\u00f3n, SonoCT, DICOM, TUI, XTD View, SRI Avanzado, Activaci\u00f3n BT<\/p>\n<p>Elecci\u00f3n de sondas: 4C-RS, E8C-RS, RAB4-8RS<\/p>\n","protected":false},"excerpt":{"rendered":"<p>Ec\u00f3grafo GE Voluson S6 -3D\/4D Fabricado: Julio de 2011 Ubicaci\u00f3n: Australia (EX2660) Software Ver: A11.0.1.362 Opciones instaladas: 3D\/4D Avanzado, VCI Avanzado, Elastograf\u00eda, Modo M Anat\u00f3mico, Asistente de exploraci\u00f3n, SonoCT, DICOM, TUI, XTD View, SRI Avanzado, Activaci\u00f3n BT Elecci\u00f3n de sondas: 4C-RS, E8C-RS, RAB4-8RS<\/p>\n","protected":false},"featured_media":36619,"comment_status":"open","ping_status":"closed","template":"","meta":{"_acf_changed":false},"product_brand":[],"product_cat":[158],"product_tag":[237,238,239],"class_list":{"0":"post-52624","1":"product","2":"type-product","3":"status-publish","4":"has-post-thumbnail","6":"product_cat-ecografia","7":"product_tag-australia-es","8":"product_tag-available-es","9":"product_tag-ge-es","11":"first","12":"instock","13":"shipping-taxable","14":"purchasable","15":"product-type-simple"},"acf":[],"jetpack_sharing_enabled":true,"_links":{"self":[{"href":"https:\/\/everx.com\/es\/wp-json\/wp\/v2\/product\/52624","targetHints":{"allow":["GET"]}}],"collection":[{"href":"https:\/\/everx.com\/es\/wp-json\/wp\/v2\/product"}],"about":[{"href":"https:\/\/everx.com\/es\/wp-json\/wp\/v2\/types\/product"}],"replies":[{"embeddable":true,"href":"https:\/\/everx.com\/es\/wp-json\/wp\/v2\/comments?post=52624"}],"wp:featuredmedia":[{"embeddable":true,"href":"https:\/\/everx.com\/es\/wp-json\/wp\/v2\/media\/36619"}],"wp:attachment":[{"href":"https:\/\/everx.com\/es\/wp-json\/wp\/v2\/media?parent=52624"}],"wp:term":[{"taxonomy":"product_brand","embeddable":true,"href":"https:\/\/everx.com\/es\/wp-json\/wp\/v2\/product_brand?post=52624"},{"taxonomy":"product_cat","embeddable":true,"href":"https:\/\/everx.com\/es\/wp-json\/wp\/v2\/product_cat?post=52624"},{"taxonomy":"product_tag","embeddable":true,"href":"https:\/\/everx.com\/es\/wp-json\/wp\/v2\/product_tag?post=52624"}],"curies":[{"name":"wp","href":"https:\/\/api.w.org\/{rel}","templated":true}]}}