{"id":52623,"date":"2024-11-02T12:57:48","date_gmt":"2024-11-02T12:57:48","guid":{"rendered":"https:\/\/everx.com\/shop-2\/sin categor\u00eda\/ge-vct-64-rodajas-nex85\/"},"modified":"2024-11-02T12:57:48","modified_gmt":"2024-11-02T12:57:48","slug":"ge-vct-64-rodajas-nex85","status":"publish","type":"product","link":"https:\/\/everx.com\/es\/product\/ge-vct-64-rodajas-nex85\/","title":{"rendered":"GE VCT 64 Rodajas &#8211; NEX85"},"content":{"rendered":"<p><span style=\"color: #cb2026;\"><strong>Este sistema ya se ha vendido. Av\u00edsanos si buscas un producto similar. <\/strong><\/span><\/p>\n<p>Esc\u00e1ner de TC GE VCT de 64 cortes<\/p>\n<p>Fabricado: Septiembre 2010<\/p>\n<p>Ubicaci\u00f3n actual : Jap\u00f3n (NEX85)<\/p>\n<p>Tipo de tubo: H\u00e9rcules<\/p>\n<p>Tubo sustituido: Abril 2016<\/p>\n<p>mAs del tubo 100 millones de mAs (aaprox)<\/p>\n<p>Opciones: VCT-Hi-Power, Exploraci\u00f3n Sub-0,4Segundos, VolumeViewer, Inyector Xtream mejorado, CardIQ SnapShot, Reducci\u00f3n de ruido Fikte, SmartScore Pro, Visor de electrocardiogramas, Connect Pro, Smart Prep, Direct-MPR, ExamSplit, Exportaci\u00f3n de datos, AutomA, CopyComposer, Autofiltro y transferencia, Paciente-64-cortes, NeuroFilter, 3000ImageSeries, VCT-85kW-Power, AutoBone_Xpress, SmartStep, Seguimiento din\u00e1mico del eje Z<\/p>\n","protected":false},"excerpt":{"rendered":"<p>Este sistema ya se ha vendido. Av\u00edsanos si buscas un producto similar. Esc\u00e1ner de TC GE VCT de 64 cortes Fabricado: Septiembre 2010 Ubicaci\u00f3n actual : Jap\u00f3n (NEX85) Tipo de tubo: H\u00e9rcules Tubo sustituido: Abril 2016 mAs del tubo 100 millones de mAs (aaprox) Opciones: VCT-Hi-Power, Exploraci\u00f3n Sub-0,4Segundos, VolumeViewer, Inyector Xtream mejorado, CardIQ SnapShot, Reducci\u00f3n [&hellip;]<\/p>\n","protected":false},"featured_media":36515,"comment_status":"open","ping_status":"closed","template":"","meta":{"_acf_changed":false},"product_brand":[],"product_cat":[156],"product_tag":[239,508,486],"class_list":{"0":"post-52623","1":"product","2":"type-product","3":"status-publish","4":"has-post-thumbnail","6":"product_cat-ct-es","7":"product_tag-ge-es","8":"product_tag-japon","9":"product_tag-vendido","10":"pa_sku-nex85-es","12":"first","13":"outofstock","14":"shipping-taxable","15":"purchasable","16":"product-type-simple"},"acf":[],"jetpack_sharing_enabled":true,"_links":{"self":[{"href":"https:\/\/everx.com\/es\/wp-json\/wp\/v2\/product\/52623","targetHints":{"allow":["GET"]}}],"collection":[{"href":"https:\/\/everx.com\/es\/wp-json\/wp\/v2\/product"}],"about":[{"href":"https:\/\/everx.com\/es\/wp-json\/wp\/v2\/types\/product"}],"replies":[{"embeddable":true,"href":"https:\/\/everx.com\/es\/wp-json\/wp\/v2\/comments?post=52623"}],"wp:featuredmedia":[{"embeddable":true,"href":"https:\/\/everx.com\/es\/wp-json\/wp\/v2\/media\/36515"}],"wp:attachment":[{"href":"https:\/\/everx.com\/es\/wp-json\/wp\/v2\/media?parent=52623"}],"wp:term":[{"taxonomy":"product_brand","embeddable":true,"href":"https:\/\/everx.com\/es\/wp-json\/wp\/v2\/product_brand?post=52623"},{"taxonomy":"product_cat","embeddable":true,"href":"https:\/\/everx.com\/es\/wp-json\/wp\/v2\/product_cat?post=52623"},{"taxonomy":"product_tag","embeddable":true,"href":"https:\/\/everx.com\/es\/wp-json\/wp\/v2\/product_tag?post=52623"}],"curies":[{"name":"wp","href":"https:\/\/api.w.org\/{rel}","templated":true}]}}