{"id":52611,"date":"2024-11-02T12:57:07","date_gmt":"2024-11-02T12:57:07","guid":{"rendered":"https:\/\/everx.com\/shop-2\/sin%20categor\u00eda\/philips-perfumado-hajj-ksahkh\/"},"modified":"2025-08-14T08:16:18","modified_gmt":"2025-08-14T08:16:18","slug":"philips-perfumado-hajj-ksahkh","status":"publish","type":"product","link":"https:\/\/everx.com\/es\/product\/philips-perfumado-hajj-ksahkh\/","title":{"rendered":"Philips Perfumado Hajj Ksahkh"},"content":{"rendered":"<p>D\u00f3lar estadounidense Phillips Pia ShG <\/p>\n<p>Fabricado: septiembre de 2013<\/p>\n<p>Ubicaci\u00f3n: EE. UU. (EX3375)<\/p>\n<p>Versi\u00f3n: 7.0.5.962<\/p>\n<p>Opciones instaladas: Abdomen, Cardiolog\u00eda de adultos, Mama, Eco fetal, Partes peque\u00f1as, Obstetricia, Ginecolog\u00eda, Ciencias de la salud, Gastrointestinal intervencionista, Cardiolog\u00eda pedi\u00e1trica, Vascular, TCD, Urolog\u00eda, Rendimiento xMatrix, Modo M anat\u00f3mico, Doppler autom\u00e1tico, AutoScan, Software de bater\u00eda, Card\u00edaco de contraste, Freehand3D, HighQ, MaxVue, Recuperaci\u00f3n de consultas multimodales, Netlink DICOM, Conectividad OmniSphere, Panor\u00e1mica 2D, SmartExam, Protocolo de estr\u00e9s, TDI, Recuperaci\u00f3n de consultas de ultrasonido, Enlace de navegaci\u00f3n digital, 3D en vivo, Visualizaci\u00f3n con aguja, Panor\u00e1mica 3D, Software de fisioterapia, xPlane<\/p>\n<p>Elecci\u00f3n de sondas: L12-3, S8-3<\/p>\n\n<p><\/p>\n","protected":false},"excerpt":{"rendered":"<p>D\u00f3lar estadounidense Phillips Pia ShG Fabricado: septiembre de 2013 Ubicaci\u00f3n: EE. UU. (EX3375) Versi\u00f3n: 7.0.5.962 Opciones instaladas: Abdomen, Cardiolog\u00eda de adultos, Mama, Eco fetal, Partes peque\u00f1as, Obstetricia, Ginecolog\u00eda, Ciencias de la salud, Gastrointestinal intervencionista, Cardiolog\u00eda pedi\u00e1trica, Vascular, TCD, Urolog\u00eda, Rendimiento xMatrix, Modo M anat\u00f3mico, Doppler autom\u00e1tico, AutoScan, Software de bater\u00eda, Card\u00edaco de contraste, Freehand3D, HighQ, [&hellip;]<\/p>\n","protected":false},"featured_media":25179,"comment_status":"open","ping_status":"closed","template":"","meta":{"_acf_changed":false},"product_brand":[],"product_cat":[158],"product_tag":[238,521],"class_list":{"0":"post-52611","1":"product","2":"type-product","3":"status-publish","4":"has-post-thumbnail","6":"product_cat-ecografia","7":"product_tag-available-es","8":"product_tag-philips-es","9":"pa_sku-ex3375-es","11":"first","12":"instock","13":"shipping-taxable","14":"purchasable","15":"product-type-simple"},"acf":[],"jetpack_sharing_enabled":true,"_links":{"self":[{"href":"https:\/\/everx.com\/es\/wp-json\/wp\/v2\/product\/52611","targetHints":{"allow":["GET"]}}],"collection":[{"href":"https:\/\/everx.com\/es\/wp-json\/wp\/v2\/product"}],"about":[{"href":"https:\/\/everx.com\/es\/wp-json\/wp\/v2\/types\/product"}],"replies":[{"embeddable":true,"href":"https:\/\/everx.com\/es\/wp-json\/wp\/v2\/comments?post=52611"}],"wp:featuredmedia":[{"embeddable":true,"href":"https:\/\/everx.com\/es\/wp-json\/wp\/v2\/media\/25179"}],"wp:attachment":[{"href":"https:\/\/everx.com\/es\/wp-json\/wp\/v2\/media?parent=52611"}],"wp:term":[{"taxonomy":"product_brand","embeddable":true,"href":"https:\/\/everx.com\/es\/wp-json\/wp\/v2\/product_brand?post=52611"},{"taxonomy":"product_cat","embeddable":true,"href":"https:\/\/everx.com\/es\/wp-json\/wp\/v2\/product_cat?post=52611"},{"taxonomy":"product_tag","embeddable":true,"href":"https:\/\/everx.com\/es\/wp-json\/wp\/v2\/product_tag?post=52611"}],"curies":[{"name":"wp","href":"https:\/\/api.w.org\/{rel}","templated":true}]}}