{"id":52608,"date":"2024-11-02T12:56:47","date_gmt":"2024-11-02T12:56:47","guid":{"rendered":"https:\/\/everx.com\/shop-2\/sin categor\u00eda\/ge-logiq-p9-ex3806\/"},"modified":"2024-11-02T12:56:47","modified_gmt":"2024-11-02T12:56:47","slug":"ge-logiq-p9-ex3806","status":"publish","type":"product","link":"https:\/\/everx.com\/es\/product\/ge-logiq-p9-ex3806\/","title":{"rendered":"GE Logiq P9 EX3806"},"content":{"rendered":"<p>\u00c9chographe GE Logiq P9 d&#8217;occasion<\/p>\n<p>Fabriqu\u00e9 en avril 2022<\/p>\n<p>Lieu : Australie (EX3806)<\/p>\n<p>Version du logiciel : R4<\/p>\n<p>R\u00e9vision du logiciel : 0.7<\/p>\n<p>Options install\u00e9es : Dicom, Scan Assistant, LOGIQView, BSteer+, Measure Assistant OB, LOGIQ Apps, BFlow, IOTA LR2<\/p>\n<p>Sondes : C1-6-D, 9L-RS, ML6-15-RS, L8-18i-RS, IC9-RS<\/p>\n","protected":false},"excerpt":{"rendered":"<p>\u00c9chographe GE Logiq P9 d&#8217;occasion Fabriqu\u00e9 en avril 2022 Lieu : Australie (EX3806) Version du logiciel : R4 R\u00e9vision du logiciel : 0.7 Options install\u00e9es : Dicom, Scan Assistant, LOGIQView, BSteer+, Measure Assistant OB, LOGIQ Apps, BFlow, IOTA LR2 Sondes : C1-6-D, 9L-RS, ML6-15-RS, L8-18i-RS, IC9-RS<\/p>\n","protected":false},"featured_media":28288,"comment_status":"open","ping_status":"closed","template":"","meta":{"_acf_changed":false},"product_brand":[],"product_cat":[158],"product_tag":[237,239,486],"class_list":{"0":"post-52608","1":"product","2":"type-product","3":"status-publish","4":"has-post-thumbnail","6":"product_cat-ecografia","7":"product_tag-australia-es","8":"product_tag-ge-es","9":"product_tag-vendido","10":"pa_sku-ex3806-es","12":"first","13":"outofstock","14":"shipping-taxable","15":"purchasable","16":"product-type-simple"},"acf":[],"jetpack_sharing_enabled":true,"_links":{"self":[{"href":"https:\/\/everx.com\/es\/wp-json\/wp\/v2\/product\/52608","targetHints":{"allow":["GET"]}}],"collection":[{"href":"https:\/\/everx.com\/es\/wp-json\/wp\/v2\/product"}],"about":[{"href":"https:\/\/everx.com\/es\/wp-json\/wp\/v2\/types\/product"}],"replies":[{"embeddable":true,"href":"https:\/\/everx.com\/es\/wp-json\/wp\/v2\/comments?post=52608"}],"wp:featuredmedia":[{"embeddable":true,"href":"https:\/\/everx.com\/es\/wp-json\/wp\/v2\/media\/28288"}],"wp:attachment":[{"href":"https:\/\/everx.com\/es\/wp-json\/wp\/v2\/media?parent=52608"}],"wp:term":[{"taxonomy":"product_brand","embeddable":true,"href":"https:\/\/everx.com\/es\/wp-json\/wp\/v2\/product_brand?post=52608"},{"taxonomy":"product_cat","embeddable":true,"href":"https:\/\/everx.com\/es\/wp-json\/wp\/v2\/product_cat?post=52608"},{"taxonomy":"product_tag","embeddable":true,"href":"https:\/\/everx.com\/es\/wp-json\/wp\/v2\/product_tag?post=52608"}],"curies":[{"name":"wp","href":"https:\/\/api.w.org\/{rel}","templated":true}]}}