{"id":52607,"date":"2024-11-02T12:57:27","date_gmt":"2024-11-02T12:57:27","guid":{"rendered":"https:\/\/everx.com\/shop-2\/sin categor\u00eda\/ge-voluson-p8-ex2865\/"},"modified":"2024-11-02T12:57:27","modified_gmt":"2024-11-02T12:57:27","slug":"ge-voluson-p8-ex2865","status":"publish","type":"product","link":"https:\/\/everx.com\/es\/product\/ge-voluson-p8-ex2865\/","title":{"rendered":"GE Voluson P8 &#8211; EX2865"},"content":{"rendered":"<p>\u00c9chographe Voluson P8 d&#8217;occasion<\/p>\n<p>BT15<\/p>\n<p>Fabriqu\u00e9 en ao\u00fbt 2015<\/p>\n<p>Lieu : Australie (EX2865)<\/p>\n<p>Version du logiciel : 14.0.0<\/p>\n<p>Options install\u00e9es : G-3D\/4D Advanced, G-XTD View, G-BT Activation<\/p>\n<p>Sondes : Contactez-nous pour conna\u00eetre la gamme de sondes compatibles<\/p>\n","protected":false},"excerpt":{"rendered":"<p>\u00c9chographe Voluson P8 d&#8217;occasion BT15 Fabriqu\u00e9 en ao\u00fbt 2015 Lieu : Australie (EX2865) Version du logiciel : 14.0.0 Options install\u00e9es : G-3D\/4D Advanced, G-XTD View, G-BT Activation Sondes : Contactez-nous pour conna\u00eetre la gamme de sondes compatibles<\/p>\n","protected":false},"featured_media":35998,"comment_status":"open","ping_status":"closed","template":"","meta":{"_acf_changed":false},"product_brand":[],"product_cat":[158],"product_tag":[237,238,239],"class_list":{"0":"post-52607","1":"product","2":"type-product","3":"status-publish","4":"has-post-thumbnail","6":"product_cat-ecografia","7":"product_tag-australia-es","8":"product_tag-available-es","9":"product_tag-ge-es","11":"first","12":"instock","13":"shipping-taxable","14":"purchasable","15":"product-type-simple"},"acf":[],"jetpack_sharing_enabled":true,"_links":{"self":[{"href":"https:\/\/everx.com\/es\/wp-json\/wp\/v2\/product\/52607","targetHints":{"allow":["GET"]}}],"collection":[{"href":"https:\/\/everx.com\/es\/wp-json\/wp\/v2\/product"}],"about":[{"href":"https:\/\/everx.com\/es\/wp-json\/wp\/v2\/types\/product"}],"replies":[{"embeddable":true,"href":"https:\/\/everx.com\/es\/wp-json\/wp\/v2\/comments?post=52607"}],"wp:featuredmedia":[{"embeddable":true,"href":"https:\/\/everx.com\/es\/wp-json\/wp\/v2\/media\/35998"}],"wp:attachment":[{"href":"https:\/\/everx.com\/es\/wp-json\/wp\/v2\/media?parent=52607"}],"wp:term":[{"taxonomy":"product_brand","embeddable":true,"href":"https:\/\/everx.com\/es\/wp-json\/wp\/v2\/product_brand?post=52607"},{"taxonomy":"product_cat","embeddable":true,"href":"https:\/\/everx.com\/es\/wp-json\/wp\/v2\/product_cat?post=52607"},{"taxonomy":"product_tag","embeddable":true,"href":"https:\/\/everx.com\/es\/wp-json\/wp\/v2\/product_tag?post=52607"}],"curies":[{"name":"wp","href":"https:\/\/api.w.org\/{rel}","templated":true}]}}