{"id":52605,"date":"2024-11-02T12:57:36","date_gmt":"2024-11-02T12:57:36","guid":{"rendered":"https:\/\/everx.com\/shop-2\/sin categor\u00eda\/ge-voluson-s6-3d-4d-ex2694\/"},"modified":"2024-11-02T12:57:36","modified_gmt":"2024-11-02T12:57:36","slug":"ge-voluson-s6-3d-4d-ex2694","status":"publish","type":"product","link":"https:\/\/everx.com\/es\/product\/ge-voluson-s6-3d-4d-ex2694\/","title":{"rendered":"GE Voluson S6 -3D\/4D &#8211; EX2694"},"content":{"rendered":"<p>\u00c9chographe GE Voluson S6 &#8211; 3D\/4D d&#8217;occasion<\/p>\n<p>Fabriqu\u00e9 en octobre 2011<\/p>\n<p>Lieu : Australie (EX2694)<\/p>\n<p>Version du logiciel : A 11.0.2.369<\/p>\n<p>Options install\u00e9es : 3D\/4D avanc\u00e9, Assistant d&#8217;\u00e9chographie, XTD View, SRI avanc\u00e9, Activation BT.<\/p>\n<p>Sondes disponibles : Contactez-nous pour plus d&#8217;informations.<\/p>\n","protected":false},"excerpt":{"rendered":"<p>\u00c9chographe GE Voluson S6 &#8211; 3D\/4D d&#8217;occasion Fabriqu\u00e9 en octobre 2011 Lieu : Australie (EX2694) Version du logiciel : A 11.0.2.369 Options install\u00e9es : 3D\/4D avanc\u00e9, Assistant d&#8217;\u00e9chographie, XTD View, SRI avanc\u00e9, Activation BT. Sondes disponibles : Contactez-nous pour plus d&#8217;informations.<\/p>\n","protected":false},"featured_media":37609,"comment_status":"open","ping_status":"closed","template":"","meta":{"_acf_changed":false},"product_brand":[],"product_cat":[158],"product_tag":[237,238,239],"class_list":{"0":"post-52605","1":"product","2":"type-product","3":"status-publish","4":"has-post-thumbnail","6":"product_cat-ecografia","7":"product_tag-australia-es","8":"product_tag-available-es","9":"product_tag-ge-es","11":"first","12":"instock","13":"shipping-taxable","14":"purchasable","15":"product-type-simple"},"acf":[],"jetpack_sharing_enabled":true,"_links":{"self":[{"href":"https:\/\/everx.com\/es\/wp-json\/wp\/v2\/product\/52605","targetHints":{"allow":["GET"]}}],"collection":[{"href":"https:\/\/everx.com\/es\/wp-json\/wp\/v2\/product"}],"about":[{"href":"https:\/\/everx.com\/es\/wp-json\/wp\/v2\/types\/product"}],"replies":[{"embeddable":true,"href":"https:\/\/everx.com\/es\/wp-json\/wp\/v2\/comments?post=52605"}],"wp:featuredmedia":[{"embeddable":true,"href":"https:\/\/everx.com\/es\/wp-json\/wp\/v2\/media\/37609"}],"wp:attachment":[{"href":"https:\/\/everx.com\/es\/wp-json\/wp\/v2\/media?parent=52605"}],"wp:term":[{"taxonomy":"product_brand","embeddable":true,"href":"https:\/\/everx.com\/es\/wp-json\/wp\/v2\/product_brand?post=52605"},{"taxonomy":"product_cat","embeddable":true,"href":"https:\/\/everx.com\/es\/wp-json\/wp\/v2\/product_cat?post=52605"},{"taxonomy":"product_tag","embeddable":true,"href":"https:\/\/everx.com\/es\/wp-json\/wp\/v2\/product_tag?post=52605"}],"curies":[{"name":"wp","href":"https:\/\/api.w.org\/{rel}","templated":true}]}}