{"id":52589,"date":"2024-11-02T12:57:41","date_gmt":"2024-11-02T12:57:41","guid":{"rendered":"https:\/\/everx.com\/shop-2\/sin categor\u00eda\/l15-7io-ex2565\/"},"modified":"2024-11-02T12:57:41","modified_gmt":"2024-11-02T12:57:41","slug":"l15-7io-ex2565","status":"publish","type":"product","link":"https:\/\/everx.com\/es\/product\/l15-7io-ex2565\/","title":{"rendered":"L15-7io &#8211; EX2565"},"content":{"rendered":"<ul>\n<li>Transductor de matriz lineal compacto de banda ancha Philips L15-7io<\/li>\n<li>Localizaci\u00f3n: Australia<\/li>\n<li>Ancho de banda: 15-7 MHz<\/li>\n<li>Aplicaci\u00f3n: Vascular, Muscular, Piezas Peque\u00f1as, Superficial, Quir\u00fargico<\/li>\n<li>Compatibilidad: sistemas de ultrasonido Philips HD11; Philips HD11XE; Philips iU22; Philips iE33<\/li>\n<li>Buen estado de funcionamiento<\/li>\n<\/ul>\n","protected":false},"excerpt":{"rendered":"<p>Transductor de matriz lineal compacto de banda ancha Philips L15-7io Localizaci\u00f3n: Australia Ancho de banda: 15-7 MHz Aplicaci\u00f3n: Vascular, Muscular, Piezas Peque\u00f1as, Superficial, Quir\u00fargico Compatibilidad: sistemas de ultrasonido Philips HD11; Philips HD11XE; Philips iU22; Philips iE33 Buen estado de funcionamiento<\/p>\n","protected":false},"featured_media":36976,"comment_status":"open","ping_status":"closed","template":"","meta":{"_acf_changed":false},"product_brand":[],"product_cat":[165],"product_tag":[237,238,521],"class_list":{"0":"post-52589","1":"product","2":"type-product","3":"status-publish","4":"has-post-thumbnail","6":"product_cat-probes-es","7":"product_tag-australia-es","8":"product_tag-available-es","9":"product_tag-philips-es","11":"first","12":"instock","13":"shipping-taxable","14":"purchasable","15":"product-type-simple"},"acf":[],"jetpack_sharing_enabled":true,"_links":{"self":[{"href":"https:\/\/everx.com\/es\/wp-json\/wp\/v2\/product\/52589","targetHints":{"allow":["GET"]}}],"collection":[{"href":"https:\/\/everx.com\/es\/wp-json\/wp\/v2\/product"}],"about":[{"href":"https:\/\/everx.com\/es\/wp-json\/wp\/v2\/types\/product"}],"replies":[{"embeddable":true,"href":"https:\/\/everx.com\/es\/wp-json\/wp\/v2\/comments?post=52589"}],"wp:featuredmedia":[{"embeddable":true,"href":"https:\/\/everx.com\/es\/wp-json\/wp\/v2\/media\/36976"}],"wp:attachment":[{"href":"https:\/\/everx.com\/es\/wp-json\/wp\/v2\/media?parent=52589"}],"wp:term":[{"taxonomy":"product_brand","embeddable":true,"href":"https:\/\/everx.com\/es\/wp-json\/wp\/v2\/product_brand?post=52589"},{"taxonomy":"product_cat","embeddable":true,"href":"https:\/\/everx.com\/es\/wp-json\/wp\/v2\/product_cat?post=52589"},{"taxonomy":"product_tag","embeddable":true,"href":"https:\/\/everx.com\/es\/wp-json\/wp\/v2\/product_tag?post=52589"}],"curies":[{"name":"wp","href":"https:\/\/api.w.org\/{rel}","templated":true}]}}