{"id":52584,"date":"2024-11-02T12:57:43","date_gmt":"2024-11-02T12:57:43","guid":{"rendered":"https:\/\/everx.com\/shop-2\/sin categor\u00eda\/c9-4-ex2544\/"},"modified":"2024-11-02T12:57:43","modified_gmt":"2024-11-02T12:57:43","slug":"c9-4-ex2544","status":"publish","type":"product","link":"https:\/\/everx.com\/es\/product\/c9-4-ex2544\/","title":{"rendered":"C9-4 &#8211; EX2544"},"content":{"rendered":"<p>Sonda C9-4 usada<\/p>\n<p><strong>Ancho de banda:<\/strong> 4-9 MHz<\/p>\n<p><strong>Aplicaciones:<\/strong> Aplicaciones generales en adultos peque\u00f1os y ni\u00f1os, abdominales, obst\u00e9tricos y ginecol\u00f3gicos<\/p>\n<p><strong>Compatibilidad:<\/strong> iE33, iU22, HD11 XE y HD11.<\/p>\n<p>En buen estado de funcionamiento.<\/p>\n","protected":false},"excerpt":{"rendered":"<p>Sonda C9-4 usada Ancho de banda: 4-9 MHz Aplicaciones: Aplicaciones generales en adultos peque\u00f1os y ni\u00f1os, abdominales, obst\u00e9tricos y ginecol\u00f3gicos Compatibilidad: iE33, iU22, HD11 XE y HD11. En buen estado de funcionamiento.<\/p>\n","protected":false},"featured_media":36826,"comment_status":"open","ping_status":"closed","template":"","meta":{"_acf_changed":false},"product_brand":[],"product_cat":[165],"product_tag":[238,521],"class_list":{"0":"post-52584","1":"product","2":"type-product","3":"status-publish","4":"has-post-thumbnail","6":"product_cat-probes-es","7":"product_tag-available-es","8":"product_tag-philips-es","10":"first","11":"instock","12":"shipping-taxable","13":"purchasable","14":"product-type-simple"},"acf":[],"jetpack_sharing_enabled":true,"_links":{"self":[{"href":"https:\/\/everx.com\/es\/wp-json\/wp\/v2\/product\/52584","targetHints":{"allow":["GET"]}}],"collection":[{"href":"https:\/\/everx.com\/es\/wp-json\/wp\/v2\/product"}],"about":[{"href":"https:\/\/everx.com\/es\/wp-json\/wp\/v2\/types\/product"}],"replies":[{"embeddable":true,"href":"https:\/\/everx.com\/es\/wp-json\/wp\/v2\/comments?post=52584"}],"wp:featuredmedia":[{"embeddable":true,"href":"https:\/\/everx.com\/es\/wp-json\/wp\/v2\/media\/36826"}],"wp:attachment":[{"href":"https:\/\/everx.com\/es\/wp-json\/wp\/v2\/media?parent=52584"}],"wp:term":[{"taxonomy":"product_brand","embeddable":true,"href":"https:\/\/everx.com\/es\/wp-json\/wp\/v2\/product_brand?post=52584"},{"taxonomy":"product_cat","embeddable":true,"href":"https:\/\/everx.com\/es\/wp-json\/wp\/v2\/product_cat?post=52584"},{"taxonomy":"product_tag","embeddable":true,"href":"https:\/\/everx.com\/es\/wp-json\/wp\/v2\/product_tag?post=52584"}],"curies":[{"name":"wp","href":"https:\/\/api.w.org\/{rel}","templated":true}]}}