{"id":52582,"date":"2024-11-02T12:57:43","date_gmt":"2024-11-02T02:57:43","guid":{"rendered":"https:\/\/everx.com\/shop-2\/sin categor\u00eda\/rab4-8-rs-ex2389\/"},"modified":"2024-11-02T12:57:43","modified_gmt":"2024-11-02T12:57:43","slug":"rab4-8-rs-ex2389","status":"publish","type":"product","link":"https:\/\/everx.com\/es\/product\/rab4-8-rs-ex2389\/","title":{"rendered":"RAB4-8-RS &#8211; EX2389"},"content":{"rendered":"<p>Usado RAB4-8-RS.<\/p>\n<p><strong>Aplicaciones de la sonda GE RAB4-8-RS:<\/strong><\/p>\n<ul>\n<li>Abdominal<\/li>\n<li>Obstetra\/ginec\u00f3logo<\/li>\n<li>Pedi\u00e1trica<\/li>\n<li>Urology<\/li>\n<\/ul>\n<p><strong>M\u00e1quinas de ultrasonido GE compatibles<\/strong><\/p>\n<ul>\n<li>Voluson e<\/li>\n<li>Voluson es<\/li>\n<li>Voluson S6<\/li>\n<li>Voluson S8<\/li>\n<\/ul>\n<p><strong>Frecuencia:<\/strong> 4 a 8 MHz.<\/p>\n<p>Buen estado de funcionamiento.<\/p>\n","protected":false},"excerpt":{"rendered":"<p>Usado RAB4-8-RS. Aplicaciones de la sonda GE RAB4-8-RS: Abdominal Obstetra\/ginec\u00f3logo Pedi\u00e1trica Urology M\u00e1quinas de ultrasonido GE compatibles Voluson e Voluson es Voluson S6 Voluson S8 Frecuencia: 4 a 8 MHz. Buen estado de funcionamiento.<\/p>\n","protected":false},"featured_media":36796,"comment_status":"open","ping_status":"closed","template":"","meta":{"_acf_changed":false},"product_brand":[],"product_cat":[165],"product_tag":[238,239],"class_list":{"0":"post-52582","1":"product","2":"type-product","3":"status-publish","4":"has-post-thumbnail","6":"product_cat-probes-es","7":"product_tag-available-es","8":"product_tag-ge-es","10":"first","11":"instock","12":"shipping-taxable","13":"purchasable","14":"product-type-simple"},"acf":[],"jetpack_sharing_enabled":true,"_links":{"self":[{"href":"https:\/\/everx.com\/es\/wp-json\/wp\/v2\/product\/52582","targetHints":{"allow":["GET"]}}],"collection":[{"href":"https:\/\/everx.com\/es\/wp-json\/wp\/v2\/product"}],"about":[{"href":"https:\/\/everx.com\/es\/wp-json\/wp\/v2\/types\/product"}],"replies":[{"embeddable":true,"href":"https:\/\/everx.com\/es\/wp-json\/wp\/v2\/comments?post=52582"}],"wp:featuredmedia":[{"embeddable":true,"href":"https:\/\/everx.com\/es\/wp-json\/wp\/v2\/media\/36796"}],"wp:attachment":[{"href":"https:\/\/everx.com\/es\/wp-json\/wp\/v2\/media?parent=52582"}],"wp:term":[{"taxonomy":"product_brand","embeddable":true,"href":"https:\/\/everx.com\/es\/wp-json\/wp\/v2\/product_brand?post=52582"},{"taxonomy":"product_cat","embeddable":true,"href":"https:\/\/everx.com\/es\/wp-json\/wp\/v2\/product_cat?post=52582"},{"taxonomy":"product_tag","embeddable":true,"href":"https:\/\/everx.com\/es\/wp-json\/wp\/v2\/product_tag?post=52582"}],"curies":[{"name":"wp","href":"https:\/\/api.w.org\/{rel}","templated":true}]}}