{"id":52578,"date":"2024-11-02T12:57:47","date_gmt":"2024-11-02T02:57:47","guid":{"rendered":"https:\/\/everx.com\/shop-2\/sin categor\u00eda\/4c-ex2375\/"},"modified":"2024-11-02T12:57:47","modified_gmt":"2024-11-02T12:57:47","slug":"4c-ex2375","status":"publish","type":"product","link":"https:\/\/everx.com\/es\/product\/4c-ex2375\/","title":{"rendered":"4C &#8211; EX2375"},"content":{"rendered":"<p>GE 4C de segunda mano<\/p>\n<p>Aplicaciones: Aplicaciones y ex\u00e1menes obst\u00e9tricos, ginecol\u00f3gicos (OB\/GYN), abdominales, vasculares y urol\u00f3gicos.<\/p>\n<p>Compatibilidad: Sistemas de ecograf\u00eda GE Logiq 7, GE Logiq 7 Pro, GE Logiq 9, GE Logiq P5, GE Logiq A5, GE Logiq P3, GE Logiq P6, GE Vivid 7 y GE Vivid 7 Pro.<\/p>\n<p>Buen estado de funcionamiento.<\/p>\n","protected":false},"excerpt":{"rendered":"<p>GE 4C de segunda mano Aplicaciones: Aplicaciones y ex\u00e1menes obst\u00e9tricos, ginecol\u00f3gicos (OB\/GYN), abdominales, vasculares y urol\u00f3gicos. Compatibilidad: Sistemas de ecograf\u00eda GE Logiq 7, GE Logiq 7 Pro, GE Logiq 9, GE Logiq P5, GE Logiq A5, GE Logiq P3, GE Logiq P6, GE Vivid 7 y GE Vivid 7 Pro. Buen estado de funcionamiento.<\/p>\n","protected":false},"featured_media":36543,"comment_status":"open","ping_status":"closed","template":"","meta":{"_acf_changed":false},"product_brand":[],"product_cat":[165],"product_tag":[238,239],"class_list":{"0":"post-52578","1":"product","2":"type-product","3":"status-publish","4":"has-post-thumbnail","6":"product_cat-probes-es","7":"product_tag-available-es","8":"product_tag-ge-es","10":"first","11":"instock","12":"shipping-taxable","13":"purchasable","14":"product-type-simple"},"acf":[],"jetpack_sharing_enabled":true,"_links":{"self":[{"href":"https:\/\/everx.com\/es\/wp-json\/wp\/v2\/product\/52578","targetHints":{"allow":["GET"]}}],"collection":[{"href":"https:\/\/everx.com\/es\/wp-json\/wp\/v2\/product"}],"about":[{"href":"https:\/\/everx.com\/es\/wp-json\/wp\/v2\/types\/product"}],"replies":[{"embeddable":true,"href":"https:\/\/everx.com\/es\/wp-json\/wp\/v2\/comments?post=52578"}],"wp:featuredmedia":[{"embeddable":true,"href":"https:\/\/everx.com\/es\/wp-json\/wp\/v2\/media\/36543"}],"wp:attachment":[{"href":"https:\/\/everx.com\/es\/wp-json\/wp\/v2\/media?parent=52578"}],"wp:term":[{"taxonomy":"product_brand","embeddable":true,"href":"https:\/\/everx.com\/es\/wp-json\/wp\/v2\/product_brand?post=52578"},{"taxonomy":"product_cat","embeddable":true,"href":"https:\/\/everx.com\/es\/wp-json\/wp\/v2\/product_cat?post=52578"},{"taxonomy":"product_tag","embeddable":true,"href":"https:\/\/everx.com\/es\/wp-json\/wp\/v2\/product_tag?post=52578"}],"curies":[{"name":"wp","href":"https:\/\/api.w.org\/{rel}","templated":true}]}}