{"id":52484,"date":"2024-11-02T12:56:49","date_gmt":"2024-11-02T12:56:49","guid":{"rendered":"https:\/\/everx.com\/shop-2\/sin categor\u00eda\/toshiba-aplio-500-ex3614\/"},"modified":"2024-11-02T12:56:49","modified_gmt":"2024-11-02T12:56:49","slug":"toshiba-aplio-500-ex3614","status":"publish","type":"product","link":"https:\/\/everx.com\/es\/product\/toshiba-aplio-500-ex3614\/","title":{"rendered":"Toshiba Aplio 500 EX3614"},"content":{"rendered":"<p>Ultrasonido Toshiba Aplio 500<\/p>\n<p>Fabricado: noviembre de 2014<\/p>\n<p>Ubicaci\u00f3n: Australia (EX3614)<\/p>\n<p>Versi\u00f3n del software: AB_V6.00*R002<br \/>\nOpciones de sonda: Convexa, Lineal, TVS<\/p>\n<p>Licencias: Seg\u00fan las fotos<\/p>\n","protected":false},"excerpt":{"rendered":"<p>Ultrasonido Toshiba Aplio 500 Fabricado: noviembre de 2014 Ubicaci\u00f3n: Australia (EX3614) Versi\u00f3n del software: AB_V6.00*R002 Opciones de sonda: Convexa, Lineal, TVS Licencias: Seg\u00fan las fotos<\/p>\n","protected":false},"featured_media":28059,"comment_status":"open","ping_status":"closed","template":"","meta":{"_acf_changed":false},"product_brand":[],"product_cat":[158],"product_tag":[237,519,486],"class_list":{"0":"post-52484","1":"product","2":"type-product","3":"status-publish","4":"has-post-thumbnail","6":"product_cat-ecografia","7":"product_tag-australia-es","8":"product_tag-toshiba-es","9":"product_tag-vendido","10":"pa_sku-ex3614-es","12":"first","13":"outofstock","14":"shipping-taxable","15":"purchasable","16":"product-type-simple"},"acf":[],"jetpack_sharing_enabled":true,"_links":{"self":[{"href":"https:\/\/everx.com\/es\/wp-json\/wp\/v2\/product\/52484","targetHints":{"allow":["GET"]}}],"collection":[{"href":"https:\/\/everx.com\/es\/wp-json\/wp\/v2\/product"}],"about":[{"href":"https:\/\/everx.com\/es\/wp-json\/wp\/v2\/types\/product"}],"replies":[{"embeddable":true,"href":"https:\/\/everx.com\/es\/wp-json\/wp\/v2\/comments?post=52484"}],"wp:featuredmedia":[{"embeddable":true,"href":"https:\/\/everx.com\/es\/wp-json\/wp\/v2\/media\/28059"}],"wp:attachment":[{"href":"https:\/\/everx.com\/es\/wp-json\/wp\/v2\/media?parent=52484"}],"wp:term":[{"taxonomy":"product_brand","embeddable":true,"href":"https:\/\/everx.com\/es\/wp-json\/wp\/v2\/product_brand?post=52484"},{"taxonomy":"product_cat","embeddable":true,"href":"https:\/\/everx.com\/es\/wp-json\/wp\/v2\/product_cat?post=52484"},{"taxonomy":"product_tag","embeddable":true,"href":"https:\/\/everx.com\/es\/wp-json\/wp\/v2\/product_tag?post=52484"}],"curies":[{"name":"wp","href":"https:\/\/api.w.org\/{rel}","templated":true}]}}