{"id":52370,"date":"2024-11-02T12:57:46","date_gmt":"2024-11-02T12:57:46","guid":{"rendered":"https:\/\/everx.com\/shop-2\/sin categor\u00eda\/m12l-ex2376\/"},"modified":"2024-11-02T12:57:46","modified_gmt":"2024-11-02T12:57:46","slug":"m12l-ex2376","status":"publish","type":"product","link":"https:\/\/everx.com\/es\/product\/m12l-ex2376\/","title":{"rendered":"M12L &#8211; EX2376"},"content":{"rendered":"<p>Sonda GE M12L usada<\/p>\n<p>La sonda GE M12L es un transductor de ultrasonidos de matriz lineal (Matrix) con un rango de frecuencia de 5,0-13,0 MHz.<\/p>\n<p>Aplicaciones: Piezas peque\u00f1as, aplicaciones y ex\u00e1menes vasculares, pedi\u00e1tricos y neonatales.<\/p>\n<p>Compatibilidad: GE Logiq 7, GE Logiq 7 Pro, GE Logiq 9, , GE Logiq S6, GE Vivid 7, GE Logiq 7 Pro.<\/p>\n<p>Buen estado de funcionamiento.<\/p>\n","protected":false},"excerpt":{"rendered":"<p>Sonda GE M12L usada La sonda GE M12L es un transductor de ultrasonidos de matriz lineal (Matrix) con un rango de frecuencia de 5,0-13,0 MHz. Aplicaciones: Piezas peque\u00f1as, aplicaciones y ex\u00e1menes vasculares, pedi\u00e1tricos y neonatales. Compatibilidad: GE Logiq 7, GE Logiq 7 Pro, GE Logiq 9, , GE Logiq S6, GE Vivid 7, GE Logiq [&hellip;]<\/p>\n","protected":false},"featured_media":36742,"comment_status":"open","ping_status":"closed","template":"","meta":{"_acf_changed":false},"product_brand":[],"product_cat":[165],"product_tag":[238,239],"class_list":{"0":"post-52370","1":"product","2":"type-product","3":"status-publish","4":"has-post-thumbnail","6":"product_cat-probes-es","7":"product_tag-available-es","8":"product_tag-ge-es","10":"first","11":"instock","12":"shipping-taxable","13":"purchasable","14":"product-type-simple"},"acf":[],"jetpack_sharing_enabled":true,"_links":{"self":[{"href":"https:\/\/everx.com\/es\/wp-json\/wp\/v2\/product\/52370","targetHints":{"allow":["GET"]}}],"collection":[{"href":"https:\/\/everx.com\/es\/wp-json\/wp\/v2\/product"}],"about":[{"href":"https:\/\/everx.com\/es\/wp-json\/wp\/v2\/types\/product"}],"replies":[{"embeddable":true,"href":"https:\/\/everx.com\/es\/wp-json\/wp\/v2\/comments?post=52370"}],"wp:featuredmedia":[{"embeddable":true,"href":"https:\/\/everx.com\/es\/wp-json\/wp\/v2\/media\/36742"}],"wp:attachment":[{"href":"https:\/\/everx.com\/es\/wp-json\/wp\/v2\/media?parent=52370"}],"wp:term":[{"taxonomy":"product_brand","embeddable":true,"href":"https:\/\/everx.com\/es\/wp-json\/wp\/v2\/product_brand?post=52370"},{"taxonomy":"product_cat","embeddable":true,"href":"https:\/\/everx.com\/es\/wp-json\/wp\/v2\/product_cat?post=52370"},{"taxonomy":"product_tag","embeddable":true,"href":"https:\/\/everx.com\/es\/wp-json\/wp\/v2\/product_tag?post=52370"}],"curies":[{"name":"wp","href":"https:\/\/api.w.org\/{rel}","templated":true}]}}